{"id":671,"date":"2025-12-19T10:14:43","date_gmt":"2025-12-19T09:14:43","guid":{"rendered":"https:\/\/syntaco.artneo.pl\/produkt\/nissan-5w-40-a3-b4-5l-oem-90090042\/"},"modified":"2026-03-26T09:33:36","modified_gmt":"2026-03-26T08:33:36","slug":"nissan-5w-40-a3-b4-5l-oem-90090042","status":"publish","type":"product","link":"https:\/\/syntaco.pl\/sklep\/produkt\/nissan-5w-40-a3-b4-5l-oem-90090042\/","title":{"rendered":"NISSAN 5W-40 A3\/B4 5L OEM 90090042"},"content":{"rendered":"<p>Olej silnikowy jest produktem o wszechstronnej jako\u015bci i zr\u00f3wnowa\u017conej lepko\u015bci. Zar\u00f3wno w niskich jak i wysokich temperaturach olej ten daje idelane smarowanie silnika. Mo\u017ce by\u0107 stosowany do prawie wszystkich silnik\u00f3w wysokopr\u0119\u017cnych i benzynowych innych marek.<\/p>\n","protected":false},"excerpt":{"rendered":"<p>Olej silnikowy jest produktem o wszechstronnej jako\u015bci i zr\u00f3wnowa\u017conej lepko\u015bci. Zar\u00f3wno w niskich jak i wysokich temperaturach olej ten daje idelane smarowanie silnika. Mo\u017ce by\u0107 stosowany do prawie wszystkich silnik\u00f3w wysokopr\u0119\u017cnych i benzynowych innych marek.<\/p>\n","protected":false},"featured_media":670,"template":"","meta":{"_acf_changed":false},"product_brand":[46],"product_cat":[59],"product_tag":[],"class_list":{"0":"post-671","1":"product","2":"type-product","3":"status-publish","4":"has-post-thumbnail","6":"product_brand-nissan","7":"product_cat-oleje-silnikowe","9":"first","10":"instock","11":"shipping-taxable","12":"purchasable","13":"product-type-simple"},"acf":[],"_links":{"self":[{"href":"https:\/\/syntaco.pl\/sklep\/wp-json\/wp\/v2\/product\/671","targetHints":{"allow":["GET"]}}],"collection":[{"href":"https:\/\/syntaco.pl\/sklep\/wp-json\/wp\/v2\/product"}],"about":[{"href":"https:\/\/syntaco.pl\/sklep\/wp-json\/wp\/v2\/types\/product"}],"wp:featuredmedia":[{"embeddable":true,"href":"https:\/\/syntaco.pl\/sklep\/wp-json\/wp\/v2\/media\/670"}],"wp:attachment":[{"href":"https:\/\/syntaco.pl\/sklep\/wp-json\/wp\/v2\/media?parent=671"}],"wp:term":[{"taxonomy":"product_brand","embeddable":true,"href":"https:\/\/syntaco.pl\/sklep\/wp-json\/wp\/v2\/product_brand?post=671"},{"taxonomy":"product_cat","embeddable":true,"href":"https:\/\/syntaco.pl\/sklep\/wp-json\/wp\/v2\/product_cat?post=671"},{"taxonomy":"product_tag","embeddable":true,"href":"https:\/\/syntaco.pl\/sklep\/wp-json\/wp\/v2\/product_tag?post=671"}],"curies":[{"name":"wp","href":"https:\/\/api.w.org\/{rel}","templated":true}]}}