{"id":669,"date":"2025-12-19T10:14:40","date_gmt":"2025-12-19T09:14:40","guid":{"rendered":"https:\/\/syntaco.artneo.pl\/produkt\/neste-turbo-lxe-10w-40-4l\/"},"modified":"2026-03-28T08:30:12","modified_gmt":"2026-03-28T07:30:12","slug":"neste-turbo-lxe-10w-40-4l","status":"publish","type":"product","link":"https:\/\/syntaco.pl\/sklep\/produkt\/neste-turbo-lxe-10w-40-4l\/","title":{"rendered":"Neste Turbo LXE 10W-40 4L"},"content":{"rendered":"<p>Neste Turbo LXE 10W-40 to olej do silnik\u00f3w Diesla o bardzo wysokiej wydajno\u015bci (SHPD).<br \/>\nNeste Turbo LXE 10W-40 przewy\u017csza wymagania norm API CI-4 i ACEA E7 oraz spe\u0142nia wymagania silnik\u00f3w niskoemisyjnych Euro 3, Euro 4 oraz silnik\u00f3w z EGR. Syntetyczny olej Neste Turbo LXE 10W-40 zapewnia doskona\u0142\u0105 prac\u0119 na zimno i szeroki zakres lepko\u015bci. Posiada szeroki zakres lepko\u015bci, dzi\u0119ki czemu mo\u017cna go stosowa\u0107 przez ca\u0142y rok i unika\u0107 sezonowych wymian oleju.<br \/>\nNeste Turbo LXE 10W-40 zosta\u0142 opracowany dla profesjonalist\u00f3w zajmuj\u0105cych si\u0119 samochodami ci\u0119\u017carowymi o du\u017cej \u0142adowno\u015bci. Szczeg\u00f3lnie nadaje si\u0119 do silnik\u00f3w pojazd\u00f3w ci\u0119\u017carowych i maszyn budowlanych o wyd\u0142u\u017conych okresach mi\u0119dzy wymianami oleju, mo\u017ce by\u0107 r\u00f3wnie\u017c stosowany w samochodach osobowych i dostawczych z silnikami benzynowymi lub diesla.<br \/>\nNadaje si\u0119 do uk\u0142ad\u00f3w oczyszczania spalin SCR (selektywna redukcja katalityczna) i uk\u0142ad\u00f3w EGR (recyrkulacja gaz\u00f3w spalinowych).<br \/>\nNeste Turbo LXE 10W-40 spe\u0142nia wymagania jako\u015bciowe nowoczesnych, wysoce zaawansowanych silnik\u00f3w o du\u017cej wytrzyma\u0142o\u015bci i producent\u00f3w samochod\u00f3w. Sprawd\u017a wymagania dotycz\u0105ce oleju silnikowego i okresy wymiany oleju w instrukcji obs\u0142ugi.<br \/>\nNie zalecany do silnik\u00f3w wyposa\u017conych w DPF (filtr cz\u0105stek sta\u0142ych). Stosowanie oleju ACEA E7 znacznie skraca \u017cywotno\u015b\u0107 filtra cz\u0105stek sta\u0142ych.<br \/>\nPERFORMANCE CLAIMS<br \/>\nAPI CI-4, CH-4, CG-4, CF-4\/SL<br \/>\nACEA E7\/E5\/E2<br \/>\nGlobal DHD-1<br \/>\nJASO DH-1<br \/>\nCaterpillar ECF-2, ECF-1-a<br \/>\nCummins CES 20078, CES 20077, CES 20076<br \/>\nDeutz DQC III-10<br \/>\nMAN M 3275<br \/>\nMTU Type 2<br \/>\nRenault VI RLD<br \/>\nVolvo VDS-2<br \/>\nAPPROVALS<br \/>\nMack EO-N<br \/>\nMB-Approval 228.3<br \/>\nRenault VI RLD-2<br \/>\nVolvo VDS-3<\/p>\n","protected":false},"excerpt":{"rendered":"<p>Neste Turbo LXE 10W-40 to olej do silnik\u00f3w Diesla o bardzo wysokiej wydajno\u015bci (SHPD). Neste Turbo LXE 10W-40 przewy\u017csza wymagania norm API CI-4 i ACEA E7 oraz spe\u0142nia wymagania silnik\u00f3w niskoemisyjnych Euro 3, Euro 4 oraz silnik\u00f3w z EGR. Syntetyczny olej Neste Turbo LXE 10W-40 zapewnia doskona\u0142\u0105 prac\u0119 na zimno i szeroki zakres lepko\u015bci. Posiada [&hellip;]<\/p>\n","protected":false},"featured_media":668,"template":"","meta":{"_acf_changed":false},"product_brand":[44],"product_cat":[59],"product_tag":[],"class_list":{"0":"post-669","1":"product","2":"type-product","3":"status-publish","4":"has-post-thumbnail","6":"product_brand-neste","7":"product_cat-oleje-silnikowe","9":"first","10":"instock","11":"shipping-taxable","12":"purchasable","13":"product-type-simple"},"acf":[],"_links":{"self":[{"href":"https:\/\/syntaco.pl\/sklep\/wp-json\/wp\/v2\/product\/669","targetHints":{"allow":["GET"]}}],"collection":[{"href":"https:\/\/syntaco.pl\/sklep\/wp-json\/wp\/v2\/product"}],"about":[{"href":"https:\/\/syntaco.pl\/sklep\/wp-json\/wp\/v2\/types\/product"}],"wp:featuredmedia":[{"embeddable":true,"href":"https:\/\/syntaco.pl\/sklep\/wp-json\/wp\/v2\/media\/668"}],"wp:attachment":[{"href":"https:\/\/syntaco.pl\/sklep\/wp-json\/wp\/v2\/media?parent=669"}],"wp:term":[{"taxonomy":"product_brand","embeddable":true,"href":"https:\/\/syntaco.pl\/sklep\/wp-json\/wp\/v2\/product_brand?post=669"},{"taxonomy":"product_cat","embeddable":true,"href":"https:\/\/syntaco.pl\/sklep\/wp-json\/wp\/v2\/product_cat?post=669"},{"taxonomy":"product_tag","embeddable":true,"href":"https:\/\/syntaco.pl\/sklep\/wp-json\/wp\/v2\/product_tag?post=669"}],"curies":[{"name":"wp","href":"https:\/\/api.w.org\/{rel}","templated":true}]}}