{"id":651,"date":"2025-12-19T10:14:26","date_gmt":"2025-12-19T09:14:26","guid":{"rendered":"https:\/\/syntaco.artneo.pl\/produkt\/neste-premium-a3-b4-5w-40-4l\/"},"modified":"2026-03-28T08:30:06","modified_gmt":"2026-03-28T07:30:06","slug":"neste-premium-a3-b4-5w-40-4l","status":"publish","type":"product","link":"https:\/\/syntaco.pl\/sklep\/produkt\/neste-premium-a3-b4-5w-40-4l\/","title":{"rendered":"Neste Premium A3\/B4 5W-40 4L"},"content":{"rendered":"<p>Neste Premium A3\/B4 5W-40 to wysokiej jako\u015bci syntetyczny olej silnikowy zapewniaj\u0105cy kompleksow\u0105 ochron\u0119 silnika. Przekracza kryteria wydajno\u015bci ameryka\u0144skich standard\u00f3w API SN i europejskich standard\u00f3w ACEA A3\/B4. Przekracza tak\u017ce wymagania wielu producent\u00f3w oryginalnego sprz\u0119tu (OEM), zapewniaj\u0105c wysok\u0105 wydajno\u015b\u0107 w samochodach osobowych i lekkich zastosowaniach.<br \/>\nDOSKONA\u0141A OCHRONA SILNIKA PRZED ZU\u017bYCIEM<br \/>\nNeste Premium A3\/B4 5W-40 skutecznie chroni silnik przed zu\u017cyciem nawet przy wysokich temperaturach i obci\u0105\u017ceniach. Tworzy niezwykle skuteczn\u0105 warstw\u0119 ochronn\u0105 na powierzchniach silnika. Osi\u0105ga si\u0119 to dzi\u0119ki po\u0142\u0105czeniu du\u017cej ilo\u015bci starannie dobranych dodatk\u00f3w przeciwzu\u017cyciowych i grubej warstwy smarnej.<br \/>\nCZYSZCZY SILNIK Z OSAD\u00d3W I ZAPOBIEGA DALSZEMU POWSTANIU OSAD\u00d3W<br \/>\nWysoka ilo\u015b\u0107 dodatk\u00f3w detergentowych zapewnia skuteczne dostarczanie TBN w celu neutralizacji kwas\u00f3w, oczyszcza wewn\u0119trzne cz\u0119\u015bci silnika z osad\u00f3w i utrzymuje silnik w czysto\u015bci tworz\u0105c film ochronny na powierzchniach silnika. Pomaga to zapobiega\u0107 korozji silnika i pomaga wyd\u0142u\u017cy\u0107 okresy mi\u0119dzy wymianami oleju.<br \/>\nWYD\u0141U\u017bONY OKRES WYMIAN<br \/>\nJest produkowany na bazie wysokiej jako\u015bci olej\u00f3w bazowych o dobrych w\u0142a\u015bciwo\u015bciach antyoksydacyjnych i technologii Full SAPS, kt\u00f3ra zapewnia wyd\u0142u\u017cone okresy mi\u0119dzy wymianami. (zawsze sprawd\u017a zakres okres\u00f3w mi\u0119dzy wymianami w instrukcji obs\u0142ugi samochodu).<br \/>\nDOSKONA\u0141Y STOSUNEK CENY DO WYDAJNO\u015aCI<br \/>\nNeste Premium A3\/B4 5W-40 charakteryzuje si\u0119 bardzo dobrym stosunkiem ceny do wydajno\u015bci. Jest to doskona\u0142a opcja dla starszych silnik\u00f3w i silnik\u00f3w wymagaj\u0105cych olej\u00f3w silnikowych zgodnych ze specyfikacjami OEM poprzedniej generacji. Niemniej jednak jest to bardzo dobra opcja r\u00f3wnie\u017c w przypadku nowych silnik\u00f3w, poniewa\u017c jej osi\u0105gi znacznie przekraczaj\u0105 wymagania norm bran\u017cowych.<br \/>\nDOSKONA\u0141E SMAROWANIE SILNIKA W ZIMNYCH I GOR\u0104CYCH TEMPERATURACH<br \/>\nCharakteryzuje si\u0119 bardzo dobr\u0105 stabilno\u015bci\u0105 temperaturow\u0105, co umo\u017cliwia \u0142atwy rozruch zimnego silnika i skuteczn\u0105 ochron\u0119 silnika w wysokich temperaturach.<br \/>\nCECHY I ZALETY<br \/>\n&#8211; Dobra wydajno\u015b\u0107 zimnego startu<br \/>\n&#8211; Kompleksowa ochrona silnika<br \/>\n&#8211; D\u0142ugie okresy mi\u0119dzy wymianami<br \/>\nNeste Premium A3\/B4 5W-40 zalecany jest do ca\u0142orocznej eksploatacji zar\u00f3wno w silnikach benzynowych, wysokopr\u0119\u017cnych, jak i z turbodo\u0142adowaniem. Szczeg\u00f3lnie nadaje si\u0119 do starszych samochod\u00f3w osobowych marek Mercedes Benz, Renault i VAG oraz silnik\u00f3w pojazd\u00f3w lekkich. Prosz\u0119 sprawdzi\u0107 przydatno\u015b\u0107 silnika samochodu zgodnie z deklaracjami wydajno\u015bci i atestami zawartymi w tej karcie katalogowej produktu.<br \/>\nNadaje si\u0119 do wielu europejskich, p\u00f3\u0142nocnoameryka\u0144skich i azjatyckich samochod\u00f3w osobowych OEM i pojazd\u00f3w lekkich. Jego zalety s\u0105 szczeg\u00f3lnie widoczne zim\u0105, gdy silniki uruchamiane s\u0105 w skrajnie niskich temperaturach bez dogrzewaczy pomocniczych, a tak\u017ce latem, gdy wysokie temperatury oleju mog\u0105 powodowa\u0107 jego nadmierne zu\u017cycie w przypadku stosowania ni\u017cszych klas lepko\u015bci.<br \/>\nNie zalecany do samochod\u00f3w wyposa\u017conych w uk\u0142ad oczyszczania spalin.<br \/>\nPERFORMANCE CLAIMS<br \/>\nAPI SN, SM, SL, SJ\/CF<br \/>\nACEA A3\/B4<br \/>\nFiat 9.55535.N2, 9.55535.Z2<br \/>\nGM-LL-A-025, GM-LL-B-025<br \/>\nMB 229.3<br \/>\nPorsche A40<br \/>\nRenault RN 0700 \/ RN 0710<br \/>\nVW 502 00 \/ 505 00<\/p>\n","protected":false},"excerpt":{"rendered":"<p>Neste Premium A3\/B4 5W-40 to wysokiej jako\u015bci syntetyczny olej silnikowy zapewniaj\u0105cy kompleksow\u0105 ochron\u0119 silnika. Przekracza kryteria wydajno\u015bci ameryka\u0144skich standard\u00f3w API SN i europejskich standard\u00f3w ACEA A3\/B4. Przekracza tak\u017ce wymagania wielu producent\u00f3w oryginalnego sprz\u0119tu (OEM), zapewniaj\u0105c wysok\u0105 wydajno\u015b\u0107 w samochodach osobowych i lekkich zastosowaniach. DOSKONA\u0141A OCHRONA SILNIKA PRZED ZU\u017bYCIEM Neste Premium A3\/B4 5W-40 skutecznie chroni silnik [&hellip;]<\/p>\n","protected":false},"featured_media":650,"template":"","meta":{"_acf_changed":false},"product_brand":[44],"product_cat":[59],"product_tag":[],"class_list":{"0":"post-651","1":"product","2":"type-product","3":"status-publish","4":"has-post-thumbnail","6":"product_brand-neste","7":"product_cat-oleje-silnikowe","9":"first","10":"instock","11":"shipping-taxable","12":"purchasable","13":"product-type-simple"},"acf":[],"_links":{"self":[{"href":"https:\/\/syntaco.pl\/sklep\/wp-json\/wp\/v2\/product\/651","targetHints":{"allow":["GET"]}}],"collection":[{"href":"https:\/\/syntaco.pl\/sklep\/wp-json\/wp\/v2\/product"}],"about":[{"href":"https:\/\/syntaco.pl\/sklep\/wp-json\/wp\/v2\/types\/product"}],"wp:featuredmedia":[{"embeddable":true,"href":"https:\/\/syntaco.pl\/sklep\/wp-json\/wp\/v2\/media\/650"}],"wp:attachment":[{"href":"https:\/\/syntaco.pl\/sklep\/wp-json\/wp\/v2\/media?parent=651"}],"wp:term":[{"taxonomy":"product_brand","embeddable":true,"href":"https:\/\/syntaco.pl\/sklep\/wp-json\/wp\/v2\/product_brand?post=651"},{"taxonomy":"product_cat","embeddable":true,"href":"https:\/\/syntaco.pl\/sklep\/wp-json\/wp\/v2\/product_cat?post=651"},{"taxonomy":"product_tag","embeddable":true,"href":"https:\/\/syntaco.pl\/sklep\/wp-json\/wp\/v2\/product_tag?post=651"}],"curies":[{"name":"wp","href":"https:\/\/api.w.org\/{rel}","templated":true}]}}