{"id":649,"date":"2025-12-19T10:14:25","date_gmt":"2025-12-19T09:14:25","guid":{"rendered":"https:\/\/syntaco.artneo.pl\/produkt\/neste-pro-fe-0w-30-4l\/"},"modified":"2026-03-28T08:30:05","modified_gmt":"2026-03-28T07:30:05","slug":"neste-pro-fe-0w-30-4l","status":"publish","type":"product","link":"https:\/\/syntaco.pl\/sklep\/produkt\/neste-pro-fe-0w-30-4l\/","title":{"rendered":"Neste Pro+ FE 0W-30 4L"},"content":{"rendered":"<p>Neste Pro+ FE 0W-30 to najwy\u017cszej klasy w pe\u0142ni syntetyczny olej silnikowy o niskiej lepko\u015bci zapewniaj\u0105cy oszcz\u0119dno\u015b\u0107 paliwa. Neste Pro+ FE 0W-30 przekracza kryteria wydajno\u015bci okre\u015blone w normach ACEA A5\/B5, API SP i ILSAC GF-6A.<br \/>\nZosta\u0142 opracowany specjalnie jako olej silnikowy oszcz\u0119dzaj\u0105cy energi\u0119. Jako olej silnikowy o niskiej lepko\u015bci i niskim tarciu wewn\u0119trznym znacznie zmniejszy zu\u017cycie paliwa, a tym samym zmniejszy emisj\u0119 spalin.<br \/>\nPosiada bardzo wysoki wska\u017anik lepko\u015bci, co pozwala na stosowanie oleju silnikowego w bardzo szerokim zakresie temperatur. Neste Pro+ FE 0W-30 ma bardzo nisk\u0105 temperatur\u0119 p\u0142yni\u0119cia, co u\u0142atwia rozruch na zimno nawet w bardzo niskich temperaturach oraz utrzymuje odpowiednie w\u0142a\u015bciwo\u015bci smarne i ochron\u0119 silnika, dop\u00f3ki silnik nie osi\u0105gnie temperatury roboczej.<br \/>\nStarannie dobrane dodatki oczyszczaj\u0105 silnik z osad\u00f3w i skutecznie chroni\u0105 silnik przed zu\u017cyciem.<br \/>\nNeste Pro+ FE 0W-30 jest szczeg\u00f3lnie odpowiedni do nowoczesnych silnik\u00f3w, kt\u00f3re wymagaj\u0105 olej\u00f3w silnikowych o niskiej lepko\u015bci w celu oszcz\u0119dzania energii. Nadaje si\u0119 do silnik\u00f3w Euro 5 i Euro 6 w europejskich, p\u00f3\u0142nocnoameryka\u0144skich i azjatyckich samochodach osobowych i dostawczych. Specjalnie do silnik\u00f3w Mercedes Benz, BMW, Ford i KIA.<br \/>\nNadaje si\u0119 r\u00f3wnie\u017c do silnik\u00f3w zasilanych LPG i CNG. Zawsze sprawdzaj instrukcj\u0119 obs\u0142ugi.<br \/>\nNormy i aprobaty:<br \/>\nAPI SP-RC, SP, SN PLUS, SN, SM, SL<br \/>\nACEA C2, ACEA A5\/B5<br \/>\nILSAC GF-6A\/GF-5\/GF-4\/GF-3<br \/>\nFord WSS-M2C950-A<br \/>\nBMW Longlife-12 FE (pending)<br \/>\nDTFR 15D100 (MB-227.61)<br \/>\nFord WSS-M2C950-A<br \/>\nMB-Approval 229.61<\/p>\n","protected":false},"excerpt":{"rendered":"<p>Neste Pro+ FE 0W-30 to najwy\u017cszej klasy w pe\u0142ni syntetyczny olej silnikowy o niskiej lepko\u015bci zapewniaj\u0105cy oszcz\u0119dno\u015b\u0107 paliwa. Neste Pro+ FE 0W-30 przekracza kryteria wydajno\u015bci okre\u015blone w normach ACEA A5\/B5, API SP i ILSAC GF-6A. Zosta\u0142 opracowany specjalnie jako olej silnikowy oszcz\u0119dzaj\u0105cy energi\u0119. Jako olej silnikowy o niskiej lepko\u015bci i niskim tarciu wewn\u0119trznym znacznie zmniejszy [&hellip;]<\/p>\n","protected":false},"featured_media":648,"template":"","meta":{"_acf_changed":false},"product_brand":[44],"product_cat":[59],"product_tag":[],"class_list":{"0":"post-649","1":"product","2":"type-product","3":"status-publish","4":"has-post-thumbnail","6":"product_brand-neste","7":"product_cat-oleje-silnikowe","9":"first","10":"instock","11":"shipping-taxable","12":"purchasable","13":"product-type-simple"},"acf":[],"_links":{"self":[{"href":"https:\/\/syntaco.pl\/sklep\/wp-json\/wp\/v2\/product\/649","targetHints":{"allow":["GET"]}}],"collection":[{"href":"https:\/\/syntaco.pl\/sklep\/wp-json\/wp\/v2\/product"}],"about":[{"href":"https:\/\/syntaco.pl\/sklep\/wp-json\/wp\/v2\/types\/product"}],"wp:featuredmedia":[{"embeddable":true,"href":"https:\/\/syntaco.pl\/sklep\/wp-json\/wp\/v2\/media\/648"}],"wp:attachment":[{"href":"https:\/\/syntaco.pl\/sklep\/wp-json\/wp\/v2\/media?parent=649"}],"wp:term":[{"taxonomy":"product_brand","embeddable":true,"href":"https:\/\/syntaco.pl\/sklep\/wp-json\/wp\/v2\/product_brand?post=649"},{"taxonomy":"product_cat","embeddable":true,"href":"https:\/\/syntaco.pl\/sklep\/wp-json\/wp\/v2\/product_cat?post=649"},{"taxonomy":"product_tag","embeddable":true,"href":"https:\/\/syntaco.pl\/sklep\/wp-json\/wp\/v2\/product_tag?post=649"}],"curies":[{"name":"wp","href":"https:\/\/api.w.org\/{rel}","templated":true}]}}