{"id":647,"date":"2025-12-19T10:14:23","date_gmt":"2025-12-19T09:14:23","guid":{"rendered":"https:\/\/syntaco.artneo.pl\/produkt\/neste-pro-m-0w-20-1l\/"},"modified":"2026-03-28T08:30:05","modified_gmt":"2026-03-28T07:30:05","slug":"neste-pro-m-0w-20-1l","status":"publish","type":"product","link":"https:\/\/syntaco.pl\/sklep\/produkt\/neste-pro-m-0w-20-1l\/","title":{"rendered":"Neste Pro+ M 0W-20 1L"},"content":{"rendered":"<p>Neste Pro+ M 0W-20 to w pe\u0142ni syntetyczny olej silnikowy nowej generacji o niskiej lepko\u015bci i niskiej zawarto\u015bci popio\u0142u, zapewniaj\u0105cy d\u0142u\u017csze okresy mi\u0119dzy wymianami oleju. Neste Pro+ M 0W-20 przekracza kryteria wydajno\u015bci norm API SP, SN PLUS, SN-RC, SN, SM, SL, SJ i ACEA C5. Przekracza tak\u017ce wymagania wielu producent\u00f3w oryginalnego sprz\u0119tu (OEM) dotycz\u0105ce oleju o niskiej lepko\u015bci, zapewniaj\u0105c wysok\u0105 wydajno\u015b\u0107 w zastosowaniach w samochodach osobowych.<br \/>\nNeste Pro+ M 0W-20 spe\u0142nia najnowsze specyfikacje API SP i ILSAC GF-6A, co zapewnia lepsz\u0105 ochron\u0119 przed przedwczesnym zap\u0142onem przy niskich pr\u0119dko\u015bciach (LSPI), ochron\u0119 przed zu\u017cyciem \u0142a\u0144cucha rozrz\u0105du, lepsz\u0105 ochron\u0119 przed osadami w wysokiej temperaturze na t\u0142okach i turbospr\u0119\u017carkach, bardziej rygorystyczne osady i kontroli lakieru, lepsz\u0105 oszcz\u0119dno\u015b\u0107 paliwa i lepsz\u0105 ochron\u0119 uk\u0142adu kontroli emisji.<br \/>\nMa nisk\u0105 temperatur\u0119 p\u0142yni\u0119cia, co u\u0142atwia rozruch na zimno nawet w bardzo niskich temperaturach i utrzymuje odpowiednie w\u0142a\u015bciwo\u015bci smarne i ochron\u0119 silnika, dop\u00f3ki silnik nie osi\u0105gnie temperatury roboczej.<br \/>\nNeste Pro+ M 0W-20 zosta\u0142 specjalnie opracowany jako olej silnikowy zapewniaj\u0105cy oszcz\u0119dno\u015b\u0107 paliwa. Jako olej silnikowy o niskiej lepko\u015bci HTHS (wysokotemperaturowe i wysokie \u015bcinanie) o niskim tarciu wewn\u0119trznym, znacznie zmniejszy zu\u017cycie paliwa, a tym samym zmniejszy emisj\u0119 spalin. Jako olej silnikowy o niskiej zawarto\u015bci SAPS (popi\u00f3\u0142 siarczanowy, fosfor i siarka) jeszcze bardziej obni\u017cy poziom emisji i pomo\u017ce utrzyma\u0107 trwa\u0142o\u015b\u0107 system\u00f3w kontroli emisji urz\u0105dze\u0144, w kt\u00f3rych stosowane s\u0105 filtry cz\u0105stek sta\u0142ych i inne zaawansowane systemy oczyszczania spalin.<br \/>\nStarannie dobrane dodatki zawarte w oleju silnikowym oczyszczaj\u0105 silnik z osad\u00f3w i znacz\u0105co ograniczaj\u0105 ich dalsze powstawanie, utrzymuj\u0105c w ten spos\u00f3b silnik w czysto\u015bci. Dodatkowe zapobieganie tworzeniu si\u0119 kwas\u00f3w zapobiega korozji silnika i przed\u0142u\u017ca jego \u017cywotno\u015b\u0107.<br \/>\nNeste Pro+ M 0W-20 posiada wyj\u0105tkowo skuteczne i starannie dobrane dodatki przeciwzu\u017cyciowe, co jest bardzo wa\u017cne w przypadku olej\u00f3w silnikowych o niskiej lepko\u015bci, poniewa\u017c olej silnikowy musi chroni\u0107 silnik przed zu\u017cyciem podczas wszystkich okres\u00f3w mi\u0119dzy wymianami.<br \/>\nNeste Pro + M 0W-20 przeznaczony jest do nowych silnik\u00f3w benzynowych i wysokopr\u0119\u017cnych samochod\u00f3w osobowych i lekkich pojazd\u00f3w u\u017cytkowych, wymagaj\u0105cych klasy lepko\u015bci SAE 0W-20. Dodatki o niskiej zawarto\u015bci popio\u0142u zosta\u0142y zaprojektowane tak, aby wsp\u00f3\u0142dzia\u0142a\u0107 zar\u00f3wno z filtrami cz\u0105stek sta\u0142ych silnik\u00f3w Diesla, jak i katalizatorami benzynowymi.<br \/>\nNeste Pro+M 0W-20 nadaje si\u0119 r\u00f3wnie\u017c do stosowania z biopaliwami, je\u015bli ich stosowanie zosta\u0142o dopuszczone przez producenta samochodu.<br \/>\nSzczeg\u00f3lnie zaleca si\u0119 stosowanie Neste Pro + M 0W-20 do nowych silnik\u00f3w BMW i Mercedes Benz, kt\u00f3re wymagaj\u0105 oleju o niskiej lepko\u015bci w celu oszcz\u0119dno\u015bci paliwa.<br \/>\nNormy i aprobaty:<br \/>\nAPI SP-RC, SP, SN PLUS, SN, SM, SL<br \/>\nACEA C6, C5<br \/>\nILSAC GF-6A\/GF-5\/GF-4\/GF-3<br \/>\nBMW Longlife-14 FE+<br \/>\nChrysler MS 12145<br \/>\nFiat 9.55535-GSX<br \/>\nFord WSS-M2C947-B1<br \/>\nFord WSS-M2C962-A1<br \/>\nGM dexos2 Gen2<br \/>\nGM dexos D<br \/>\nGMW18006<br \/>\nOpel OV0401547-A20<br \/>\nOpel OVEO DG<br \/>\nSTJLR.03.5006<br \/>\nBMW Longlife-17 FE+<br \/>\nMB-Approval 229.71<br \/>\nMB-Approval 229.72<br \/>\nOpel OV0401547 (pending)<\/p>\n","protected":false},"excerpt":{"rendered":"<p>Neste Pro+ M 0W-20 to w pe\u0142ni syntetyczny olej silnikowy nowej generacji o niskiej lepko\u015bci i niskiej zawarto\u015bci popio\u0142u, zapewniaj\u0105cy d\u0142u\u017csze okresy mi\u0119dzy wymianami oleju. Neste Pro+ M 0W-20 przekracza kryteria wydajno\u015bci norm API SP, SN PLUS, SN-RC, SN, SM, SL, SJ i ACEA C5. Przekracza tak\u017ce wymagania wielu producent\u00f3w oryginalnego sprz\u0119tu (OEM) dotycz\u0105ce oleju [&hellip;]<\/p>\n","protected":false},"featured_media":646,"template":"","meta":{"_acf_changed":false},"product_brand":[44],"product_cat":[59],"product_tag":[],"class_list":{"0":"post-647","1":"product","2":"type-product","3":"status-publish","4":"has-post-thumbnail","6":"product_brand-neste","7":"product_cat-oleje-silnikowe","9":"first","10":"instock","11":"shipping-taxable","12":"purchasable","13":"product-type-simple"},"acf":[],"_links":{"self":[{"href":"https:\/\/syntaco.pl\/sklep\/wp-json\/wp\/v2\/product\/647","targetHints":{"allow":["GET"]}}],"collection":[{"href":"https:\/\/syntaco.pl\/sklep\/wp-json\/wp\/v2\/product"}],"about":[{"href":"https:\/\/syntaco.pl\/sklep\/wp-json\/wp\/v2\/types\/product"}],"wp:featuredmedia":[{"embeddable":true,"href":"https:\/\/syntaco.pl\/sklep\/wp-json\/wp\/v2\/media\/646"}],"wp:attachment":[{"href":"https:\/\/syntaco.pl\/sklep\/wp-json\/wp\/v2\/media?parent=647"}],"wp:term":[{"taxonomy":"product_brand","embeddable":true,"href":"https:\/\/syntaco.pl\/sklep\/wp-json\/wp\/v2\/product_brand?post=647"},{"taxonomy":"product_cat","embeddable":true,"href":"https:\/\/syntaco.pl\/sklep\/wp-json\/wp\/v2\/product_cat?post=647"},{"taxonomy":"product_tag","embeddable":true,"href":"https:\/\/syntaco.pl\/sklep\/wp-json\/wp\/v2\/product_tag?post=647"}],"curies":[{"name":"wp","href":"https:\/\/api.w.org\/{rel}","templated":true}]}}