{"id":645,"date":"2025-12-19T10:14:21","date_gmt":"2025-12-19T09:14:21","guid":{"rendered":"https:\/\/syntaco.artneo.pl\/produkt\/neste-pro-0w-30-4l\/"},"modified":"2026-03-28T08:30:04","modified_gmt":"2026-03-28T07:30:04","slug":"neste-pro-0w-30-4l","status":"publish","type":"product","link":"https:\/\/syntaco.pl\/sklep\/produkt\/neste-pro-0w-30-4l\/","title":{"rendered":"Neste Pro+ 0W-30 4L"},"content":{"rendered":"<p>Neste Pro+ 0W-30 to w pe\u0142ni syntetyczny, wysokowydajny olej silnikowy oszcz\u0119dzaj\u0105cy paliwo. Przekracza kryteria wydajno\u015bciowe standard\u00f3w API SP i ACEA A5\/B5. Przekracza tak\u017ce wymagania producent\u00f3w oryginalnego sprz\u0119tu (OEM), zapewniaj\u0105c wysok\u0105 wydajno\u015b\u0107 w zastosowaniach w samochodach osobowych i dostawczych.<br \/>\nZosta\u0142 opracowany specjalnie jako olej oszcz\u0119dzaj\u0105cy paliwo przy d\u0142ugich okresach mi\u0119dzy wymianami. Jako olej silnikowy ACEA A5\/B5 ma za zadanie oszcz\u0119dza\u0107 paliwo. Niska lepko\u015b\u0107 HTHS (wysoka temperatura i wysokie \u015bcinanie) zmniejsza tarcie wewn\u0119trzne, zmniejszaj\u0105c w ten spos\u00f3b zu\u017cycie paliwa i emisj\u0119 spalin<br \/>\nMa bardzo nisk\u0105 temperatur\u0119 p\u0142yni\u0119cia, co u\u0142atwia rozruch na zimno nawet w bardzo niskich temperaturach i utrzymuje odpowiednie w\u0142a\u015bciwo\u015bci smarne i ochron\u0119 silnika, dop\u00f3ki silnik nie osi\u0105gnie temperatury roboczej.<br \/>\nNeste Pro+ 0W-30 przeznaczony jest do d\u0142ugich okres\u00f3w mi\u0119dzy wymianami. Najwy\u017cszej jako\u015bci olej bazowy w po\u0142\u0105czeniu z najwy\u017cszej klasy dodatkami pozwala na jego eksploatacj\u0119 a\u017c do 30 000 km lub 1 roku (zawsze sprawdzaj zalecenia producenta w instrukcji obs\u0142ugi).<br \/>\nNeste Pro+ 0W-30 to w\u0142a\u015bciwy wyb\u00f3r do samochod\u00f3w o du\u017cym przebiegu, poniewa\u017c zapewnia trwa\u0142y film smarny, dobr\u0105 czysto\u015b\u0107 silnika i wysoki stopie\u0144 ochrony przed zu\u017cyciem.<br \/>\nNeste Pro+ 0W-30 nadaje si\u0119 do starszych silnik\u00f3w, kt\u00f3re wymagaj\u0105 oleju silnikowego w celu oszcz\u0119dzania paliwa. Szczeg\u00f3lnie odpowiedni do silnik\u00f3w MB, Renault i BMW oraz do 5-cylindrowych silnik\u00f3w Volvo, gdzie preferowane s\u0105 oleje silnikowe typu full SAPS (popi\u00f3\u0142 siarczanowy, fosfor i siarka).<br \/>\nNadaje si\u0119 r\u00f3wnie\u017c do silnik\u00f3w benzynowych, diesla i LPG, kt\u00f3re s\u0105 zaprojektowane z my\u015bl\u0105 o niskim tarciu i wymagaj\u0105 oleju silnikowego o niskiej lepko\u015bci oraz do samochod\u00f3w Renault, Citro\u00ebn i Peugeot, gdy wymagane s\u0105 standardy ACEA A5\/B5 lub API SP, SN PLUS, SN, SM, SL .<br \/>\nNorma i aprobaty:<br \/>\nAPI SP, SN PLUS, SN, SM, SL<br \/>\nACEA A5\/B5<br \/>\nBMW Longlife-01 FE<br \/>\nMB-Approval 229.6<br \/>\nRenault RN0700<br \/>\nVolvo VCC95200377<\/p>\n","protected":false},"excerpt":{"rendered":"<p>Neste Pro+ 0W-30 to w pe\u0142ni syntetyczny, wysokowydajny olej silnikowy oszcz\u0119dzaj\u0105cy paliwo. Przekracza kryteria wydajno\u015bciowe standard\u00f3w API SP i ACEA A5\/B5. Przekracza tak\u017ce wymagania producent\u00f3w oryginalnego sprz\u0119tu (OEM), zapewniaj\u0105c wysok\u0105 wydajno\u015b\u0107 w zastosowaniach w samochodach osobowych i dostawczych. Zosta\u0142 opracowany specjalnie jako olej oszcz\u0119dzaj\u0105cy paliwo przy d\u0142ugich okresach mi\u0119dzy wymianami. Jako olej silnikowy ACEA A5\/B5 [&hellip;]<\/p>\n","protected":false},"featured_media":644,"template":"","meta":{"_acf_changed":false},"product_brand":[44],"product_cat":[59],"product_tag":[],"class_list":{"0":"post-645","1":"product","2":"type-product","3":"status-publish","4":"has-post-thumbnail","6":"product_brand-neste","7":"product_cat-oleje-silnikowe","9":"first","10":"instock","11":"shipping-taxable","12":"purchasable","13":"product-type-simple"},"acf":[],"_links":{"self":[{"href":"https:\/\/syntaco.pl\/sklep\/wp-json\/wp\/v2\/product\/645","targetHints":{"allow":["GET"]}}],"collection":[{"href":"https:\/\/syntaco.pl\/sklep\/wp-json\/wp\/v2\/product"}],"about":[{"href":"https:\/\/syntaco.pl\/sklep\/wp-json\/wp\/v2\/types\/product"}],"wp:featuredmedia":[{"embeddable":true,"href":"https:\/\/syntaco.pl\/sklep\/wp-json\/wp\/v2\/media\/644"}],"wp:attachment":[{"href":"https:\/\/syntaco.pl\/sklep\/wp-json\/wp\/v2\/media?parent=645"}],"wp:term":[{"taxonomy":"product_brand","embeddable":true,"href":"https:\/\/syntaco.pl\/sklep\/wp-json\/wp\/v2\/product_brand?post=645"},{"taxonomy":"product_cat","embeddable":true,"href":"https:\/\/syntaco.pl\/sklep\/wp-json\/wp\/v2\/product_cat?post=645"},{"taxonomy":"product_tag","embeddable":true,"href":"https:\/\/syntaco.pl\/sklep\/wp-json\/wp\/v2\/product_tag?post=645"}],"curies":[{"name":"wp","href":"https:\/\/api.w.org\/{rel}","templated":true}]}}