{"id":641,"date":"2025-12-19T10:14:18","date_gmt":"2025-12-19T09:14:18","guid":{"rendered":"https:\/\/syntaco.artneo.pl\/produkt\/neste-pro-v-0w-20-4l\/"},"modified":"2026-03-28T08:30:03","modified_gmt":"2026-03-28T07:30:03","slug":"neste-pro-v-0w-20-4l","status":"publish","type":"product","link":"https:\/\/syntaco.pl\/sklep\/produkt\/neste-pro-v-0w-20-4l\/","title":{"rendered":"Neste Pro+ V 0W-20 4L"},"content":{"rendered":"<p>Neste Pro + M 0W-20 przeznaczony jest do nowych silnik\u00f3w benzynowych i wysokopr\u0119\u017cnych samochod\u00f3w osobowych i lekkich pojazd\u00f3w u\u017cytkowych, wymagaj\u0105cych klasy lepko\u015bci SAE 0W-20. Dodatki o niskiej zawarto\u015bci popio\u0142u zosta\u0142y zaprojektowane tak, aby wsp\u00f3\u0142dzia\u0142a\u0107 zar\u00f3wno z filtrami cz\u0105stek sta\u0142ych silnik\u00f3w Diesla, jak i katalizatorami benzynowymi.<br \/>\nNeste Pro+M 0W-20 nadaje si\u0119 r\u00f3wnie\u017c do stosowania z biopaliwami, je\u015bli ich stosowanie zosta\u0142o dopuszczone przez producenta samochodu.<br \/>\nSzczeg\u00f3lnie zaleca si\u0119 stosowanie Neste Pro + M 0W-20 do nowych silnik\u00f3w BMW i Mercedes Benz, kt\u00f3re wymagaj\u0105 oleju o niskiej lepko\u015bci w celu oszcz\u0119dno\u015bci paliwa.<br \/>\nNeste Pro+ V 0W-20 zosta\u0142 opracowany specjalnie do samochod\u00f3w osobowych Volvo, gdzie wymagany jest olej SAE 0W-20 o niskiej lepko\u015bci. Nadaje si\u0119 szczeg\u00f3lnie do samochod\u00f3w hybrydowych, w kt\u00f3rych wa\u017cna jest oszcz\u0119dno\u015b\u0107 paliwa i redukcja emisji CO2.<br \/>\nSprawd\u017a instrukcj\u0119 obs\u0142ugi producenta samochodu.<br \/>\nMo\u017cna r\u00f3wnie\u017c zastosowa\u0107 Neste Pro+ V 0W-20, gdy wymagania ACEA A1\/B1 s\u0105 przestarza\u0142e. R\u00f3wnie\u017c do silnik\u00f3w zasilanych LPG.<br \/>\nNormy i aprobaty:<br \/>\nACEA C5<br \/>\nVolvo RBS0-2AE<\/p>\n","protected":false},"excerpt":{"rendered":"<p>Neste Pro + M 0W-20 przeznaczony jest do nowych silnik\u00f3w benzynowych i wysokopr\u0119\u017cnych samochod\u00f3w osobowych i lekkich pojazd\u00f3w u\u017cytkowych, wymagaj\u0105cych klasy lepko\u015bci SAE 0W-20. Dodatki o niskiej zawarto\u015bci popio\u0142u zosta\u0142y zaprojektowane tak, aby wsp\u00f3\u0142dzia\u0142a\u0107 zar\u00f3wno z filtrami cz\u0105stek sta\u0142ych silnik\u00f3w Diesla, jak i katalizatorami benzynowymi. Neste Pro+M 0W-20 nadaje si\u0119 r\u00f3wnie\u017c do stosowania z biopaliwami, [&hellip;]<\/p>\n","protected":false},"featured_media":640,"template":"","meta":{"_acf_changed":false},"product_brand":[44],"product_cat":[59],"product_tag":[],"class_list":{"0":"post-641","1":"product","2":"type-product","3":"status-publish","4":"has-post-thumbnail","6":"product_brand-neste","7":"product_cat-oleje-silnikowe","9":"first","10":"instock","11":"shipping-taxable","12":"purchasable","13":"product-type-simple"},"acf":[],"_links":{"self":[{"href":"https:\/\/syntaco.pl\/sklep\/wp-json\/wp\/v2\/product\/641","targetHints":{"allow":["GET"]}}],"collection":[{"href":"https:\/\/syntaco.pl\/sklep\/wp-json\/wp\/v2\/product"}],"about":[{"href":"https:\/\/syntaco.pl\/sklep\/wp-json\/wp\/v2\/types\/product"}],"wp:featuredmedia":[{"embeddable":true,"href":"https:\/\/syntaco.pl\/sklep\/wp-json\/wp\/v2\/media\/640"}],"wp:attachment":[{"href":"https:\/\/syntaco.pl\/sklep\/wp-json\/wp\/v2\/media?parent=641"}],"wp:term":[{"taxonomy":"product_brand","embeddable":true,"href":"https:\/\/syntaco.pl\/sklep\/wp-json\/wp\/v2\/product_brand?post=641"},{"taxonomy":"product_cat","embeddable":true,"href":"https:\/\/syntaco.pl\/sklep\/wp-json\/wp\/v2\/product_cat?post=641"},{"taxonomy":"product_tag","embeddable":true,"href":"https:\/\/syntaco.pl\/sklep\/wp-json\/wp\/v2\/product_tag?post=641"}],"curies":[{"name":"wp","href":"https:\/\/api.w.org\/{rel}","templated":true}]}}