{"id":639,"date":"2025-12-19T10:14:16","date_gmt":"2025-12-19T09:14:16","guid":{"rendered":"https:\/\/syntaco.artneo.pl\/produkt\/neste-oh-grease-0-420ml-400g\/"},"modified":"2026-03-28T08:30:02","modified_gmt":"2026-03-28T07:30:02","slug":"neste-oh-grease-0-420ml-400g","status":"publish","type":"product","link":"https:\/\/syntaco.pl\/sklep\/produkt\/neste-oh-grease-0-420ml-400g\/","title":{"rendered":"Neste OH Grease 0 420ml\/400g"},"content":{"rendered":"<p>Smar Neste OH Grease 0 sk\u0142ada si\u0119 z oleju mineralnego o wysokiej lepko\u015bci i 12-hydroksystearynianu wapnia. Produkt charakteryzuje si\u0119 doskona\u0142\u0105 przyczepno\u015bci\u0105 do powierzchni metalowych, lepk\u0105 struktur\u0105, doskona\u0142\u0105 pompowalno\u015bci\u0105 i doskona\u0142\u0105 odporno\u015bci\u0105 na dzia\u0142anie wody. W\u0142a\u015bciwo\u015bci te zapewniaj\u0105 dobr\u0105 ochron\u0119 przed zu\u017cyciem i korozj\u0105 przy d\u0142u\u017cszych okresach mi\u0119dzyobs\u0142ugowych. Dodatki EP i przeciwzu\u017cyciowe smaru Neste OH Grease 0 zapewniaj\u0105 doskona\u0142\u0105 ochron\u0119 przed du\u017cymi lub udarowymi obci\u0105\u017ceniami.<br \/>\nCECHY I ZALETY<br \/>\n&#8211; Doskona\u0142a przyczepno\u015b\u0107 do powierzchni metalowych<br \/>\n&#8211; Doskona\u0142a pompowalno\u015b\u0107 r\u00f3wnie\u017c w okresie zimowym<br \/>\n&#8211; Dobra ochrona przed obci\u0105\u017ceniami udarowymi<br \/>\n&#8211; Doskona\u0142a ochrona przed wod\u0105<br \/>\nNeste OH Grease 0 jest zalecany do smarowania zespo\u0142\u00f3w sworzni i tulei, sworzni po\u0142\u0105cze\u0144 hydraulicznych, sworzni obrotowych itp. w maszynach budowlanych, maszynach do pozyskiwania drewna i sprz\u0119cie rolniczym w okresie zimowym.<br \/>\nISO 12924: ISO-L-XD(F)CHB0<br \/>\nNLGI 0<br \/>\nDIN 51502: KP0K-40<br \/>\nISO 12924: ISO-L-XD(F)CHB0<br \/>\nNLGI 0<br \/>\nDIN 51502: KP0K-40<\/p>\n","protected":false},"excerpt":{"rendered":"<p>Smar Neste OH Grease 0 sk\u0142ada si\u0119 z oleju mineralnego o wysokiej lepko\u015bci i 12-hydroksystearynianu wapnia. Produkt charakteryzuje si\u0119 doskona\u0142\u0105 przyczepno\u015bci\u0105 do powierzchni metalowych, lepk\u0105 struktur\u0105, doskona\u0142\u0105 pompowalno\u015bci\u0105 i doskona\u0142\u0105 odporno\u015bci\u0105 na dzia\u0142anie wody. W\u0142a\u015bciwo\u015bci te zapewniaj\u0105 dobr\u0105 ochron\u0119 przed zu\u017cyciem i korozj\u0105 przy d\u0142u\u017cszych okresach mi\u0119dzyobs\u0142ugowych. Dodatki EP i przeciwzu\u017cyciowe smaru Neste OH Grease [&hellip;]<\/p>\n","protected":false},"featured_media":638,"template":"","meta":{"_acf_changed":false},"product_brand":[44],"product_cat":[30,31],"product_tag":[],"class_list":{"0":"post-639","1":"product","2":"type-product","3":"status-publish","4":"has-post-thumbnail","6":"product_brand-neste","7":"product_cat-produkty","8":"product_cat-smary","10":"first","11":"instock","12":"shipping-taxable","13":"purchasable","14":"product-type-simple"},"acf":[],"_links":{"self":[{"href":"https:\/\/syntaco.pl\/sklep\/wp-json\/wp\/v2\/product\/639","targetHints":{"allow":["GET"]}}],"collection":[{"href":"https:\/\/syntaco.pl\/sklep\/wp-json\/wp\/v2\/product"}],"about":[{"href":"https:\/\/syntaco.pl\/sklep\/wp-json\/wp\/v2\/types\/product"}],"wp:featuredmedia":[{"embeddable":true,"href":"https:\/\/syntaco.pl\/sklep\/wp-json\/wp\/v2\/media\/638"}],"wp:attachment":[{"href":"https:\/\/syntaco.pl\/sklep\/wp-json\/wp\/v2\/media?parent=639"}],"wp:term":[{"taxonomy":"product_brand","embeddable":true,"href":"https:\/\/syntaco.pl\/sklep\/wp-json\/wp\/v2\/product_brand?post=639"},{"taxonomy":"product_cat","embeddable":true,"href":"https:\/\/syntaco.pl\/sklep\/wp-json\/wp\/v2\/product_cat?post=639"},{"taxonomy":"product_tag","embeddable":true,"href":"https:\/\/syntaco.pl\/sklep\/wp-json\/wp\/v2\/product_tag?post=639"}],"curies":[{"name":"wp","href":"https:\/\/api.w.org\/{rel}","templated":true}]}}