{"id":633,"date":"2025-12-19T10:14:10","date_gmt":"2025-12-19T09:14:10","guid":{"rendered":"https:\/\/syntaco.artneo.pl\/produkt\/neste-oh-grease-2-180kg\/"},"modified":"2026-03-28T08:30:00","modified_gmt":"2026-03-28T07:30:00","slug":"neste-oh-grease-2-180kg","status":"publish","type":"product","link":"https:\/\/syntaco.pl\/sklep\/produkt\/neste-oh-grease-2-180kg\/","title":{"rendered":"Neste OH Grease 2 180kg"},"content":{"rendered":"<p>Smar Neste OH Grease 2 sk\u0142ada si\u0119 z oleju mineralnego o wysokiej lepko\u015bci i 12-hydroksystearynianu wapnia. Produkt charakteryzuje si\u0119 doskona\u0142\u0105 przyczepno\u015bci\u0105 do powierzchni metalowych, kleist\u0105 struktur\u0105 oraz doskona\u0142\u0105 odporno\u015bci\u0105 na dzia\u0142anie wody. W\u0142a\u015bciwo\u015bci te zapewniaj\u0105 dobr\u0105 ochron\u0119 przed zu\u017cyciem i korozj\u0105 przy d\u0142u\u017cszych okresach mi\u0119dzyobs\u0142ugowych. Dodatki EP i przeciwzu\u017cyciowe smaru Neste OH Grease 2 zapewniaj\u0105 doskona\u0142\u0105 ochron\u0119 przed du\u017cymi lub udarowymi obci\u0105\u017ceniami.<br \/>\nCECHY I ZALETY<br \/>\n&#8211; Doskona\u0142a przyczepno\u015b\u0107 do powierzchni metalowych<br \/>\n&#8211; Dobre w\u0142a\u015bciwo\u015bci przeciwzu\u017cyciowe i EP<br \/>\n&#8211; Dobra ochrona przed obci\u0105\u017ceniami udarowymi<br \/>\n&#8211; Doskona\u0142a ochrona przed wod\u0105<br \/>\nNeste OH Grease 2 jest zalecany do smarowania zespo\u0142\u00f3w sworzni i tulei, sworzni po\u0142\u0105cze\u0144 hydraulicznych, sworzni obrotowych itp. w maszynach budowlanych, maszynach do pozyskiwania drewna i sprz\u0119cie rolniczym. Produkt mo\u017ce by\u0107 r\u00f3wnie\u017c stosowany jako smar do podwozi pojazd\u00f3w oraz do smarowania \u0142o\u017cysk poprzecznych i wa\u0142eczkowych wolnoobrotowych. Nie zalecany do \u0142o\u017cysk k\u00f3\u0142 pojazd\u00f3w.<br \/>\nPERFORMANCE CLAIMS<br \/>\nISO 12924: ISO-L-XC(F)CIB 2<br \/>\nNLGI 2<br \/>\nDIN 51502: KP 2K-30<\/p>\n","protected":false},"excerpt":{"rendered":"<p>Smar Neste OH Grease 2 sk\u0142ada si\u0119 z oleju mineralnego o wysokiej lepko\u015bci i 12-hydroksystearynianu wapnia. Produkt charakteryzuje si\u0119 doskona\u0142\u0105 przyczepno\u015bci\u0105 do powierzchni metalowych, kleist\u0105 struktur\u0105 oraz doskona\u0142\u0105 odporno\u015bci\u0105 na dzia\u0142anie wody. W\u0142a\u015bciwo\u015bci te zapewniaj\u0105 dobr\u0105 ochron\u0119 przed zu\u017cyciem i korozj\u0105 przy d\u0142u\u017cszych okresach mi\u0119dzyobs\u0142ugowych. Dodatki EP i przeciwzu\u017cyciowe smaru Neste OH Grease 2 zapewniaj\u0105 [&hellip;]<\/p>\n","protected":false},"featured_media":632,"template":"","meta":{"_acf_changed":false},"product_brand":[44],"product_cat":[30,31],"product_tag":[],"class_list":{"0":"post-633","1":"product","2":"type-product","3":"status-publish","4":"has-post-thumbnail","6":"product_brand-neste","7":"product_cat-produkty","8":"product_cat-smary","10":"first","11":"instock","12":"shipping-taxable","13":"purchasable","14":"product-type-simple"},"acf":[],"_links":{"self":[{"href":"https:\/\/syntaco.pl\/sklep\/wp-json\/wp\/v2\/product\/633","targetHints":{"allow":["GET"]}}],"collection":[{"href":"https:\/\/syntaco.pl\/sklep\/wp-json\/wp\/v2\/product"}],"about":[{"href":"https:\/\/syntaco.pl\/sklep\/wp-json\/wp\/v2\/types\/product"}],"wp:featuredmedia":[{"embeddable":true,"href":"https:\/\/syntaco.pl\/sklep\/wp-json\/wp\/v2\/media\/632"}],"wp:attachment":[{"href":"https:\/\/syntaco.pl\/sklep\/wp-json\/wp\/v2\/media?parent=633"}],"wp:term":[{"taxonomy":"product_brand","embeddable":true,"href":"https:\/\/syntaco.pl\/sklep\/wp-json\/wp\/v2\/product_brand?post=633"},{"taxonomy":"product_cat","embeddable":true,"href":"https:\/\/syntaco.pl\/sklep\/wp-json\/wp\/v2\/product_cat?post=633"},{"taxonomy":"product_tag","embeddable":true,"href":"https:\/\/syntaco.pl\/sklep\/wp-json\/wp\/v2\/product_tag?post=633"}],"curies":[{"name":"wp","href":"https:\/\/api.w.org\/{rel}","templated":true}]}}