{"id":631,"date":"2025-12-19T10:14:09","date_gmt":"2025-12-19T09:14:09","guid":{"rendered":"https:\/\/syntaco.artneo.pl\/produkt\/neste-molygrease-420ml-400g\/"},"modified":"2026-03-28T08:29:59","modified_gmt":"2026-03-28T07:29:59","slug":"neste-molygrease-420ml-400g","status":"publish","type":"product","link":"https:\/\/syntaco.pl\/sklep\/produkt\/neste-molygrease-420ml-400g\/","title":{"rendered":"Neste Molygrease 420ml\/400g"},"content":{"rendered":"<p>Neste Molygrease to specjalny smar na bazie litu, zawieraj\u0105cy dwusiarczek molibdenu, kt\u00f3ry zmniejsza tarcie i poprawia smarowanie, szczeg\u00f3lnie przy obci\u0105\u017ceniach udarowych. Jego sk\u0142adnikiem olejowym jest wysokiej jako\u015bci olej mineralny, a jego struktura charakteryzuje si\u0119 dobr\u0105 odporno\u015bci\u0105 na obci\u0105\u017cenia mechaniczne. Neste Molygrease jest zalecany do smarowania z\u0142\u0105czy i podwozi pojazd\u00f3w mechanicznych, koparek, sprz\u0119tu le\u015bnego i do rob\u00f3t ziemnych oraz obiekt\u00f3w nara\u017conych na obci\u0105\u017cenia udarowe. Jest r\u00f3wnie\u017c stosowany w przegubach kulowych i na powierzchniach \u015blizgowych.<br \/>\nNeste Molygrease spe\u0142nia wymagania stawiane smarowi, kt\u00f3ry musi umo\u017cliwia\u0107 wyj\u0105tkowo d\u0142ugie lub nieokre\u015blone wyd\u0142u\u017cone okresy mi\u0119dzysmarowania.<br \/>\nNormy i aprobaty:<br \/>\nISO 12924: ISO-L-XC(F)CHB2<br \/>\nNLGI 2<br \/>\nDIN 51502: KPF2K-30<\/p>\n","protected":false},"excerpt":{"rendered":"<p>Neste Molygrease to specjalny smar na bazie litu, zawieraj\u0105cy dwusiarczek molibdenu, kt\u00f3ry zmniejsza tarcie i poprawia smarowanie, szczeg\u00f3lnie przy obci\u0105\u017ceniach udarowych. Jego sk\u0142adnikiem olejowym jest wysokiej jako\u015bci olej mineralny, a jego struktura charakteryzuje si\u0119 dobr\u0105 odporno\u015bci\u0105 na obci\u0105\u017cenia mechaniczne. Neste Molygrease jest zalecany do smarowania z\u0142\u0105czy i podwozi pojazd\u00f3w mechanicznych, koparek, sprz\u0119tu le\u015bnego i do [&hellip;]<\/p>\n","protected":false},"featured_media":630,"template":"","meta":{"_acf_changed":false},"product_brand":[44],"product_cat":[30,31],"product_tag":[],"class_list":{"0":"post-631","1":"product","2":"type-product","3":"status-publish","4":"has-post-thumbnail","6":"product_brand-neste","7":"product_cat-produkty","8":"product_cat-smary","10":"first","11":"instock","12":"shipping-taxable","13":"purchasable","14":"product-type-simple"},"acf":[],"_links":{"self":[{"href":"https:\/\/syntaco.pl\/sklep\/wp-json\/wp\/v2\/product\/631","targetHints":{"allow":["GET"]}}],"collection":[{"href":"https:\/\/syntaco.pl\/sklep\/wp-json\/wp\/v2\/product"}],"about":[{"href":"https:\/\/syntaco.pl\/sklep\/wp-json\/wp\/v2\/types\/product"}],"wp:featuredmedia":[{"embeddable":true,"href":"https:\/\/syntaco.pl\/sklep\/wp-json\/wp\/v2\/media\/630"}],"wp:attachment":[{"href":"https:\/\/syntaco.pl\/sklep\/wp-json\/wp\/v2\/media?parent=631"}],"wp:term":[{"taxonomy":"product_brand","embeddable":true,"href":"https:\/\/syntaco.pl\/sklep\/wp-json\/wp\/v2\/product_brand?post=631"},{"taxonomy":"product_cat","embeddable":true,"href":"https:\/\/syntaco.pl\/sklep\/wp-json\/wp\/v2\/product_cat?post=631"},{"taxonomy":"product_tag","embeddable":true,"href":"https:\/\/syntaco.pl\/sklep\/wp-json\/wp\/v2\/product_tag?post=631"}],"curies":[{"name":"wp","href":"https:\/\/api.w.org\/{rel}","templated":true}]}}