{"id":629,"date":"2025-12-19T10:14:07","date_gmt":"2025-12-19T09:14:07","guid":{"rendered":"https:\/\/syntaco.artneo.pl\/produkt\/neste-mp-grease-420ml-400g\/"},"modified":"2026-03-28T08:29:58","modified_gmt":"2026-03-28T07:29:58","slug":"neste-mp-grease-420ml-400g","status":"publish","type":"product","link":"https:\/\/syntaco.pl\/sklep\/produkt\/neste-mp-grease-420ml-400g\/","title":{"rendered":"Neste MP Grease 420ml\/400g"},"content":{"rendered":"<p>Neste MP Grease to uniwersalny smar na bazie litu do smarowania pojazd\u00f3w. Jego sk\u0142adnikiem olejowym jest wysokiej jako\u015bci olej mineralny, a struktura ma dobr\u0105 stabilno\u015b\u0107 na napr\u0119\u017cenia mechaniczne. Smar Neste MP jest zalecany do ca\u0142orocznego smarowania podwozi pojazd\u00f3w, \u0142o\u017cysk k\u00f3\u0142 i rozdzielaczy. Zapewnia d\u0142ug\u0105 \u017cywotno\u015b\u0107 przy niskim zu\u017cyciu smaru.<br \/>\nNormy i aprobaty:<br \/>\nISO 12924: ISO-L-XC(F)CHB2<br \/>\nNLGI 2<br \/>\nDIN 51502: KP2K-30<\/p>\n","protected":false},"excerpt":{"rendered":"<p>Neste MP Grease to uniwersalny smar na bazie litu do smarowania pojazd\u00f3w. Jego sk\u0142adnikiem olejowym jest wysokiej jako\u015bci olej mineralny, a struktura ma dobr\u0105 stabilno\u015b\u0107 na napr\u0119\u017cenia mechaniczne. Smar Neste MP jest zalecany do ca\u0142orocznego smarowania podwozi pojazd\u00f3w, \u0142o\u017cysk k\u00f3\u0142 i rozdzielaczy. Zapewnia d\u0142ug\u0105 \u017cywotno\u015b\u0107 przy niskim zu\u017cyciu smaru. Normy i aprobaty: ISO 12924: ISO-L-XC(F)CHB2 [&hellip;]<\/p>\n","protected":false},"featured_media":628,"template":"","meta":{"_acf_changed":false},"product_brand":[44],"product_cat":[30,31],"product_tag":[],"class_list":{"0":"post-629","1":"product","2":"type-product","3":"status-publish","4":"has-post-thumbnail","6":"product_brand-neste","7":"product_cat-produkty","8":"product_cat-smary","10":"first","11":"instock","12":"shipping-taxable","13":"purchasable","14":"product-type-simple"},"acf":[],"_links":{"self":[{"href":"https:\/\/syntaco.pl\/sklep\/wp-json\/wp\/v2\/product\/629","targetHints":{"allow":["GET"]}}],"collection":[{"href":"https:\/\/syntaco.pl\/sklep\/wp-json\/wp\/v2\/product"}],"about":[{"href":"https:\/\/syntaco.pl\/sklep\/wp-json\/wp\/v2\/types\/product"}],"wp:featuredmedia":[{"embeddable":true,"href":"https:\/\/syntaco.pl\/sklep\/wp-json\/wp\/v2\/media\/628"}],"wp:attachment":[{"href":"https:\/\/syntaco.pl\/sklep\/wp-json\/wp\/v2\/media?parent=629"}],"wp:term":[{"taxonomy":"product_brand","embeddable":true,"href":"https:\/\/syntaco.pl\/sklep\/wp-json\/wp\/v2\/product_brand?post=629"},{"taxonomy":"product_cat","embeddable":true,"href":"https:\/\/syntaco.pl\/sklep\/wp-json\/wp\/v2\/product_cat?post=629"},{"taxonomy":"product_tag","embeddable":true,"href":"https:\/\/syntaco.pl\/sklep\/wp-json\/wp\/v2\/product_tag?post=629"}],"curies":[{"name":"wp","href":"https:\/\/api.w.org\/{rel}","templated":true}]}}