{"id":627,"date":"2025-12-19T10:14:05","date_gmt":"2025-12-19T09:14:05","guid":{"rendered":"https:\/\/syntaco.artneo.pl\/produkt\/neste-premium-atf-multi-1l\/"},"modified":"2026-03-28T08:29:58","modified_gmt":"2026-03-28T07:29:58","slug":"neste-premium-atf-multi-1l","status":"publish","type":"product","link":"https:\/\/syntaco.pl\/sklep\/produkt\/neste-premium-atf-multi-1l\/","title":{"rendered":"Neste Premium ATF Multi 1L"},"content":{"rendered":"<p>Neste Premium ATF Multi to w pe\u0142ni syntetyczny p\u0142yn do przek\u0142adni automatycznych (AT) i przek\u0142adni bezstopniowych (CVT). Zosta\u0142 specjalnie opracowany, aby spe\u0142ni\u0107 wymagania wielu samochod\u00f3w osobowych, dostawczych i lekkich pojazd\u00f3w u\u017cytkowych AT i CVT.<br \/>\nNeste Premium ATF Multi charakteryzuje si\u0119 doskona\u0142\u0105 p\u0142ynno\u015bci\u0105 w niskich i wysokich temperaturach, kt\u00f3r\u0105 osi\u0105ga si\u0119 g\u0142\u00f3wnie dzi\u0119ki zastosowaniu wysokiej jako\u015bci olej\u00f3w bazowych, zapewniaj\u0105c w ten spos\u00f3b stabilno\u015b\u0107 pracy podczas wszystkich okres\u00f3w mi\u0119dzy wymianami. P\u0142ynno\u015b\u0107 produktu zapewnia bezpieczn\u0105 prac\u0119 zar\u00f3wno w bardzo niskich, jak i wysokich temperaturach.<br \/>\nMa bardzo nisk\u0105 temperatur\u0119 p\u0142yni\u0119cia, co zapewnia p\u0142ynn\u0105 zmian\u0119 bieg\u00f3w nawet w bardzo niskich temperaturach oraz utrzymuje odpowiednie w\u0142a\u015bciwo\u015bci smarne i ochron\u0119, dop\u00f3ki skrzynia bieg\u00f3w nie osi\u0105gnie temperatury roboczej.<br \/>\nNeste Premium ATF Multi charakteryzuje si\u0119 bardzo dobr\u0105 stabilno\u015bci\u0105 termiczn\u0105 i oksydacyjn\u0105, co zapewnia powolne starzenie si\u0119 p\u0142yn\u00f3w, zapewniaj\u0105c w ten spos\u00f3b d\u0142ugie okresy pomi\u0119dzy wymianami. Starannie dobrane dodatki dyspersyjne zapobiegaj\u0105 tworzeniu si\u0119 osad\u00f3w i sadzy, zapobiegaj\u0105c wzrostowi lepko\u015bci i zag\u0119szczaniu oleju.<br \/>\nNiezwykle skuteczne dodatki przeciwzu\u017cyciowe tworz\u0105 skuteczn\u0105 warstw\u0119 ochronn\u0105 na powierzchniach i chroni\u0105 przek\u0142adnie przed zu\u017cyciem podczas wszystkich okres\u00f3w mi\u0119dzy wymianami. Dodatkowe w\u0142a\u015bciwo\u015bci przeciwpienne zapewniaj\u0105 efektywn\u0105 prac\u0119 przek\u0142adni i dobre smarowanie nawet w trudnych warunkach.<br \/>\nCECHY I ZALETY<br \/>\n&#8211; Niezwykle szeroki obszar zastosowa\u0144<br \/>\n&#8211; Bardzo szeroki zakres temperatur roboczych<br \/>\n&#8211; Bardzo dobra ochrona przed zu\u017cyciem<br \/>\n&#8211; Nadaje si\u0119 do d\u0142ugich okres\u00f3w mi\u0119dzy wymianami<br \/>\nNeste Premium ATF Multi jest w\u0142a\u015bciwym dla wielu producent\u00f3w krzywych, europejskich, azjatyckich i p\u00f3\u0142nocnoameryka\u0144skich producent\u00f3w OEM. Nadaje si\u0119 do automat\u00f3w skrzy\u0144 bieg\u00f3w samochod\u00f3w osobowych, dostawczych i innych pojazd\u00f3w, dla kt\u00f3rych producenci zalecaj\u0105 specyfikacje okre\u015blone w opisie informacyjnym.<br \/>\nNeste Premium ATF Multi jest szczeg\u00f3lnie polecany do samochod\u00f3w BMW, Chrysler, Ford, Honda, Hyundai, Mercedes-Benz, Mitsubishi, Nissan, Infiniti, Subaru, Toyota i Lexus. Zalecane r\u00f3wnie\u017c do stosowania w uk\u0142adach wspomaganych, uk\u0142adach hydraulicznych i starszych automatycznych skrzyniach bieg\u00f3w, gdzie wymagane s\u0105 p\u0142ynne Dexron lub Mercon.<br \/>\nATF:<br \/>\nAudi\/Seat\/Skoda\/VW G 052 025-A2, G 052 055, G 052 162-A2, G 052 990\/A2, G 053 025-A2, G 053 162-A1<br \/>\nAudi\/Seat\/Skoda\/VW G 055 005-A\/A1\/A2, G 055 025-A2, G 055 162-A2\/A6, G 055 540-A2, G 060 162\/A2<br \/>\nBentley PY112995PA<br \/>\nBMW 81 22 9 400 272, 81 22 9 400 275, 81 22 9 400 272, 83 22 0 142 516, 83 22 0 24 359, 83 22 0 397 114<br \/>\nBMW 83 22 0 402 413, 83 22 0 403 248, 83 22 0 403 249, 83 22 2 152 426, 83 22 2 289 720<br \/>\nBMW 83 22 7 542 290, 83 22 9 407 765, 83 22 9 407 807<br \/>\nBMW ATF 3.0, ATF 3+, M-1375.4<br \/>\nCaterpillar TO-2<br \/>\nChrysler\/Dodge\/Jeep 05127382AA, 68043742AA, 68157995AA<br \/>\nChrysler\/Dodge\/Jeep MS 7176 (ATF +), MS 7176D (ATF +2), MS 7176E (ATF +3), MS 9602 (ATF +4)<br \/>\nDaihatsu AMMIX ATF D-II, D-III SP<br \/>\nFiat 9.55550-AV4<br \/>\nFord Mercon, Mercon LV, Mercon SP, Mercon V, FNR5<br \/>\nFord XL-12, XT-10 QLV, XT-2-QDX (M), XT-2-QSM, XT-5-QM (V), XT-6-DSP (SP), XT-6-QSP, XT-8-QAW, XT-9-QMMF5<br \/>\nFord 138-CJ, 166-H, 922-A1, 924-A, 938-A\/SF<br \/>\nGM 1940700, 2217466, 2217466, 9985010, 9985835, 9986195, 12378515<br \/>\nGM 21005966, 88863400, 88863400, 88863401, 88900925, 93160393, 93165147<br \/>\nGM ATF, Type A, Type A Suffix A, Autotrak II, TASA, MOPAR AS 68 RC (T-IV)<br \/>\nGM Dexron B, II, IID, IIE, III, IIIF, IIIG, IIIH, VI<br \/>\nHonda\/Acura ATF-Z1, DW-1, Type 3.0, Type 3.1<br \/>\nHyundai\/Kia 040000C90SG, ATF Red-1K, NWS 9638, SP-II, SP-III, SP-IV, SP-IV M, SP-IV-RR<br \/>\nIsuzu 08200-9001, ATF-II, ATF-III, ATF-SP, SCS Fluid, Besco ATF III<br \/>\nJaguar Land Rover 8432, JLM 20292, 21044, 20238, LR0022460, LR023288, TYK500050<br \/>\nMAN 339 Type D, Type F, V-1, V-2, Z-1, Z-2, Z-3<br \/>\nMaserati 231603<br \/>\nMazda ATF 3317, D-II, F-1, FZ, M-III, M-V, N-1, S-1<br \/>\nMB 236.1, 2, 3, 5, 6, 7, 8, 9, 10, 11, 12, 14, 15, 16, 17, 41, 91, NAG 1, NAG 2<br \/>\nMitsubishi\/Fuso ATF-A4, Diaqueen ATF PA, ATF-MA1, AW, J2, J3, SK, SP-II, SP-III, SP-IV<br \/>\nNissan Matic Fluid C, D, J, K, S, W<br \/>\nPeugeot\/Citro\u00ebn Z 000169756<br \/>\nPorsche 000 043 205 09, 000 043 205 28, 999 917 547 00 (A2), T-IV, Z 000 169 756<br \/>\nRenault DPO\/AL4, Matic D2<br \/>\nSsang yong DSIH 5M-66<br \/>\nSubaru ATF, ATF 5AT, ATF HP, K0140Y0700<br \/>\nSuzuki AT OIL 5D06, ATF 2326, 2384K, 3314, 3317<br \/>\nToyota ATF T-III, T-IV, Type T, WS<br \/>\nVolvo 97325, 97335, CE 97340, CE 97341, CE 97342, PN 1161521, PN 1161540, PN 1161640, STD 1273.41<br \/>\nCVT<br \/>\nAudi\/Seat\/Skoda\/VW Multitronic, TL 521 16 (G 052 516), TL 521 80 (G 052 180)<br \/>\nBMW Mini Cooper Mini Cooper 83 22 0 429 154, 83 22 0 136 376, ZF CVT V1<br \/>\nChrysler\/Dodge\/Jeep CVT+4, NS-2<br \/>\nDaihatsu AMMIX CVT Fluid DC, DFC, DFE, TC<br \/>\nFord CFT, CVT 23, CVT 30, M2C199A, M2C928A, M2C933A, Mercon C<br \/>\nGM GM 1940713, 1940714, DEX-CVT, VT40<br \/>\nHonda\/Acura CVT, HCF2, Multimatic HMMF (without starting clutch), Z-1 (CVT model, without starting clutch)<br \/>\nHyundai\/Kia CVT-J1, SP-CVT 1, SP III (CVT model), Special CVTY fluid<br \/>\nMazda JWS 3320<br \/>\nMB 236.20, CVT28<br \/>\nMG Rover EM-CVT<br \/>\nMitsubishi Diaqueen SP-III (CVT model only), Part # MZ320262<br \/>\nMitsubishi MMC Diaqueen CVT Fluid J1, MMC Diaqueen CVT Fluid J4, MMC Diaqueen CVT Fluid J4+<br \/>\nNissan Matic W, N-CVT, NS-1, -2, -2V, -3<br \/>\nRenault Matic CVT<br \/>\nSubaru ECVT, iCVT, iCVT FG, K0425Y0710, NS-2<br \/>\nSubaru Lineartronic CV-30, CVT, CVT II, HT CVT, CVT III<br \/>\nSuzuki CVT Green 1, 1V, 2, CVTF 3320, CVTF TC, NS-2<br \/>\nToyota\/Lexus Fluid TC, Fluid FE<br \/>\nVolvo CVT 4959<br \/>\nOther:<br \/>\nAisin Warner AW-1, AW-2, JWS 3309, JWS 3314, JWS 3324<br \/>\nAllison C-3, C-4, C-4 (synthetic), TES-295, TES-389<br \/>\nBosch TE-ML 09<br \/>\nJASO M315 1A, 1A-LV, 2A<br \/>\nSamsung SATF-D<br \/>\nVickers M2950-S, I-286-S<br \/>\nVoith 55.6335.xx (G607), 55.6336.xx (G13636), Service Bulletin #013 and #118<br \/>\nZF 3, 4, &amp; 6 speed transmissions, 4HP20, 5HP19FL, 5HP20, 5HP24, M-1375.4, S671 090 281<br \/>\nZF TE-ML 02F, 03D, 04D, 05L, 09, 09X, 11A, 11B, 14A, 14B, 14C, 16L, 17C, 21L<br \/>\nZF Lifeguardfluid 5, 6, 6+, 8, 9<\/p>\n","protected":false},"excerpt":{"rendered":"<p>Neste Premium ATF Multi to w pe\u0142ni syntetyczny p\u0142yn do przek\u0142adni automatycznych (AT) i przek\u0142adni bezstopniowych (CVT). Zosta\u0142 specjalnie opracowany, aby spe\u0142ni\u0107 wymagania wielu samochod\u00f3w osobowych, dostawczych i lekkich pojazd\u00f3w u\u017cytkowych AT i CVT. Neste Premium ATF Multi charakteryzuje si\u0119 doskona\u0142\u0105 p\u0142ynno\u015bci\u0105 w niskich i wysokich temperaturach, kt\u00f3r\u0105 osi\u0105ga si\u0119 g\u0142\u00f3wnie dzi\u0119ki zastosowaniu wysokiej jako\u015bci [&hellip;]<\/p>\n","protected":false},"featured_media":626,"template":"","meta":{"_acf_changed":false},"product_brand":[44],"product_cat":[36,30],"product_tag":[],"class_list":{"0":"post-627","1":"product","2":"type-product","3":"status-publish","4":"has-post-thumbnail","6":"product_brand-neste","7":"product_cat-oleje-przekladniowe","8":"product_cat-produkty","10":"first","11":"instock","12":"shipping-taxable","13":"purchasable","14":"product-type-simple"},"acf":[],"_links":{"self":[{"href":"https:\/\/syntaco.pl\/sklep\/wp-json\/wp\/v2\/product\/627","targetHints":{"allow":["GET"]}}],"collection":[{"href":"https:\/\/syntaco.pl\/sklep\/wp-json\/wp\/v2\/product"}],"about":[{"href":"https:\/\/syntaco.pl\/sklep\/wp-json\/wp\/v2\/types\/product"}],"wp:featuredmedia":[{"embeddable":true,"href":"https:\/\/syntaco.pl\/sklep\/wp-json\/wp\/v2\/media\/626"}],"wp:attachment":[{"href":"https:\/\/syntaco.pl\/sklep\/wp-json\/wp\/v2\/media?parent=627"}],"wp:term":[{"taxonomy":"product_brand","embeddable":true,"href":"https:\/\/syntaco.pl\/sklep\/wp-json\/wp\/v2\/product_brand?post=627"},{"taxonomy":"product_cat","embeddable":true,"href":"https:\/\/syntaco.pl\/sklep\/wp-json\/wp\/v2\/product_cat?post=627"},{"taxonomy":"product_tag","embeddable":true,"href":"https:\/\/syntaco.pl\/sklep\/wp-json\/wp\/v2\/product_tag?post=627"}],"curies":[{"name":"wp","href":"https:\/\/api.w.org\/{rel}","templated":true}]}}