{"id":611,"date":"2025-12-19T10:13:52","date_gmt":"2025-12-19T09:13:52","guid":{"rendered":"https:\/\/syntaco.artneo.pl\/produkt\/neste-pro-f-5w-30-1l\/"},"modified":"2026-03-28T08:29:52","modified_gmt":"2026-03-28T07:29:52","slug":"neste-pro-f-5w-30-1l","status":"publish","type":"product","link":"https:\/\/syntaco.pl\/sklep\/produkt\/neste-pro-f-5w-30-1l\/","title":{"rendered":"Neste Pro F 5W-30 1L"},"content":{"rendered":"<p>Neste Pro F 5W-30 to w pe\u0142ni syntetyczny, wysokowydajny olej silnikowy zapewniaj\u0105cy d\u0142u\u017csze okresy mi\u0119dzy wymianami oleju. Neste Pro F 5W-30 przekracza kryteria wydajno\u015bci norm API SP, SN, SN PLUS, SN-RC, SM, SL i ACEA A5\/B5. Przekracza tak\u017ce wymagania producent\u00f3w oryginalnego sprz\u0119tu (OEM), zapewniaj\u0105c wysok\u0105 wydajno\u015b\u0107 w zastosowaniach w samochodach osobowych i dostawczych.<br \/>\nNeste Pro F 5W-30 zosta\u0142 zaprojektowany jako olej zapewniaj\u0105cy oszcz\u0119dno\u015b\u0107 paliwa, co osi\u0105gni\u0119to dzi\u0119ki niskiej lepko\u015bci i ulepszonym modyfikatorom tarcia.<br \/>\nMo\u017cliwe jest stosowanie Neste Pro F 5W-30 przy d\u0142ugich okresach mi\u0119dzy wymianami, poniewa\u017c jest on wytwarzany z wysokiej jako\u015bci olej\u00f3w bazowych o doskona\u0142ych w\u0142a\u015bciwo\u015bciach przeciwutleniaj\u0105cych i technologii Full SAPS z wysokim TBN, co zapewni wyj\u0105tkow\u0105 czysto\u015b\u0107 silnika i ochron\u0119 przed zu\u017cyciem podczas wszystkich okres\u00f3w mi\u0119dzy wymianami (zawsze sprawd\u017a zakres okres\u00f3w mi\u0119dzy wymianami w instrukcji obs\u0142ugi samochodu).<br \/>\nCharakteryzuje si\u0119 bardzo dobr\u0105 stabilno\u015bci\u0105 temperaturow\u0105, co umo\u017cliwia \u0142atwy rozruch zimnego silnika i skuteczn\u0105 ochron\u0119 silnika w wysokich temperaturach.<br \/>\nCECHY I ZALETY<br \/>\n&#8211; Doskona\u0142a wydajno\u015b\u0107 zimnego startu<br \/>\n&#8211; Wi\u0119ksze korzy\u015bci w zakresie oszcz\u0119dno\u015bci paliwa<br \/>\n&#8211; D\u0142ugie okresy mi\u0119dzy wymianami<br \/>\nNeste Pro F 5W-30 zosta\u0142 opracowany specjalnie do silnik\u00f3w Forda, w kt\u00f3rych wymagany jest olej silnikowy Ford WSS-M2C913-D. Jest tak\u017ce kompatybilny wstecz, je\u015bli okre\u015blono olej o jako\u015bci Ford WSS-M2C913-C, M2C913-B lub M2C912-A. Nadaje si\u0119 r\u00f3wnie\u017c do samochod\u00f3w osobowych i dostawczych marki Renault, Hyundai i KIA oraz do silnik\u00f3w zasilanych LPG.<br \/>\nNeste Pro F 5W-30 zalecany jest do silnik\u00f3w benzynowych i wysokopr\u0119\u017cnych wymagaj\u0105cych oleju o niskim tarciu i niskiej lepko\u015bci.<br \/>\nPERFORMANCE CLAIMS<br \/>\nAPI SP, SN PLUS, SN-RC, SN, SM, SL, SJ<br \/>\nACEA A5\/B5<br \/>\nAPPROVALS<br \/>\nFord WSS-M2C913-D<br \/>\nRenault RN0700<br \/>\nSTJLR 03.5003<\/p>\n","protected":false},"excerpt":{"rendered":"<p>Neste Pro F 5W-30 to w pe\u0142ni syntetyczny, wysokowydajny olej silnikowy zapewniaj\u0105cy d\u0142u\u017csze okresy mi\u0119dzy wymianami oleju. Neste Pro F 5W-30 przekracza kryteria wydajno\u015bci norm API SP, SN, SN PLUS, SN-RC, SM, SL i ACEA A5\/B5. Przekracza tak\u017ce wymagania producent\u00f3w oryginalnego sprz\u0119tu (OEM), zapewniaj\u0105c wysok\u0105 wydajno\u015b\u0107 w zastosowaniach w samochodach osobowych i dostawczych. Neste Pro [&hellip;]<\/p>\n","protected":false},"featured_media":610,"template":"","meta":{"_acf_changed":false},"product_brand":[44],"product_cat":[59],"product_tag":[],"class_list":{"0":"post-611","1":"product","2":"type-product","3":"status-publish","4":"has-post-thumbnail","6":"product_brand-neste","7":"product_cat-oleje-silnikowe","9":"first","10":"instock","11":"shipping-taxable","12":"purchasable","13":"product-type-simple"},"acf":[],"_links":{"self":[{"href":"https:\/\/syntaco.pl\/sklep\/wp-json\/wp\/v2\/product\/611","targetHints":{"allow":["GET"]}}],"collection":[{"href":"https:\/\/syntaco.pl\/sklep\/wp-json\/wp\/v2\/product"}],"about":[{"href":"https:\/\/syntaco.pl\/sklep\/wp-json\/wp\/v2\/types\/product"}],"wp:featuredmedia":[{"embeddable":true,"href":"https:\/\/syntaco.pl\/sklep\/wp-json\/wp\/v2\/media\/610"}],"wp:attachment":[{"href":"https:\/\/syntaco.pl\/sklep\/wp-json\/wp\/v2\/media?parent=611"}],"wp:term":[{"taxonomy":"product_brand","embeddable":true,"href":"https:\/\/syntaco.pl\/sklep\/wp-json\/wp\/v2\/product_brand?post=611"},{"taxonomy":"product_cat","embeddable":true,"href":"https:\/\/syntaco.pl\/sklep\/wp-json\/wp\/v2\/product_cat?post=611"},{"taxonomy":"product_tag","embeddable":true,"href":"https:\/\/syntaco.pl\/sklep\/wp-json\/wp\/v2\/product_tag?post=611"}],"curies":[{"name":"wp","href":"https:\/\/api.w.org\/{rel}","templated":true}]}}