{"id":601,"date":"2025-12-19T10:13:43","date_gmt":"2025-12-19T09:13:43","guid":{"rendered":"https:\/\/syntaco.artneo.pl\/produkt\/neste-pro-c4-5w-30-1l\/"},"modified":"2026-03-28T08:29:49","modified_gmt":"2026-03-28T07:29:49","slug":"neste-pro-c4-5w-30-1l","status":"publish","type":"product","link":"https:\/\/syntaco.pl\/sklep\/produkt\/neste-pro-c4-5w-30-1l\/","title":{"rendered":"Neste Pro C4 5W-30 1L"},"content":{"rendered":"<p>Neste Pro C4 5W-30 30 to w pe\u0142ni syntetyczny olej silnikowy opracowany specjalnie dla Nissana spe\u0142niaj\u0105cego norm\u0119 emisji spalin (Euro 5). Nadaje si\u0119 do samochod\u00f3w Renault i Suzuki wyposa\u017conych w filtr cz\u0105stek sta\u0142ych DPF (Diesel Particulate Filter) lub TWC, kt\u00f3ry wymaga oleju ACEA C4.<br \/>\nUk\u0142ad oczyszczania spalin z filtra cz\u0105stek sta\u0142ych wymaga oleju zawieraj\u0105cego popi\u00f3\u0142 siarczanowy, fosfor i siark\u0119 o niskiej zawarto\u015bci SAPS. W razie w\u0105tpliwo\u015bci nale\u017cy zapozna\u0107 si\u0119 z instrukcj\u0105 obs\u0142ugi lub podr\u0119cznikiem.<br \/>\nNormy i aprobaty:<br \/>\nACEA C4<br \/>\nMB 229.31<br \/>\nMB-Approval 226.51<br \/>\nRenault RN0720 (pending)<\/p>\n","protected":false},"excerpt":{"rendered":"<p>Neste Pro C4 5W-30 30 to w pe\u0142ni syntetyczny olej silnikowy opracowany specjalnie dla Nissana spe\u0142niaj\u0105cego norm\u0119 emisji spalin (Euro 5). Nadaje si\u0119 do samochod\u00f3w Renault i Suzuki wyposa\u017conych w filtr cz\u0105stek sta\u0142ych DPF (Diesel Particulate Filter) lub TWC, kt\u00f3ry wymaga oleju ACEA C4. Uk\u0142ad oczyszczania spalin z filtra cz\u0105stek sta\u0142ych wymaga oleju zawieraj\u0105cego popi\u00f3\u0142 [&hellip;]<\/p>\n","protected":false},"featured_media":600,"template":"","meta":{"_acf_changed":false},"product_brand":[44],"product_cat":[59],"product_tag":[],"class_list":{"0":"post-601","1":"product","2":"type-product","3":"status-publish","4":"has-post-thumbnail","6":"product_brand-neste","7":"product_cat-oleje-silnikowe","9":"first","10":"instock","11":"shipping-taxable","12":"purchasable","13":"product-type-simple"},"acf":[],"_links":{"self":[{"href":"https:\/\/syntaco.pl\/sklep\/wp-json\/wp\/v2\/product\/601","targetHints":{"allow":["GET"]}}],"collection":[{"href":"https:\/\/syntaco.pl\/sklep\/wp-json\/wp\/v2\/product"}],"about":[{"href":"https:\/\/syntaco.pl\/sklep\/wp-json\/wp\/v2\/types\/product"}],"wp:featuredmedia":[{"embeddable":true,"href":"https:\/\/syntaco.pl\/sklep\/wp-json\/wp\/v2\/media\/600"}],"wp:attachment":[{"href":"https:\/\/syntaco.pl\/sklep\/wp-json\/wp\/v2\/media?parent=601"}],"wp:term":[{"taxonomy":"product_brand","embeddable":true,"href":"https:\/\/syntaco.pl\/sklep\/wp-json\/wp\/v2\/product_brand?post=601"},{"taxonomy":"product_cat","embeddable":true,"href":"https:\/\/syntaco.pl\/sklep\/wp-json\/wp\/v2\/product_cat?post=601"},{"taxonomy":"product_tag","embeddable":true,"href":"https:\/\/syntaco.pl\/sklep\/wp-json\/wp\/v2\/product_tag?post=601"}],"curies":[{"name":"wp","href":"https:\/\/api.w.org\/{rel}","templated":true}]}}