{"id":595,"date":"2025-12-19T10:13:38","date_gmt":"2025-12-19T09:13:38","guid":{"rendered":"https:\/\/syntaco.artneo.pl\/produkt\/neste-pro-c2-c3-5w-30-200l\/"},"modified":"2026-03-28T08:29:47","modified_gmt":"2026-03-28T07:29:47","slug":"neste-pro-c2-c3-5w-30-200l","status":"publish","type":"product","link":"https:\/\/syntaco.pl\/sklep\/produkt\/neste-pro-c2-c3-5w-30-200l\/","title":{"rendered":"Neste Pro C2\/C3 5W-30 200L"},"content":{"rendered":"<p>Neste Pro C2\/C3 5W-30 to w pe\u0142ni syntetyczny olej silnikowy opracowany specjalnie do nowoczesnych silnik\u00f3w wysokopr\u0119\u017cnych i benzynowych samochod\u00f3w osobowych. Neste Pro C2\/C3 5W-30 przekracza kryteria wydajno\u015bci API SN, SM, SL, SJ oraz ACEA C2 i C3. Przekracza tak\u017ce wymagania producent\u00f3w oryginalnego sprz\u0119tu (OEM), zapewniaj\u0105c wysok\u0105 wydajno\u015b\u0107 w zastosowaniach w samochodach osobowych i dostawczych. Poniewa\u017c spe\u0142nia jednocze\u015bnie dwie normy ACEA C2 i C3, nadaje si\u0119 do samochod\u00f3w wielu producent\u00f3w.<br \/>\nJako olej silnikowy Mid SAPS (zawieraj\u0105cy popi\u00f3\u0142 siarczanowy, fosfor i siark\u0119) pomaga utrzyma\u0107 trwa\u0142o\u015b\u0107 uk\u0142ad\u00f3w kontroli emisji spalin w urz\u0105dzeniach, w kt\u00f3rych stosowane s\u0105 filtry cz\u0105stek sta\u0142ych i inne zaawansowane systemy oczyszczania spalin, a tak\u017ce zmniejsza blokowanie filtr\u00f3w w celu utrzymania wydajno\u015bci silnika.<br \/>\nMo\u017cliwe jest stosowanie Neste Pro C2\/C3 5W-30 przy d\u0142ugich okresach mi\u0119dzy wymianami, poniewa\u017c jest on wytwarzany z wysokiej jako\u015bci olej\u00f3w bazowych o doskona\u0142ych w\u0142a\u015bciwo\u015bciach przeciwutleniaj\u0105cych, a mimo to pakiet dodatk\u00f3w w technologii Mid SAPS nadal pozwala na utrzymanie czysto\u015bci silnika i ochron\u0119 silnika przed zu\u017cyciem podczas wszystkich okres\u00f3w mi\u0119dzy wymianami. Dodatkowo dodane przeciwutleniacze jeszcze bardziej wyd\u0142u\u017caj\u0105 okresy mi\u0119dzy wymianami (zawsze sprawd\u017a zakres okres\u00f3w mi\u0119dzy wymianami w instrukcji obs\u0142ugi samochodu).<br \/>\nStarannie dobrane dodatki zawarte w oleju silnikowym oczyszczaj\u0105 silnik z osad\u00f3w i znacz\u0105co ograniczaj\u0105 ich dalsze powstawanie, utrzymuj\u0105c w ten spos\u00f3b silnik w czysto\u015bci. Dodatkowe zapobieganie tworzeniu si\u0119 kwas\u00f3w zapobiega korozji silnika i przed\u0142u\u017ca jego \u017cywotno\u015b\u0107.<br \/>\nNeste Pro C2\/C3 5W-30 skutecznie chroni silnik przed zu\u017cyciem tworz\u0105c warstw\u0119 ochronn\u0105 na powierzchniach silnika, wspart\u0105 najwy\u017cszej jako\u015bci dodatkami przeciwzu\u017cyciowymi. Dodatkowo dodatki przeciwzu\u017cyciowe wraz z modyfikatorami tarcia zmniejszaj\u0105 tarcie wewn\u0119trzne oleju silnikowego, co znacznie poprawia oszcz\u0119dno\u015b\u0107 paliwa.<br \/>\nDoskona\u0142a stabilno\u015b\u0107 temperaturowa zwi\u0119ksza trwa\u0142o\u015b\u0107 smar\u00f3w w wysokich temperaturach i poprawia p\u0142ynno\u015b\u0107 w niskich temperaturach. Zapobiega to dodatkowo starzeniu si\u0119 oleju silnikowego i zapewnia ochron\u0119 silnika w szerokim zakresie temperatur.<br \/>\nNeste Pro C2\/C3 5W-30 szczeg\u00f3lnie nadaje si\u0119 do silnik\u00f3w benzynowych i wysokopr\u0119\u017cnych samochod\u00f3w osobowych i dostawczych wyposa\u017conych w katalizatory i filtry cz\u0105stek sta\u0142ych. Zaleca si\u0119 stosowanie tego produktu w zastosowaniach wymagaj\u0105cych d\u0142ugiej \u017cywotno\u015bci Mercedes Benz i BMW, zar\u00f3wno w silnikach wysokopr\u0119\u017cnych, jak i benzynowych.<br \/>\nPosiada oficjaln\u0105 aprobat\u0119 MB 229.52, kt\u00f3ra jest jedynym o\u015bwiadczeniem, kt\u00f3re mo\u017cna stosowa\u0107 we wszystkich samochodach Daimler z silnikiem Diesla wyposa\u017conych w filtry cz\u0105stek sta\u0142ych DPF. Wiele nowoczesnych samochod\u00f3w europejskich producent\u00f3w wymaga oleju silnikowego spe\u0142niaj\u0105cego normy ACEA C2 lub ACEA C3, dlatego Neste Pro C2\/C3 5W-30 nadaje si\u0119 do samochod\u00f3w wielu producent\u00f3w. Prosz\u0119 sprawdzi\u0107 przydatno\u015b\u0107 silnika samochodu zgodnie z deklaracjami wydajno\u015bci i atestami zawartymi w tej karcie katalogowej produktu.<br \/>\nNormy i aprobaty:<br \/>\nAPI SN, SM, SL, SJ<br \/>\nACEA C2\/C3<br \/>\nBMW Longlife-01 (-2018)<br \/>\nBMW Longlife-04 (-2019)<br \/>\nFiat 9.55535-S1, 9.55535-S2, 9.55535-S3<br \/>\nGM dexos2<br \/>\nOpel OV0401547<br \/>\nMB-Approval 229.31<br \/>\nMB-Approval 229.51<br \/>\nMB-Approval 229.52<br \/>\nVW 505 00 \/ 505 01<\/p>\n","protected":false},"excerpt":{"rendered":"<p>Neste Pro C2\/C3 5W-30 to w pe\u0142ni syntetyczny olej silnikowy opracowany specjalnie do nowoczesnych silnik\u00f3w wysokopr\u0119\u017cnych i benzynowych samochod\u00f3w osobowych. Neste Pro C2\/C3 5W-30 przekracza kryteria wydajno\u015bci API SN, SM, SL, SJ oraz ACEA C2 i C3. Przekracza tak\u017ce wymagania producent\u00f3w oryginalnego sprz\u0119tu (OEM), zapewniaj\u0105c wysok\u0105 wydajno\u015b\u0107 w zastosowaniach w samochodach osobowych i dostawczych. Poniewa\u017c [&hellip;]<\/p>\n","protected":false},"featured_media":594,"template":"","meta":{"_acf_changed":false},"product_brand":[44],"product_cat":[59],"product_tag":[],"class_list":{"0":"post-595","1":"product","2":"type-product","3":"status-publish","4":"has-post-thumbnail","6":"product_brand-neste","7":"product_cat-oleje-silnikowe","9":"first","10":"instock","11":"shipping-taxable","12":"purchasable","13":"product-type-simple"},"acf":[],"_links":{"self":[{"href":"https:\/\/syntaco.pl\/sklep\/wp-json\/wp\/v2\/product\/595","targetHints":{"allow":["GET"]}}],"collection":[{"href":"https:\/\/syntaco.pl\/sklep\/wp-json\/wp\/v2\/product"}],"about":[{"href":"https:\/\/syntaco.pl\/sklep\/wp-json\/wp\/v2\/types\/product"}],"wp:featuredmedia":[{"embeddable":true,"href":"https:\/\/syntaco.pl\/sklep\/wp-json\/wp\/v2\/media\/594"}],"wp:attachment":[{"href":"https:\/\/syntaco.pl\/sklep\/wp-json\/wp\/v2\/media?parent=595"}],"wp:term":[{"taxonomy":"product_brand","embeddable":true,"href":"https:\/\/syntaco.pl\/sklep\/wp-json\/wp\/v2\/product_brand?post=595"},{"taxonomy":"product_cat","embeddable":true,"href":"https:\/\/syntaco.pl\/sklep\/wp-json\/wp\/v2\/product_cat?post=595"},{"taxonomy":"product_tag","embeddable":true,"href":"https:\/\/syntaco.pl\/sklep\/wp-json\/wp\/v2\/product_tag?post=595"}],"curies":[{"name":"wp","href":"https:\/\/api.w.org\/{rel}","templated":true}]}}