{"id":591,"date":"2025-12-19T10:13:34","date_gmt":"2025-12-19T09:13:34","guid":{"rendered":"https:\/\/syntaco.artneo.pl\/produkt\/neste-pro-w-ll-iii-0w-30-4l\/"},"modified":"2026-03-28T08:29:45","modified_gmt":"2026-03-28T07:29:45","slug":"neste-pro-w-ll-iii-0w-30-4l","status":"publish","type":"product","link":"https:\/\/syntaco.pl\/sklep\/produkt\/neste-pro-w-ll-iii-0w-30-4l\/","title":{"rendered":"Neste Pro+ W LL-III 0W-30 4L"},"content":{"rendered":"<p>Neste Pro+ W LL-III 0W-30 to w pe\u0142ni syntetyczny olej silnikowy opracowany specjalnie dla serwisu LongLife stosowanego w silnikach wysokopr\u0119\u017cnych i benzynowych VW, Audi, Skoda i Seat z wyd\u0142u\u017conymi okresami mi\u0119dzy wymianami oleju. Neste Pro+ W LL-III 0W-30 przekracza kryteria wydajno\u015bci normy ACEA C3. Przekracza tak\u017ce wymagania producent\u00f3w oryginalnego sprz\u0119tu (OEM) VW 504.00 i 507.00, zapewniaj\u0105c wysok\u0105 wydajno\u015b\u0107 w zastosowaniach w samochodach osobowych i vanach.<br \/>\nPosiada bardzo wysoki wska\u017anik lepko\u015bci, dzi\u0119ki czemu olej silnikowy mo\u017ce by\u0107 stosowany w bardzo szerokim zakresie temperatur. Neste Pro+ W LL-III 0W-30 ma bardzo nisk\u0105 temperatur\u0119 p\u0142yni\u0119cia, co u\u0142atwia rozruch na zimno nawet w bardzo niskich temperaturach oraz utrzymuje odpowiednie w\u0142a\u015bciwo\u015bci smarne i ochron\u0119 silnika, dop\u00f3ki silnik nie osi\u0105gnie temperatury roboczej.<br \/>\nNeste Pro+ W LL-III 0W-30 zosta\u0142 opracowany z my\u015bl\u0105 o d\u0142ugich okresach mi\u0119dzy wymianami, co jest mo\u017cliwe do osi\u0105gni\u0119cia dzi\u0119ki zastosowaniu najwy\u017cszej jako\u015bci olej\u00f3w bazowych, kt\u00f3re charakteryzuj\u0105 si\u0119 bardzo niskim wsp\u00f3\u0142czynnikiem utleniania i starzenia. Starannie dobrane dodatki pomagaj\u0105 utrzyma\u0107 czysto\u015b\u0107 silnika i ochron\u0119 przed zu\u017cyciem podczas wszystkich okres\u00f3w mi\u0119dzy wymianami. Dodatkowo dodane przeciwutleniacze jeszcze bardziej wyd\u0142u\u017caj\u0105 okresy mi\u0119dzy wymianami (zawsze sprawd\u017a zakres okres\u00f3w mi\u0119dzy wymianami w instrukcji obs\u0142ugi samochodu).<br \/>\nJako olej silnikowy o niskiej zawarto\u015bci SAPS (popi\u00f3\u0142 siarczanowy, fosfor i siarka) pomo\u017ce utrzyma\u0107 trwa\u0142o\u015b\u0107 uk\u0142ad\u00f3w kontroli emisji spalin w urz\u0105dzeniach, w kt\u00f3rych stosowane s\u0105 filtry cz\u0105stek sta\u0142ych i inne zaawansowane systemy oczyszczania spalin, a tak\u017ce zmniejszy zatykanie filtr\u00f3w w celu utrzymania wydajno\u015bci silnika.<br \/>\nStarannie dobrane dodatki zawarte w oleju silnikowym oczyszczaj\u0105 silnik z osad\u00f3w i znacz\u0105co ograniczaj\u0105 ich dalsze powstawanie, utrzymuj\u0105c w ten spos\u00f3b silnik w czysto\u015bci. Dodatkowe zapobieganie tworzeniu si\u0119 kwas\u00f3w zapobiega korozji silnika i przed\u0142u\u017ca jego \u017cywotno\u015b\u0107.<br \/>\nNeste Pro+ W LL-III 0W-30 skutecznie chroni silnik przed zu\u017cyciem tworz\u0105c na powierzchniach silnika warstw\u0119 ochronn\u0105, wspart\u0105 najwy\u017cszej jako\u015bci dodatkami przeciwzu\u017cyciowymi. Syntetyczny olej bazowy z dodatkowymi dodatkami przeciwzu\u017cyciowymi oraz modyfikatorami tarcia zmniejszaj\u0105 tarcie wewn\u0119trzne oleju silnikowego, poprawiaj\u0105c w ten spos\u00f3b oszcz\u0119dno\u015b\u0107 paliwa. Technologia dodatk\u00f3w Low SAPS pomaga zredukowa\u0107 emisj\u0119.<br \/>\nNeste Pro+ W LL-III 0W-30 szczeg\u00f3lnie nadaje si\u0119 do silnik\u00f3w z uk\u0142adami oczyszczania spalin, takimi jak DPF (filtr cz\u0105stek sta\u0142ych), kt\u00f3re wymagaj\u0105 oleju o niskiej\/\u015bredniej zawarto\u015bci SAPS (popi\u00f3\u0142 siarczanowy, fosfor i siarka). Neste Pro+ W LL-III 0W-30 nadaje si\u0119 do wi\u0119kszo\u015bci samochod\u00f3w grupy VAG Long-life Service, nawet tych, kt\u00f3re wymagaj\u0105 oleju silnikowego typu VW 503.00 lub 506.00.<br \/>\nZalecany do stosowania w nowych i starszych silnikach diesla samochod\u00f3w grupy VAG wymagaj\u0105cych oleju silnikowego typu VW 507.00 lub VW 504.00 w silnikach benzynowych.<br \/>\nW modelach -98-letnich i nowszych silnikach wysokopr\u0119\u017cnych z technologi\u0105 pompowtryskiwaczy i normalnymi okresami mi\u0119dzy wymianami oleju co 15 000 km nale\u017cy stosowa\u0107 olej silnikowy Neste Pro C2\/C3 5W-30 lub Neste Pro C3 5W-40 (VW 505.01). Mo\u017cna stosowa\u0107 d\u0142u\u017csze okresy mi\u0119dzy wymianami oleju. Sprawd\u017a instrukcj\u0119 producenta samochodu.<br \/>\nW przypadku wyd\u0142u\u017conych okres\u00f3w mi\u0119dzy wymianami oleju jako uzupe\u0142nienie oleju nale\u017cy zastosowa\u0107 Neste Pro+ W LL-III 0W-30.<br \/>\nNormy i aprobaty:<br \/>\nACEA C3<br \/>\nBMW LL-04 (-2019)<br \/>\nMB 229.31<br \/>\nMB 229.52<br \/>\nBMW Longlife-04 (2019-)<br \/>\nMB-Approval 229.51<br \/>\nPorsche oil category C30 (pending)<br \/>\napproved under VW Standard 504 00 and VW Standard 507 00<\/p>\n","protected":false},"excerpt":{"rendered":"<p>Neste Pro+ W LL-III 0W-30 to w pe\u0142ni syntetyczny olej silnikowy opracowany specjalnie dla serwisu LongLife stosowanego w silnikach wysokopr\u0119\u017cnych i benzynowych VW, Audi, Skoda i Seat z wyd\u0142u\u017conymi okresami mi\u0119dzy wymianami oleju. Neste Pro+ W LL-III 0W-30 przekracza kryteria wydajno\u015bci normy ACEA C3. Przekracza tak\u017ce wymagania producent\u00f3w oryginalnego sprz\u0119tu (OEM) VW 504.00 i 507.00, [&hellip;]<\/p>\n","protected":false},"featured_media":590,"template":"","meta":{"_acf_changed":false},"product_brand":[44],"product_cat":[59],"product_tag":[],"class_list":{"0":"post-591","1":"product","2":"type-product","3":"status-publish","4":"has-post-thumbnail","6":"product_brand-neste","7":"product_cat-oleje-silnikowe","9":"first","10":"instock","11":"shipping-taxable","12":"purchasable","13":"product-type-simple"},"acf":[],"_links":{"self":[{"href":"https:\/\/syntaco.pl\/sklep\/wp-json\/wp\/v2\/product\/591","targetHints":{"allow":["GET"]}}],"collection":[{"href":"https:\/\/syntaco.pl\/sklep\/wp-json\/wp\/v2\/product"}],"about":[{"href":"https:\/\/syntaco.pl\/sklep\/wp-json\/wp\/v2\/types\/product"}],"wp:featuredmedia":[{"embeddable":true,"href":"https:\/\/syntaco.pl\/sklep\/wp-json\/wp\/v2\/media\/590"}],"wp:attachment":[{"href":"https:\/\/syntaco.pl\/sklep\/wp-json\/wp\/v2\/media?parent=591"}],"wp:term":[{"taxonomy":"product_brand","embeddable":true,"href":"https:\/\/syntaco.pl\/sklep\/wp-json\/wp\/v2\/product_brand?post=591"},{"taxonomy":"product_cat","embeddable":true,"href":"https:\/\/syntaco.pl\/sklep\/wp-json\/wp\/v2\/product_cat?post=591"},{"taxonomy":"product_tag","embeddable":true,"href":"https:\/\/syntaco.pl\/sklep\/wp-json\/wp\/v2\/product_tag?post=591"}],"curies":[{"name":"wp","href":"https:\/\/api.w.org\/{rel}","templated":true}]}}