{"id":589,"date":"2025-12-19T10:13:32","date_gmt":"2025-12-19T09:13:32","guid":{"rendered":"https:\/\/syntaco.artneo.pl\/produkt\/neste-pro-w-ll-iv-0w-20-1l\/"},"modified":"2026-03-28T08:29:45","modified_gmt":"2026-03-28T07:29:45","slug":"neste-pro-w-ll-iv-0w-20-1l","status":"publish","type":"product","link":"https:\/\/syntaco.pl\/sklep\/produkt\/neste-pro-w-ll-iv-0w-20-1l\/","title":{"rendered":"Neste Pro+ W LL-IV 0W-20 1L"},"content":{"rendered":"<p>Neste Pro+ W LL-IV 0W-20 to w pe\u0142ni syntetyczny olej silnikowy opracowany specjalnie dla serwisu LongLife stosowanego w silnikach wysokopr\u0119\u017cnych i benzynowych VW, Audi, Skoda i Seat z wyd\u0142u\u017conymi okresami mi\u0119dzy wymianami oleju. Neste Pro+ W LL-IV 0W-20 przekracza kryteria wydajno\u015bci norm API SN Plus, SN, SM, SL, SJ i ACEA C5. Przekracza tak\u017ce wymagania producent\u00f3w oryginalnego wyposa\u017cenia (OEM), zapewniaj\u0105c wysok\u0105 wydajno\u015b\u0107 w samochodach osobowych.<br \/>\nMa bardzo nisk\u0105 temperatur\u0119 p\u0142yni\u0119cia, co u\u0142atwia rozruch na zimno nawet w bardzo niskich temperaturach i utrzymuje odpowiednie w\u0142a\u015bciwo\u015bci smarne i ochron\u0119 silnika, dop\u00f3ki silnik nie osi\u0105gnie temperatury roboczej.<br \/>\nNeste Pro+ W LL-IV 0W-20 zosta\u0142 specjalnie opracowany jako olej silnikowy zapewniaj\u0105cy oszcz\u0119dno\u015b\u0107 paliwa. Jako olej silnikowy o niskim HTHS (wysokotemperaturowym i wysokim \u015bcinaniu) o niskim tarciu wewn\u0119trznym, znacznie zmniejszy zu\u017cycie paliwa, a tym samym zmniejszy emisj\u0119 spalin. Jako olej silnikowy typu Low SAPS (popi\u00f3\u0142 siarczanowy, fosfor i siarka) jeszcze bardziej zmniejszy ilo\u015b\u0107 emisji.<br \/>\nStarannie dobrane dodatki zawarte w oleju silnikowym oczyszczaj\u0105 silnik z osad\u00f3w i znacz\u0105co ograniczaj\u0105 ich dalsze powstawanie, utrzymuj\u0105c w ten spos\u00f3b silnik w czysto\u015bci. Dodatkowe zapobieganie tworzeniu si\u0119 kwas\u00f3w zapobiega korozji silnika i przed\u0142u\u017ca jego \u017cywotno\u015b\u0107.<br \/>\nNeste Pro+ W LL-IV 0W-20 zosta\u0142 opracowany z my\u015bl\u0105 o d\u0142u\u017cszych okresach mi\u0119dzy wymianami. Starannie dobrane dodatki pomagaj\u0105 utrzyma\u0107 czysto\u015b\u0107 silnika i ochron\u0119 przed zu\u017cyciem podczas wszystkich okres\u00f3w mi\u0119dzy wymianami. Dodatkowo dodane przeciwutleniacze jeszcze bardziej wyd\u0142u\u017caj\u0105 okresy mi\u0119dzy wymianami (zawsze sprawd\u017a zakres okres\u00f3w mi\u0119dzy wymianami w instrukcji obs\u0142ugi samochodu).<br \/>\nNeste Pro+ W LL-IV 0W-20 posiada wyj\u0105tkowo skuteczne i starannie dobrane dodatki przeciwzu\u017cyciowe, co jest bardzo wa\u017cne w przypadku olej\u00f3w silnikowych o niskiej lepko\u015bci, poniewa\u017c olej silnikowy musi chroni\u0107 silnik przed zu\u017cyciem podczas wszystkich okres\u00f3w mi\u0119dzy wymianami.<br \/>\nCECHY I ZALETY<br \/>\n&#8211; Najwy\u017csza wydajno\u015b\u0107 zimnego startu<br \/>\n&#8211; Wyj\u0105tkowe korzy\u015bci w zakresie oszcz\u0119dno\u015bci paliwa<br \/>\n&#8211; Doskona\u0142a czysto\u015b\u0107 silnika<br \/>\n&#8211; Niska emisja<br \/>\nNeste Pro + W LL-IV 0W-20 to specjalny \u201eniebieski olej\u201d, odpowiedni do silnik\u00f3w benzynowych i wysokopr\u0119\u017cnych Grupy VAG wyposa\u017conych w filtry cz\u0105stek sta\u0142ych benzyny i oleju nap\u0119dowego spe\u0142niaj\u0105cych wymagania VW 508.00 \/ 509.00.<br \/>\nNeste Pro + W LL-IV 0W-20 szczeg\u00f3lnie nadaje si\u0119 do silnik\u00f3w z uk\u0142adami oczyszczania spalin z filtrem cz\u0105stek sta\u0142ych, kt\u00f3re wymagaj\u0105 oleju o niskiej\/\u015bredniej zawarto\u015bci SAPS (popi\u00f3\u0142 siarczanowy, fosfor i siarka).<br \/>\nMo\u017cna stosowa\u0107 d\u0142u\u017csze okresy mi\u0119dzy wymianami oleju. Sprawd\u017a instrukcj\u0119 obs\u0142ugi producenta samochodu.<br \/>\nPERFORMANCE CLAIMS<br \/>\nAPI SN PLUS, SN, SM, SL, SJ<br \/>\nACEA C5<br \/>\nVW TL 52577<br \/>\nAPPROVALS<br \/>\nPorsche oil category C20<br \/>\napproved under VW Standard 508 00 and VW Standard 509 00<\/p>\n","protected":false},"excerpt":{"rendered":"<p>Neste Pro+ W LL-IV 0W-20 to w pe\u0142ni syntetyczny olej silnikowy opracowany specjalnie dla serwisu LongLife stosowanego w silnikach wysokopr\u0119\u017cnych i benzynowych VW, Audi, Skoda i Seat z wyd\u0142u\u017conymi okresami mi\u0119dzy wymianami oleju. Neste Pro+ W LL-IV 0W-20 przekracza kryteria wydajno\u015bci norm API SN Plus, SN, SM, SL, SJ i ACEA C5. Przekracza tak\u017ce wymagania [&hellip;]<\/p>\n","protected":false},"featured_media":588,"template":"","meta":{"_acf_changed":false},"product_brand":[44],"product_cat":[59],"product_tag":[],"class_list":{"0":"post-589","1":"product","2":"type-product","3":"status-publish","4":"has-post-thumbnail","6":"product_brand-neste","7":"product_cat-oleje-silnikowe","9":"first","10":"instock","11":"shipping-taxable","12":"purchasable","13":"product-type-simple"},"acf":[],"_links":{"self":[{"href":"https:\/\/syntaco.pl\/sklep\/wp-json\/wp\/v2\/product\/589","targetHints":{"allow":["GET"]}}],"collection":[{"href":"https:\/\/syntaco.pl\/sklep\/wp-json\/wp\/v2\/product"}],"about":[{"href":"https:\/\/syntaco.pl\/sklep\/wp-json\/wp\/v2\/types\/product"}],"wp:featuredmedia":[{"embeddable":true,"href":"https:\/\/syntaco.pl\/sklep\/wp-json\/wp\/v2\/media\/588"}],"wp:attachment":[{"href":"https:\/\/syntaco.pl\/sklep\/wp-json\/wp\/v2\/media?parent=589"}],"wp:term":[{"taxonomy":"product_brand","embeddable":true,"href":"https:\/\/syntaco.pl\/sklep\/wp-json\/wp\/v2\/product_brand?post=589"},{"taxonomy":"product_cat","embeddable":true,"href":"https:\/\/syntaco.pl\/sklep\/wp-json\/wp\/v2\/product_cat?post=589"},{"taxonomy":"product_tag","embeddable":true,"href":"https:\/\/syntaco.pl\/sklep\/wp-json\/wp\/v2\/product_tag?post=589"}],"curies":[{"name":"wp","href":"https:\/\/api.w.org\/{rel}","templated":true}]}}