{"id":575,"date":"2025-12-19T10:13:21","date_gmt":"2025-12-19T09:13:21","guid":{"rendered":"https:\/\/syntaco.artneo.pl\/produkt\/neste-pro-0w-40-1l\/"},"modified":"2026-03-28T08:29:40","modified_gmt":"2026-03-28T07:29:40","slug":"neste-pro-0w-40-1l","status":"publish","type":"product","link":"https:\/\/syntaco.pl\/sklep\/produkt\/neste-pro-0w-40-1l\/","title":{"rendered":"Neste Pro 0W-40 1L"},"content":{"rendered":"<p>To w pe\u0142ni syntetyczny olej silnikowy przeznaczony do wszytskich nowoczesnych samochod\u00f3w osobowych i dostawczych z silnikami wysokopr\u0119\u017cnymi i benzynowymi. Jest opracowany specjalnie do niskich temperatur. Posiada dobre w\u0142a\u015bciwo\u015bci smarne w ekstremalnych warunkach.<br \/>\nNormy, aprobaty, specyfikacje<br \/>\nSAE 0W-40<br \/>\nAPI SN, SM, SL, SJ\/CF<br \/>\nACEA A3\/B4<br \/>\nBMW LL-01 (-2018)<br \/>\nFord WSS-M2C937-A<br \/>\nMB 229.1<br \/>\nPorsche A40<br \/>\nVW 502.00 \/ 505.00<br \/>\nMB 229.3<br \/>\nMB 229.5<br \/>\nRenault RN0700<br \/>\nRenault RN0710<\/p>\n","protected":false},"excerpt":{"rendered":"<p>To w pe\u0142ni syntetyczny olej silnikowy przeznaczony do wszytskich nowoczesnych samochod\u00f3w osobowych i dostawczych z silnikami wysokopr\u0119\u017cnymi i benzynowymi. Jest opracowany specjalnie do niskich temperatur. Posiada dobre w\u0142a\u015bciwo\u015bci smarne w ekstremalnych warunkach. Normy, aprobaty, specyfikacje SAE 0W-40 API SN, SM, SL, SJ\/CF ACEA A3\/B4 BMW LL-01 (-2018) Ford WSS-M2C937-A MB 229.1 Porsche A40 VW 502.00 [&hellip;]<\/p>\n","protected":false},"featured_media":574,"template":"","meta":{"_acf_changed":false},"product_brand":[44],"product_cat":[59],"product_tag":[],"class_list":{"0":"post-575","1":"product","2":"type-product","3":"status-publish","4":"has-post-thumbnail","6":"product_brand-neste","7":"product_cat-oleje-silnikowe","9":"first","10":"instock","11":"shipping-taxable","12":"purchasable","13":"product-type-simple"},"acf":[],"_links":{"self":[{"href":"https:\/\/syntaco.pl\/sklep\/wp-json\/wp\/v2\/product\/575","targetHints":{"allow":["GET"]}}],"collection":[{"href":"https:\/\/syntaco.pl\/sklep\/wp-json\/wp\/v2\/product"}],"about":[{"href":"https:\/\/syntaco.pl\/sklep\/wp-json\/wp\/v2\/types\/product"}],"wp:featuredmedia":[{"embeddable":true,"href":"https:\/\/syntaco.pl\/sklep\/wp-json\/wp\/v2\/media\/574"}],"wp:attachment":[{"href":"https:\/\/syntaco.pl\/sklep\/wp-json\/wp\/v2\/media?parent=575"}],"wp:term":[{"taxonomy":"product_brand","embeddable":true,"href":"https:\/\/syntaco.pl\/sklep\/wp-json\/wp\/v2\/product_brand?post=575"},{"taxonomy":"product_cat","embeddable":true,"href":"https:\/\/syntaco.pl\/sklep\/wp-json\/wp\/v2\/product_cat?post=575"},{"taxonomy":"product_tag","embeddable":true,"href":"https:\/\/syntaco.pl\/sklep\/wp-json\/wp\/v2\/product_tag?post=575"}],"curies":[{"name":"wp","href":"https:\/\/api.w.org\/{rel}","templated":true}]}}