{"id":571,"date":"2025-12-19T10:13:17","date_gmt":"2025-12-19T09:13:17","guid":{"rendered":"https:\/\/syntaco.artneo.pl\/produkt\/neste-pro-5w-30-1l\/"},"modified":"2026-03-28T08:29:38","modified_gmt":"2026-03-28T07:29:38","slug":"neste-pro-5w-30-1l","status":"publish","type":"product","link":"https:\/\/syntaco.pl\/sklep\/produkt\/neste-pro-5w-30-1l\/","title":{"rendered":"Neste Pro 5W-30 1L"},"content":{"rendered":"<p>Neste Pro 5W-30 to w pe\u0142ni syntetyczny, wysokowydajny olej silnikowy zapewniaj\u0105cy d\u0142u\u017csze okresy mi\u0119dzy wymianami oleju. Neste Pro 5W-30 przekracza kryteria wydajno\u015bci API SL, SJ\/CF i ACEA A3\/B4, A3\/B3. Przekracza tak\u017ce wymagania producent\u00f3w oryginalnego sprz\u0119tu (OEM), zapewniaj\u0105c wysok\u0105 wydajno\u015b\u0107 w zastosowaniach w samochodach osobowych i dostawczych.<br \/>\nMo\u017cliwe jest stosowanie Neste Pro 5W-30 przy d\u0142ugich okresach mi\u0119dzy wymianami, poniewa\u017c jest on wytwarzany z wysokiej jako\u015bci olej\u00f3w bazowych o doskona\u0142ych w\u0142a\u015bciwo\u015bciach przeciwutleniaj\u0105cych i technologii Full SAPS, kt\u00f3ra zapewni wyj\u0105tkow\u0105 czysto\u015b\u0107 silnika i ochron\u0119 przed zu\u017cyciem podczas wszystkich okres\u00f3w mi\u0119dzy wymianami (zawsze sprawdzaj przebiegi zakres interwa\u0142\u00f3w z instrukcji obs\u0142ugi samochodu).<br \/>\nBardzo du\u017ca ilo\u015b\u0107 dodatk\u00f3w detergentowych zapewnia skuteczne dostarczanie TBN w celu neutralizacji kwas\u00f3w, oczyszcza wewn\u0119trzne cz\u0119\u015bci silnika z osad\u00f3w i utrzymuje silnik w czysto\u015bci tworz\u0105c film ochronny na powierzchniach silnika. Pomaga to zapobiega\u0107 korozji silnika i znacznie wyd\u0142u\u017ca okresy mi\u0119dzy wymianami oleju.<br \/>\nNeste Pro 5W-30 skutecznie chroni silnik przed zu\u017cyciem tworz\u0105c warstw\u0119 ochronn\u0105 na powierzchniach silnika, wspart\u0105 najwy\u017cszej jako\u015bci dodatkami przeciwzu\u017cyciowymi. Dodatkowo dodatki przeciwzu\u017cyciowe wraz z modyfikatorami tarcia zmniejszaj\u0105 tarcie wewn\u0119trzne oleju silnikowego, poprawiaj\u0105c w ten spos\u00f3b oszcz\u0119dno\u015b\u0107 paliwa.<br \/>\nDobra stabilno\u015b\u0107 temperaturowa zwi\u0119ksza trwa\u0142o\u015b\u0107 smar\u00f3w w wysokich temperaturach i poprawia przep\u0142yw w niskich temperaturach. Zapobiega to dodatkowo starzeniu si\u0119 oleju silnikowego i zapewnia ochron\u0119 silnika w szerokim zakresie temperatur.<br \/>\nCECHY I ZALETY<br \/>\n&#8211; Doskona\u0142a wydajno\u015b\u0107 zimnego startu<br \/>\n&#8211; Wi\u0119ksze korzy\u015bci w zakresie oszcz\u0119dno\u015bci paliwa<br \/>\n&#8211; D\u0142ugie okresy mi\u0119dzy wymianami<br \/>\nPERFORMANCE CLAIMS<br \/>\nAPI SL, SJ\/CF<br \/>\nACEA A3\/B4, A3\/B3<br \/>\nAPPROVALS<br \/>\nBMW Longlife-01 (2019-)<br \/>\nMB 226.5\/229.3\/229.5<br \/>\nRenault RN0700\/RN0710<br \/>\nVW 502 00 \/ 505 00<\/p>\n","protected":false},"excerpt":{"rendered":"<p>Neste Pro 5W-30 to w pe\u0142ni syntetyczny, wysokowydajny olej silnikowy zapewniaj\u0105cy d\u0142u\u017csze okresy mi\u0119dzy wymianami oleju. Neste Pro 5W-30 przekracza kryteria wydajno\u015bci API SL, SJ\/CF i ACEA A3\/B4, A3\/B3. Przekracza tak\u017ce wymagania producent\u00f3w oryginalnego sprz\u0119tu (OEM), zapewniaj\u0105c wysok\u0105 wydajno\u015b\u0107 w zastosowaniach w samochodach osobowych i dostawczych. Mo\u017cliwe jest stosowanie Neste Pro 5W-30 przy d\u0142ugich okresach [&hellip;]<\/p>\n","protected":false},"featured_media":570,"template":"","meta":{"_acf_changed":false},"product_brand":[44],"product_cat":[59],"product_tag":[],"class_list":{"0":"post-571","1":"product","2":"type-product","3":"status-publish","4":"has-post-thumbnail","6":"product_brand-neste","7":"product_cat-oleje-silnikowe","9":"first","10":"instock","11":"shipping-taxable","12":"purchasable","13":"product-type-simple"},"acf":[],"_links":{"self":[{"href":"https:\/\/syntaco.pl\/sklep\/wp-json\/wp\/v2\/product\/571","targetHints":{"allow":["GET"]}}],"collection":[{"href":"https:\/\/syntaco.pl\/sklep\/wp-json\/wp\/v2\/product"}],"about":[{"href":"https:\/\/syntaco.pl\/sklep\/wp-json\/wp\/v2\/types\/product"}],"wp:featuredmedia":[{"embeddable":true,"href":"https:\/\/syntaco.pl\/sklep\/wp-json\/wp\/v2\/media\/570"}],"wp:attachment":[{"href":"https:\/\/syntaco.pl\/sklep\/wp-json\/wp\/v2\/media?parent=571"}],"wp:term":[{"taxonomy":"product_brand","embeddable":true,"href":"https:\/\/syntaco.pl\/sklep\/wp-json\/wp\/v2\/product_brand?post=571"},{"taxonomy":"product_cat","embeddable":true,"href":"https:\/\/syntaco.pl\/sklep\/wp-json\/wp\/v2\/product_cat?post=571"},{"taxonomy":"product_tag","embeddable":true,"href":"https:\/\/syntaco.pl\/sklep\/wp-json\/wp\/v2\/product_tag?post=571"}],"curies":[{"name":"wp","href":"https:\/\/api.w.org\/{rel}","templated":true}]}}