{"id":565,"date":"2025-12-19T10:13:12","date_gmt":"2025-12-19T09:13:12","guid":{"rendered":"https:\/\/syntaco.artneo.pl\/produkt\/neste-pro-d1-0w-20-4l\/"},"modified":"2026-03-28T08:29:36","modified_gmt":"2026-03-28T07:29:36","slug":"neste-pro-d1-0w-20-4l","status":"publish","type":"product","link":"https:\/\/syntaco.pl\/sklep\/produkt\/neste-pro-d1-0w-20-4l\/","title":{"rendered":"Neste Pro D1 0W-20 4L"},"content":{"rendered":"<p>Neste Pro D1 0W-20 to w pe\u0142ni syntetyczny olej silnikowy nowej generacji o niskiej lepko\u015bci, zapewniaj\u0105cy d\u0142u\u017csze okresy mi\u0119dzy wymianami oleju. Przekracza kryteria wydajno\u015bci najnowszych kategorii olej\u00f3w API SP i ILSAC GF-6, kt\u00f3re zosta\u0142y zaprojektowane w celu zwi\u0119kszenia ochrony przed przedwczesnym zap\u0142onem przy niskich pr\u0119dko\u015bciach (LSPI), ochrony przed zu\u017cyciem \u0142a\u0144cucha rozrz\u0105du, lepszej ochrony przed osadami w wysokich temperaturach na t\u0142okach i turbospr\u0119\u017carkach, wi\u0119cej rygorystyczna kontrola osad\u00f3w i lakier\u00f3w, zmniejszona oszcz\u0119dno\u015b\u0107 paliwa i ulepszona ochrona uk\u0142adu kontroli emisji.<br \/>\nNIEZAWODNE NAWET PRZY BARDZO ZIMNYCH TEMPERATURZE NA ZEWN\u0104TRZ<br \/>\nMa nisk\u0105 temperatur\u0119 p\u0142yni\u0119cia, co u\u0142atwia rozruch na zimno nawet w bardzo niskich temperaturach i utrzymuje odpowiednie w\u0142a\u015bciwo\u015bci smarne i ochron\u0119 silnika, dop\u00f3ki silnik nie osi\u0105gnie temperatury roboczej.<br \/>\nOSZCZ\u0118DZA PALIWO W POR\u00d3WNANIU Z KONWENCJONALNYMI OLEJAMI SILNIKOWYMI<br \/>\nNeste Pro D1 0W-20 zosta\u0142 specjalnie opracowany jako olej silnikowy zapewniaj\u0105cy oszcz\u0119dno\u015b\u0107 paliwa. Jako olej silnikowy o niskiej lepko\u015bci HTHS (wysokotemperaturowe i wysokie \u015bcinanie) o niskim tarciu wewn\u0119trznym, znacznie zmniejszy zu\u017cycie paliwa, a tym samym zmniejszy emisj\u0119 spalin.<br \/>\nUTRZYMUJE SILNIK W CZYSTO\u015aCI I PRZED\u0141U\u017bA JEGO \u017bYWOTNO\u015a\u0106<br \/>\nStarannie dobrane dodatki oraz wysoka zawarto\u015b\u0107 TBN w oleju silnikowym oczyszczaj\u0105 silnik z osad\u00f3w i znacz\u0105co ograniczaj\u0105 ich dalsze powstawanie, utrzymuj\u0105c w ten spos\u00f3b silnik w czysto\u015bci. Dodatkowe zapobieganie tworzeniu si\u0119 kwas\u00f3w zapobiega korozji silnika i przed\u0142u\u017ca jego \u017cywotno\u015b\u0107.<br \/>\nWI\u0118KSZA OCHRONA SILNIKA<br \/>\nNeste Pro D1 0W-20 posiada niezwykle skuteczne i starannie dobrane dodatki przeciwzu\u017cyciowe, co jest bardzo wa\u017cne w przypadku olej\u00f3w silnikowych o niskiej lepko\u015bci, gdy\u017c olej silnikowy musi chroni\u0107 silnik przed zu\u017cyciem przez ca\u0142y okres mi\u0119dzy wymianami.<br \/>\nCECHY I ZALETY<br \/>\n&#8211; Najwy\u017csza wydajno\u015b\u0107 zimnego startu<br \/>\n&#8211; Wyj\u0105tkowe korzy\u015bci w zakresie oszcz\u0119dno\u015bci paliwa<br \/>\n&#8211; Doskona\u0142a czysto\u015b\u0107 silnika<br \/>\nNeste Pro D1 0W-20 przeznaczony jest do nowych silnik\u00f3w benzynowych i wysokopr\u0119\u017cnych samochod\u00f3w osobowych i lekkich pojazd\u00f3w u\u017cytkowych wymagaj\u0105cych oleju Dexos 1 Gen 3 o klasie lepko\u015bci SAE 0W-20.<br \/>\nZalecany do pojazd\u00f3w osobowych w Europie, Azji, Japonii i Ameryce P\u00f3\u0142nocnej.<br \/>\nNeste Pro D1 0W-20 nadaje si\u0119 r\u00f3wnie\u017c do stosowania w silnikach zasilanych LPG oraz w samochodach hybrydowych.<br \/>\nSzczeg\u00f3lnie zaleca si\u0119 stosowanie Neste Pro D1 0W-20 do nowych silnik\u00f3w Forda, GM i FIAT, kt\u00f3re wymagaj\u0105 oleju o niskiej lepko\u015bci w celu oszcz\u0119dno\u015bci paliwa.<br \/>\nUwaga!<br \/>\nSprawd\u017a instrukcj\u0119 obs\u0142ugi pojazdu pod k\u0105tem przydatno\u015bci zgodnie z deklaracjami wydajno\u015bci zawartymi w tej karcie produktu.<br \/>\nPERFORMANCE CLAIMS<br \/>\nAPI SP-RC, SP, SN PLUS, SN, SM, SL, SJ<br \/>\nGM dexos1 Gen 3, Gen 2<br \/>\nILSAC GF-6A, GF-5<br \/>\nFiat 9.55535-CR1<br \/>\nFord M2C962-A1<br \/>\nPERFORMANCE CLAIMS<br \/>\nAPI SP-RC, SP, SN PLUS, SN, SM, SL, SJ<br \/>\nGM dexos1 Gen 3, Gen 2<br \/>\nILSAC GF-6A, GF-5<br \/>\nFiat 9.55535-CR1<br \/>\nFord M2C962-A1<\/p>\n","protected":false},"excerpt":{"rendered":"<p>Neste Pro D1 0W-20 to w pe\u0142ni syntetyczny olej silnikowy nowej generacji o niskiej lepko\u015bci, zapewniaj\u0105cy d\u0142u\u017csze okresy mi\u0119dzy wymianami oleju. Przekracza kryteria wydajno\u015bci najnowszych kategorii olej\u00f3w API SP i ILSAC GF-6, kt\u00f3re zosta\u0142y zaprojektowane w celu zwi\u0119kszenia ochrony przed przedwczesnym zap\u0142onem przy niskich pr\u0119dko\u015bciach (LSPI), ochrony przed zu\u017cyciem \u0142a\u0144cucha rozrz\u0105du, lepszej ochrony przed osadami [&hellip;]<\/p>\n","protected":false},"featured_media":564,"template":"","meta":{"_acf_changed":false},"product_brand":[44],"product_cat":[59],"product_tag":[],"class_list":{"0":"post-565","1":"product","2":"type-product","3":"status-publish","4":"has-post-thumbnail","6":"product_brand-neste","7":"product_cat-oleje-silnikowe","9":"first","10":"instock","11":"shipping-taxable","12":"purchasable","13":"product-type-simple"},"acf":[],"_links":{"self":[{"href":"https:\/\/syntaco.pl\/sklep\/wp-json\/wp\/v2\/product\/565","targetHints":{"allow":["GET"]}}],"collection":[{"href":"https:\/\/syntaco.pl\/sklep\/wp-json\/wp\/v2\/product"}],"about":[{"href":"https:\/\/syntaco.pl\/sklep\/wp-json\/wp\/v2\/types\/product"}],"wp:featuredmedia":[{"embeddable":true,"href":"https:\/\/syntaco.pl\/sklep\/wp-json\/wp\/v2\/media\/564"}],"wp:attachment":[{"href":"https:\/\/syntaco.pl\/sklep\/wp-json\/wp\/v2\/media?parent=565"}],"wp:term":[{"taxonomy":"product_brand","embeddable":true,"href":"https:\/\/syntaco.pl\/sklep\/wp-json\/wp\/v2\/product_brand?post=565"},{"taxonomy":"product_cat","embeddable":true,"href":"https:\/\/syntaco.pl\/sklep\/wp-json\/wp\/v2\/product_cat?post=565"},{"taxonomy":"product_tag","embeddable":true,"href":"https:\/\/syntaco.pl\/sklep\/wp-json\/wp\/v2\/product_tag?post=565"}],"curies":[{"name":"wp","href":"https:\/\/api.w.org\/{rel}","templated":true}]}}