{"id":561,"date":"2025-12-19T10:13:09","date_gmt":"2025-12-19T09:13:09","guid":{"rendered":"https:\/\/syntaco.artneo.pl\/produkt\/neste-hydraulic-46-super-hv-46-200l\/"},"modified":"2026-03-28T08:29:35","modified_gmt":"2026-03-28T07:29:35","slug":"neste-hydraulic-46-super-hv-46-200l","status":"publish","type":"product","link":"https:\/\/syntaco.pl\/sklep\/produkt\/neste-hydraulic-46-super-hv-46-200l\/","title":{"rendered":"Neste Hydraulic 46 Super &#8211; HV 46 200L"},"content":{"rendered":"<p>Neste Hydraulic 46 Super to najwy\u017cszej jako\u015bci wielosezonowy olej hydrauliczny klasy Super do wymagaj\u0105cych zastosowa\u0144 zewn\u0119trznych. Ma niezwykle szeroki zakres temperatur pracy i doskona\u0142e w\u0142a\u015bciwo\u015bci na zimno. W\u0142a\u015bciwo\u015bci na zimno i wysoki wska\u017anik lepko\u015bci zapewniaj\u0105 najlepsz\u0105 wydajno\u015b\u0107 nawet w ekstremalnie niskich temperaturach. Specjalne dodatki opracowane do ekstremalnych warunk\u00f3w zapewniaj\u0105 skuteczn\u0105 ochron\u0119 przed zu\u017cyciem, utlenianiem i korozj\u0105. Dzi\u0119ki dobrym w\u0142a\u015bciwo\u015bciom uwalniania powietrza i deemulgacji mo\u017ce by\u0107 stosowany nawet w trudnych warunkach.<br \/>\nCECHY I ZALETY<br \/>\n&#8211; Bardzo szeroki zakres temperatur roboczych<br \/>\n&#8211; Doskona\u0142e w\u0142a\u015bciwo\u015bci przeciwzu\u017cyciowe<br \/>\n&#8211; Skuteczna ochrona przed korozj\u0105<br \/>\nAPLIKACJE<br \/>\nNeste Hydraulic 46 Super nadaje si\u0119 do uk\u0142ad\u00f3w hydraulicznych zar\u00f3wno w zastosowaniach przemys\u0142owych mobilnych, jak i zewn\u0119trznych. Neste Hydraulic 46 Super zosta\u0142 opracowany do stosowania przez ca\u0142y rok, gdy temperatura jest niska podczas uruchamiania i wysoka podczas pracy uk\u0142ad\u00f3w hydraulicznych. Neste Hydrauli 46 Super mo\u017cna stosowa\u0107 tak\u017ce w ekstremalnie niskich temperaturach, je\u015bli w razie potrzeby stosuje si\u0119 wst\u0119pne podgrzewanie. Neste Hydraulic 46 Super jest stosowany na przyk\u0142ad w koparkach, sprz\u0119cie le\u015bnym, maszynach do rob\u00f3t ziemnych, w\u00f3zkach wid\u0142owych, d\u017awigach itp. w hydraulice.<br \/>\nISO VG 46<br \/>\nISO 11158 HV, ISO 6743-4 HV<br \/>\nDIN 51524-3 HVLP<br \/>\nSS 15 54 34 AV<br \/>\nAFNOR NFE 48-603, NFE 48-690\/1<br \/>\nCincinnati Milacron P-70<br \/>\nDenison HF-0, HF-1, HF-2 (2003)<br \/>\nEaton Vickers I-286-S, M-2950-S<\/p>\n","protected":false},"excerpt":{"rendered":"<p>Neste Hydraulic 46 Super to najwy\u017cszej jako\u015bci wielosezonowy olej hydrauliczny klasy Super do wymagaj\u0105cych zastosowa\u0144 zewn\u0119trznych. Ma niezwykle szeroki zakres temperatur pracy i doskona\u0142e w\u0142a\u015bciwo\u015bci na zimno. W\u0142a\u015bciwo\u015bci na zimno i wysoki wska\u017anik lepko\u015bci zapewniaj\u0105 najlepsz\u0105 wydajno\u015b\u0107 nawet w ekstremalnie niskich temperaturach. Specjalne dodatki opracowane do ekstremalnych warunk\u00f3w zapewniaj\u0105 skuteczn\u0105 ochron\u0119 przed zu\u017cyciem, utlenianiem i [&hellip;]<\/p>\n","protected":false},"featured_media":560,"template":"","meta":{"_acf_changed":false},"product_brand":[44],"product_cat":[45,30],"product_tag":[],"class_list":{"0":"post-561","1":"product","2":"type-product","3":"status-publish","4":"has-post-thumbnail","6":"product_brand-neste","7":"product_cat-oleje-hydrauliczne","8":"product_cat-produkty","10":"first","11":"instock","12":"shipping-taxable","13":"purchasable","14":"product-type-simple"},"acf":[],"_links":{"self":[{"href":"https:\/\/syntaco.pl\/sklep\/wp-json\/wp\/v2\/product\/561","targetHints":{"allow":["GET"]}}],"collection":[{"href":"https:\/\/syntaco.pl\/sklep\/wp-json\/wp\/v2\/product"}],"about":[{"href":"https:\/\/syntaco.pl\/sklep\/wp-json\/wp\/v2\/types\/product"}],"wp:featuredmedia":[{"embeddable":true,"href":"https:\/\/syntaco.pl\/sklep\/wp-json\/wp\/v2\/media\/560"}],"wp:attachment":[{"href":"https:\/\/syntaco.pl\/sklep\/wp-json\/wp\/v2\/media?parent=561"}],"wp:term":[{"taxonomy":"product_brand","embeddable":true,"href":"https:\/\/syntaco.pl\/sklep\/wp-json\/wp\/v2\/product_brand?post=561"},{"taxonomy":"product_cat","embeddable":true,"href":"https:\/\/syntaco.pl\/sklep\/wp-json\/wp\/v2\/product_cat?post=561"},{"taxonomy":"product_tag","embeddable":true,"href":"https:\/\/syntaco.pl\/sklep\/wp-json\/wp\/v2\/product_tag?post=561"}],"curies":[{"name":"wp","href":"https:\/\/api.w.org\/{rel}","templated":true}]}}