{"id":555,"date":"2025-12-19T10:13:05","date_gmt":"2025-12-19T09:13:05","guid":{"rendered":"https:\/\/syntaco.artneo.pl\/produkt\/neste-hydraulic-46-hv-46-200l\/"},"modified":"2026-03-31T20:32:35","modified_gmt":"2026-03-31T18:32:35","slug":"neste-hydraulic-46-hv-46-200l","status":"publish","type":"product","link":"https:\/\/syntaco.pl\/sklep\/produkt\/neste-hydraulic-46-hv-46-200l\/","title":{"rendered":"Neste Hydraulic 46 &#8211; HV 46 200L"},"content":{"rendered":"<p>Neste Hydraulic 46 to wysokiej jako\u015bci uniwersalny olej hydrauliczny. Olej ten przeznaczony jest szczeg\u00f3lnie do zastosowa\u0144 terenowych i maszyn rolniczych. Neste Hydraulic 46 charakteryzuje si\u0119 doskona\u0142\u0105 odporno\u015bci\u0105 na \u015bcinanie, co oznacza, \u017ce \u200b\u200blepko\u015b\u0107 nie spada nawet podczas d\u0142ugich okres\u00f3w mi\u0119dzy wymianami. Wysokiej jako\u015bci olej bazowy i dodatki klasy premium zapewniaj\u0105 doskona\u0142\u0105 ochron\u0119 przed zu\u017cyciem, pienieniem, korozj\u0105 i utlenianiem. Je\u017celi wymagany jest jeszcze szerszy zakres temperatur pracy i lepsze w\u0142a\u015bciwo\u015bci w niskich temperaturach, zalecamy stosowanie olej\u00f3w hydraulicznych z serii Neste Hydraulic Super.<br \/>\nCECHY I ZALETY<br \/>\n&#8211; Szeroki zakres temperatur pracy<br \/>\n&#8211; Bardzo dobra odporno\u015b\u0107 na \u015bcinanie<br \/>\n&#8211; Skuteczna ochrona przed korozj\u0105<br \/>\n&#8211; Dobre w\u0142a\u015bciwo\u015bci przeciwzu\u017cyciowe<br \/>\nAPLIKACJE<br \/>\nNeste Hydraulic 46 nadaje si\u0119 do uk\u0142ad\u00f3w hydraulicznych zar\u00f3wno w zastosowaniach mobilnych, jak i przemys\u0142owych. Typowe zastosowania Neste Hydraulic 46 to koparki, maszyny le\u015bne i rolnicze, maszyny do rob\u00f3t ziemnych, w\u00f3zki wid\u0142owe itp.<br \/>\nISO VG 46<br \/>\nISO 11158 HV<br \/>\nDIN 51524-3 HVLP<br \/>\nSS 15 54 34 AV<br \/>\nEaton Vickers I-286-S, M-2950-S<\/p>\n","protected":false},"excerpt":{"rendered":"<p>Neste Hydraulic 46 to wysokiej jako\u015bci uniwersalny olej hydrauliczny. Olej ten przeznaczony jest szczeg\u00f3lnie do zastosowa\u0144 terenowych i maszyn rolniczych. Neste Hydraulic 46 charakteryzuje si\u0119 doskona\u0142\u0105 odporno\u015bci\u0105 na \u015bcinanie, co oznacza, \u017ce \u200b\u200blepko\u015b\u0107 nie spada nawet podczas d\u0142ugich okres\u00f3w mi\u0119dzy wymianami. Wysokiej jako\u015bci olej bazowy i dodatki klasy premium zapewniaj\u0105 doskona\u0142\u0105 ochron\u0119 przed zu\u017cyciem, pienieniem, [&hellip;]<\/p>\n","protected":false},"featured_media":554,"template":"","meta":{"_acf_changed":false},"product_brand":[44],"product_cat":[45,30],"product_tag":[],"class_list":{"0":"post-555","1":"product","2":"type-product","3":"status-publish","4":"has-post-thumbnail","6":"product_brand-neste","7":"product_cat-oleje-hydrauliczne","8":"product_cat-produkty","10":"first","11":"instock","12":"shipping-taxable","13":"purchasable","14":"product-type-simple"},"acf":[],"_links":{"self":[{"href":"https:\/\/syntaco.pl\/sklep\/wp-json\/wp\/v2\/product\/555","targetHints":{"allow":["GET"]}}],"collection":[{"href":"https:\/\/syntaco.pl\/sklep\/wp-json\/wp\/v2\/product"}],"about":[{"href":"https:\/\/syntaco.pl\/sklep\/wp-json\/wp\/v2\/types\/product"}],"wp:featuredmedia":[{"embeddable":true,"href":"https:\/\/syntaco.pl\/sklep\/wp-json\/wp\/v2\/media\/554"}],"wp:attachment":[{"href":"https:\/\/syntaco.pl\/sklep\/wp-json\/wp\/v2\/media?parent=555"}],"wp:term":[{"taxonomy":"product_brand","embeddable":true,"href":"https:\/\/syntaco.pl\/sklep\/wp-json\/wp\/v2\/product_brand?post=555"},{"taxonomy":"product_cat","embeddable":true,"href":"https:\/\/syntaco.pl\/sklep\/wp-json\/wp\/v2\/product_cat?post=555"},{"taxonomy":"product_tag","embeddable":true,"href":"https:\/\/syntaco.pl\/sklep\/wp-json\/wp\/v2\/product_tag?post=555"}],"curies":[{"name":"wp","href":"https:\/\/api.w.org\/{rel}","templated":true}]}}