{"id":553,"date":"2025-12-19T10:13:02","date_gmt":"2025-12-19T09:13:02","guid":{"rendered":"https:\/\/syntaco.artneo.pl\/produkt\/neste-gear-80w-90-1l\/"},"modified":"2026-03-28T08:29:32","modified_gmt":"2026-03-28T07:29:32","slug":"neste-gear-80w-90-1l","status":"publish","type":"product","link":"https:\/\/syntaco.pl\/sklep\/produkt\/neste-gear-80w-90-1l\/","title":{"rendered":"Neste Gear 80W-90 1L"},"content":{"rendered":"<p>Neste Gear GL-4 80W-90 to olej przek\u0142adniowy na bazie rafinowanych rozpuszczalnikami parafinowych olej\u00f3w bazowych ze standardowymi dodatkami API GL-4 zapewniaj\u0105cymi odporno\u015b\u0107 na zu\u017cycie, ci\u015bnienie, pienienie, utlenianie i korozj\u0119. Neste Gear GL-4 80W-90 nadaje si\u0119 do wi\u0119kszo\u015bci manualnych skrzy\u0144 bieg\u00f3w. Zalecany szczeg\u00f3lnie do przek\u0142adni ZF samochod\u00f3w ci\u0119\u017carowych i autobus\u00f3w oraz do przek\u0142adni wi\u0119kszo\u015bci samochod\u00f3w osobowych z nap\u0119dem na przednie ko\u0142a. Dodatek zgodny ze standardem API GL-4 olej\u00f3w zapewnia skuteczn\u0105 odporno\u015b\u0107 na zu\u017cycie, ale nie utrudnia pracy mechanizm\u00f3w synchronizator\u00f3w. NORMY I SPECYFIKACJE: SAE 80W-90, API GL-4.<\/p>\n","protected":false},"excerpt":{"rendered":"<p>Neste Gear GL-4 80W-90 to olej przek\u0142adniowy na bazie rafinowanych rozpuszczalnikami parafinowych olej\u00f3w bazowych ze standardowymi dodatkami API GL-4 zapewniaj\u0105cymi odporno\u015b\u0107 na zu\u017cycie, ci\u015bnienie, pienienie, utlenianie i korozj\u0119. Neste Gear GL-4 80W-90 nadaje si\u0119 do wi\u0119kszo\u015bci manualnych skrzy\u0144 bieg\u00f3w. Zalecany szczeg\u00f3lnie do przek\u0142adni ZF samochod\u00f3w ci\u0119\u017carowych i autobus\u00f3w oraz do przek\u0142adni wi\u0119kszo\u015bci samochod\u00f3w osobowych z [&hellip;]<\/p>\n","protected":false},"featured_media":552,"template":"","meta":{"_acf_changed":false},"product_brand":[44],"product_cat":[36,30],"product_tag":[],"class_list":{"0":"post-553","1":"product","2":"type-product","3":"status-publish","4":"has-post-thumbnail","6":"product_brand-neste","7":"product_cat-oleje-przekladniowe","8":"product_cat-produkty","10":"first","11":"instock","12":"shipping-taxable","13":"purchasable","14":"product-type-simple"},"acf":[],"_links":{"self":[{"href":"https:\/\/syntaco.pl\/sklep\/wp-json\/wp\/v2\/product\/553","targetHints":{"allow":["GET"]}}],"collection":[{"href":"https:\/\/syntaco.pl\/sklep\/wp-json\/wp\/v2\/product"}],"about":[{"href":"https:\/\/syntaco.pl\/sklep\/wp-json\/wp\/v2\/types\/product"}],"wp:featuredmedia":[{"embeddable":true,"href":"https:\/\/syntaco.pl\/sklep\/wp-json\/wp\/v2\/media\/552"}],"wp:attachment":[{"href":"https:\/\/syntaco.pl\/sklep\/wp-json\/wp\/v2\/media?parent=553"}],"wp:term":[{"taxonomy":"product_brand","embeddable":true,"href":"https:\/\/syntaco.pl\/sklep\/wp-json\/wp\/v2\/product_brand?post=553"},{"taxonomy":"product_cat","embeddable":true,"href":"https:\/\/syntaco.pl\/sklep\/wp-json\/wp\/v2\/product_cat?post=553"},{"taxonomy":"product_tag","embeddable":true,"href":"https:\/\/syntaco.pl\/sklep\/wp-json\/wp\/v2\/product_tag?post=553"}],"curies":[{"name":"wp","href":"https:\/\/api.w.org\/{rel}","templated":true}]}}