{"id":546,"date":"2025-12-19T10:12:56","date_gmt":"2025-12-19T09:12:56","guid":{"rendered":"https:\/\/syntaco.artneo.pl\/produkt\/neste-allrex-ep-2-420ml-400g\/"},"modified":"2026-03-28T08:29:31","modified_gmt":"2026-03-28T07:29:31","slug":"neste-allrex-ep-2-420ml-400g","status":"publish","type":"product","link":"https:\/\/syntaco.pl\/sklep\/produkt\/neste-allrex-ep-2-420ml-400g\/","title":{"rendered":"Neste Allrex EP 2 420ml\/400g"},"content":{"rendered":"<p>Funkcje i korzy\u015bci:<br \/>\n&#8211; Uniwersalny<br \/>\n&#8211; Dobra pompowalno\u015b\u0107<br \/>\n&#8211; Dobre w\u0142a\u015bciwo\u015bci antykorozyjne<br \/>\n&#8211; Dobre w\u0142a\u015bciwo\u015bci przeciwzu\u017cyciowe i EP<br \/>\n&#8211; Do smarowania k\u00f3\u0142 i \u0142o\u017cysk (NLGI 2)<br \/>\n&#8211; Do system\u00f3w centralnego smarowania (NLGI 0, 1)<br \/>\nSpecyfikacje:<br \/>\n&#8211; ISO 12924: ISO-L-XC(F)CIB0 \/ -XCCFB1 \/ -XCCIB2<br \/>\n&#8211; NLGI 0, 1, 2<br \/>\n&#8211; DIN 51502: KP0K-30 \/ KP1K-30 \/ KP2K-30<br \/>\n&#8211; MAN 283 Li-P 2<br \/>\n&#8211; MB Blatt 267.0<br \/>\n&#8211; Volvo std 1277.18<\/p>\n","protected":false},"excerpt":{"rendered":"<p>Funkcje i korzy\u015bci: &#8211; Uniwersalny &#8211; Dobra pompowalno\u015b\u0107 &#8211; Dobre w\u0142a\u015bciwo\u015bci antykorozyjne &#8211; Dobre w\u0142a\u015bciwo\u015bci przeciwzu\u017cyciowe i EP &#8211; Do smarowania k\u00f3\u0142 i \u0142o\u017cysk (NLGI 2) &#8211; Do system\u00f3w centralnego smarowania (NLGI 0, 1) Specyfikacje: &#8211; ISO 12924: ISO-L-XC(F)CIB0 \/ -XCCFB1 \/ -XCCIB2 &#8211; NLGI 0, 1, 2 &#8211; DIN 51502: KP0K-30 \/ KP1K-30 \/ [&hellip;]<\/p>\n","protected":false},"featured_media":545,"template":"","meta":{"_acf_changed":false},"product_brand":[44],"product_cat":[30,31],"product_tag":[],"class_list":{"0":"post-546","1":"product","2":"type-product","3":"status-publish","4":"has-post-thumbnail","6":"product_brand-neste","7":"product_cat-produkty","8":"product_cat-smary","10":"first","11":"instock","12":"shipping-taxable","13":"purchasable","14":"product-type-simple"},"acf":[],"_links":{"self":[{"href":"https:\/\/syntaco.pl\/sklep\/wp-json\/wp\/v2\/product\/546","targetHints":{"allow":["GET"]}}],"collection":[{"href":"https:\/\/syntaco.pl\/sklep\/wp-json\/wp\/v2\/product"}],"about":[{"href":"https:\/\/syntaco.pl\/sklep\/wp-json\/wp\/v2\/types\/product"}],"wp:featuredmedia":[{"embeddable":true,"href":"https:\/\/syntaco.pl\/sklep\/wp-json\/wp\/v2\/media\/545"}],"wp:attachment":[{"href":"https:\/\/syntaco.pl\/sklep\/wp-json\/wp\/v2\/media?parent=546"}],"wp:term":[{"taxonomy":"product_brand","embeddable":true,"href":"https:\/\/syntaco.pl\/sklep\/wp-json\/wp\/v2\/product_brand?post=546"},{"taxonomy":"product_cat","embeddable":true,"href":"https:\/\/syntaco.pl\/sklep\/wp-json\/wp\/v2\/product_cat?post=546"},{"taxonomy":"product_tag","embeddable":true,"href":"https:\/\/syntaco.pl\/sklep\/wp-json\/wp\/v2\/product_tag?post=546"}],"curies":[{"name":"wp","href":"https:\/\/api.w.org\/{rel}","templated":true}]}}