{"id":538,"date":"2025-12-19T10:12:49","date_gmt":"2025-12-19T09:12:49","guid":{"rendered":"https:\/\/syntaco.artneo.pl\/produkt\/kajo-walzlagerfett-l-221-kt-500-g\/"},"modified":"2026-04-15T09:41:06","modified_gmt":"2026-04-15T07:41:06","slug":"kajo-walzlagerfett-l-221-kt-500-g","status":"publish","type":"product","link":"https:\/\/syntaco.pl\/sklep\/produkt\/kajo-walzlagerfett-l-221-kt-500-g\/","title":{"rendered":"KAJO-W\u00e4lzlagerfett L 221 Kt. 500 g"},"content":{"rendered":"<p>Smar do \u0142o\u017cysk tocznych KAJO L 221 produkowany jest na bazie wysokiej jako\u015bci mineralnych olej\u00f3w bazowych z zastosowaniem myde\u0142 litowo-12-hydroksylowych jako zag\u0119stnika. Ten odporny na temperatur\u0119 smar do \u0142o\u017cysk tocznych i \u015blizgowych zawiera wysoce skuteczne dodatki poprawiaj\u0105ce ochron\u0119 przed korozj\u0105, odporno\u015b\u0107 na starzenie, ochron\u0119 przed zu\u017cyciem (dodatki EP) i przyczepno\u015b\u0107. Praktyczne zalety: Smar do \u0142o\u017cysk tocznych KAJO L 221 nadaje si\u0119 do smarowania wszystkich typ\u00f3w \u0142o\u017cysk tocznych i osi\u0105ga charakterystyk\u0119 pr\u0119dko\u015bci n x d M = 500 000. Dlatego smar do \u0142o\u017cysk tocznych KAJO L 221 nadaje si\u0119 do stosowania w \u0142o\u017cyskach tocznych silnik\u00f3w elektrycznych i obrabiarek.<\/p>\n","protected":false},"excerpt":{"rendered":"<p>Smar do \u0142o\u017cysk tocznych KAJO L 221 produkowany jest na bazie wysokiej jako\u015bci mineralnych olej\u00f3w bazowych z zastosowaniem myde\u0142 litowo-12-hydroksylowych jako zag\u0119stnika. Ten odporny na temperatur\u0119 smar do \u0142o\u017cysk tocznych i \u015blizgowych zawiera wysoce skuteczne dodatki poprawiaj\u0105ce ochron\u0119 przed korozj\u0105, odporno\u015b\u0107 na starzenie, ochron\u0119 przed zu\u017cyciem (dodatki EP) i przyczepno\u015b\u0107. Praktyczne zalety: Smar do \u0142o\u017cysk [&hellip;]<\/p>\n","protected":false},"featured_media":537,"template":"","meta":{"_acf_changed":false},"product_brand":[38],"product_cat":[30,31],"product_tag":[],"class_list":{"0":"post-538","1":"product","2":"type-product","3":"status-publish","4":"has-post-thumbnail","6":"product_brand-kajo","7":"product_cat-produkty","8":"product_cat-smary","10":"first","11":"instock","12":"shipping-taxable","13":"purchasable","14":"product-type-simple"},"acf":[],"_links":{"self":[{"href":"https:\/\/syntaco.pl\/sklep\/wp-json\/wp\/v2\/product\/538","targetHints":{"allow":["GET"]}}],"collection":[{"href":"https:\/\/syntaco.pl\/sklep\/wp-json\/wp\/v2\/product"}],"about":[{"href":"https:\/\/syntaco.pl\/sklep\/wp-json\/wp\/v2\/types\/product"}],"wp:featuredmedia":[{"embeddable":true,"href":"https:\/\/syntaco.pl\/sklep\/wp-json\/wp\/v2\/media\/537"}],"wp:attachment":[{"href":"https:\/\/syntaco.pl\/sklep\/wp-json\/wp\/v2\/media?parent=538"}],"wp:term":[{"taxonomy":"product_brand","embeddable":true,"href":"https:\/\/syntaco.pl\/sklep\/wp-json\/wp\/v2\/product_brand?post=538"},{"taxonomy":"product_cat","embeddable":true,"href":"https:\/\/syntaco.pl\/sklep\/wp-json\/wp\/v2\/product_cat?post=538"},{"taxonomy":"product_tag","embeddable":true,"href":"https:\/\/syntaco.pl\/sklep\/wp-json\/wp\/v2\/product_tag?post=538"}],"curies":[{"name":"wp","href":"https:\/\/api.w.org\/{rel}","templated":true}]}}