{"id":534,"date":"2025-12-19T10:12:46","date_gmt":"2025-12-19T09:12:46","guid":{"rendered":"https:\/\/syntaco.artneo.pl\/produkt\/gm-opel-10w-40-2l-oem-93165214\/"},"modified":"2026-04-15T09:41:05","modified_gmt":"2026-04-15T07:41:05","slug":"gm-opel-10w-40-2l-oem-93165214","status":"publish","type":"product","link":"https:\/\/syntaco.pl\/sklep\/produkt\/gm-opel-10w-40-2l-oem-93165214\/","title":{"rendered":"GM\/OPEL 10W-40 2L OEM 93165214"},"content":{"rendered":"<p>P\u00f3\u0142syntetyczny olej silnikowy przeznaczony do wszystkich silnik\u00f3w benzynowych i wysokopr\u0119\u017cnych Oryginalny olej General Motors, zapewnia d\u0142ugotrwa\u0142\u0105 ochron\u0119 silnika oraz obni\u017ca zu\u017cycie paliwa. Szczeg\u00f3lnie polecany do silnik\u00f3w samochod\u00f3w marki: OPEL, CHEVROLET oraz SAAB. Lepko\u015b\u0107 wg SAE: 10W40 Spe\u0142nia wymagania jako\u015bciowe: API SL\/CF ACEA A3\/B3<\/p>\n","protected":false},"excerpt":{"rendered":"<p>P\u00f3\u0142syntetyczny olej silnikowy przeznaczony do wszystkich silnik\u00f3w benzynowych i wysokopr\u0119\u017cnych Oryginalny olej General Motors, zapewnia d\u0142ugotrwa\u0142\u0105 ochron\u0119 silnika oraz obni\u017ca zu\u017cycie paliwa. Szczeg\u00f3lnie polecany do silnik\u00f3w samochod\u00f3w marki: OPEL, CHEVROLET oraz SAAB. Lepko\u015b\u0107 wg SAE: 10W40 Spe\u0142nia wymagania jako\u015bciowe: API SL\/CF ACEA A3\/B3<\/p>\n","protected":false},"featured_media":533,"template":"","meta":{"_acf_changed":false},"product_brand":[41],"product_cat":[59],"product_tag":[],"class_list":{"0":"post-534","1":"product","2":"type-product","3":"status-publish","4":"has-post-thumbnail","6":"product_brand-gm","7":"product_cat-oleje-silnikowe","9":"first","10":"instock","11":"shipping-taxable","12":"purchasable","13":"product-type-simple"},"acf":[],"_links":{"self":[{"href":"https:\/\/syntaco.pl\/sklep\/wp-json\/wp\/v2\/product\/534","targetHints":{"allow":["GET"]}}],"collection":[{"href":"https:\/\/syntaco.pl\/sklep\/wp-json\/wp\/v2\/product"}],"about":[{"href":"https:\/\/syntaco.pl\/sklep\/wp-json\/wp\/v2\/types\/product"}],"wp:featuredmedia":[{"embeddable":true,"href":"https:\/\/syntaco.pl\/sklep\/wp-json\/wp\/v2\/media\/533"}],"wp:attachment":[{"href":"https:\/\/syntaco.pl\/sklep\/wp-json\/wp\/v2\/media?parent=534"}],"wp:term":[{"taxonomy":"product_brand","embeddable":true,"href":"https:\/\/syntaco.pl\/sklep\/wp-json\/wp\/v2\/product_brand?post=534"},{"taxonomy":"product_cat","embeddable":true,"href":"https:\/\/syntaco.pl\/sklep\/wp-json\/wp\/v2\/product_cat?post=534"},{"taxonomy":"product_tag","embeddable":true,"href":"https:\/\/syntaco.pl\/sklep\/wp-json\/wp\/v2\/product_tag?post=534"}],"curies":[{"name":"wp","href":"https:\/\/api.w.org\/{rel}","templated":true}]}}