{"id":527,"date":"2025-12-19T10:12:40","date_gmt":"2025-12-19T09:12:40","guid":{"rendered":"https:\/\/syntaco.artneo.pl\/produkt\/mazda-original-oil-supra-dpf-0w-30-1l-oem-186898\/"},"modified":"2026-02-24T08:27:46","modified_gmt":"2026-02-24T07:27:46","slug":"mazda-original-oil-supra-dpf-0w-30-1l-oem-186898","status":"publish","type":"product","link":"https:\/\/syntaco.pl\/sklep\/produkt\/mazda-original-oil-supra-dpf-0w-30-1l-oem-186898\/","title":{"rendered":"Mazda Original Oil Supra DPF 0W-30 1L OEM 186898"},"content":{"rendered":"<p>Mazda DPF 0W-30 to najnowszej generacji w 100% syntetyczny olej, opracowany specjalnie w celu zar\u00f3wno zwi\u0119kszenia mocy silnika diesla, jak i zmniejszenia zu\u017cycia paliwa. Przyczynia si\u0119 do ochrony \u015brodowiska naturalnego poprzez redukcj\u0119 zu\u017cycia paliwa i ograniczenie emisji CO2\u2082.<\/p>\n","protected":false},"excerpt":{"rendered":"<p>Mazda DPF 0W-30 to najnowszej generacji w 100% syntetyczny olej, opracowany specjalnie w celu zar\u00f3wno zwi\u0119kszenia mocy silnika diesla, jak i zmniejszenia zu\u017cycia paliwa. Przyczynia si\u0119 do ochrony \u015brodowiska naturalnego poprzez redukcj\u0119 zu\u017cycia paliwa i ograniczenie emisji CO2\u2082.<\/p>\n","protected":false},"featured_media":526,"template":"","meta":{"_acf_changed":false},"product_brand":[42],"product_cat":[59],"product_tag":[],"class_list":{"0":"post-527","1":"product","2":"type-product","3":"status-publish","4":"has-post-thumbnail","6":"product_brand-mazda","7":"product_cat-oleje-silnikowe","9":"first","10":"instock","11":"shipping-taxable","12":"purchasable","13":"product-type-simple"},"acf":[],"_links":{"self":[{"href":"https:\/\/syntaco.pl\/sklep\/wp-json\/wp\/v2\/product\/527","targetHints":{"allow":["GET"]}}],"collection":[{"href":"https:\/\/syntaco.pl\/sklep\/wp-json\/wp\/v2\/product"}],"about":[{"href":"https:\/\/syntaco.pl\/sklep\/wp-json\/wp\/v2\/types\/product"}],"wp:featuredmedia":[{"embeddable":true,"href":"https:\/\/syntaco.pl\/sklep\/wp-json\/wp\/v2\/media\/526"}],"wp:attachment":[{"href":"https:\/\/syntaco.pl\/sklep\/wp-json\/wp\/v2\/media?parent=527"}],"wp:term":[{"taxonomy":"product_brand","embeddable":true,"href":"https:\/\/syntaco.pl\/sklep\/wp-json\/wp\/v2\/product_brand?post=527"},{"taxonomy":"product_cat","embeddable":true,"href":"https:\/\/syntaco.pl\/sklep\/wp-json\/wp\/v2\/product_cat?post=527"},{"taxonomy":"product_tag","embeddable":true,"href":"https:\/\/syntaco.pl\/sklep\/wp-json\/wp\/v2\/product_tag?post=527"}],"curies":[{"name":"wp","href":"https:\/\/api.w.org\/{rel}","templated":true}]}}