{"id":522,"date":"2025-12-19T10:12:36","date_gmt":"2025-12-19T09:12:36","guid":{"rendered":"https:\/\/syntaco.artneo.pl\/produkt\/gm-opel-dexos-1-gen-3-5w-30-5l-oem-95599877\/"},"modified":"2026-04-15T09:41:01","modified_gmt":"2026-04-15T07:41:01","slug":"gm-opel-dexos-1-gen-3-5w-30-5l-oem-95599877","status":"publish","type":"product","link":"https:\/\/syntaco.pl\/sklep\/produkt\/gm-opel-dexos-1-gen-3-5w-30-5l-oem-95599877\/","title":{"rendered":"GM\/OPEL DEXOS 1 GEN 3 5W-30 5L OEM 95599877"},"content":{"rendered":"<p>Syntetyczny olej silnikowy marki General Motors 5W30 z norm\u0105 Dexos 1 drugiej generacji. Dedykowany do silnik\u00f3w benzynowych koncernu GM produkowanych od 2018 roku. Odpowiedni do jednostek nap\u0119dowych GDI oraz z turbodo\u0142adowaniem T-GDI.<\/p>\n","protected":false},"excerpt":{"rendered":"<p>Syntetyczny olej silnikowy marki General Motors 5W30 z norm\u0105 Dexos 1 drugiej generacji. Dedykowany do silnik\u00f3w benzynowych koncernu GM produkowanych od 2018 roku. Odpowiedni do jednostek nap\u0119dowych GDI oraz z turbodo\u0142adowaniem T-GDI.<\/p>\n","protected":false},"featured_media":520,"template":"","meta":{"_acf_changed":false},"product_brand":[41],"product_cat":[59],"product_tag":[],"class_list":{"0":"post-522","1":"product","2":"type-product","3":"status-publish","4":"has-post-thumbnail","6":"product_brand-gm","7":"product_cat-oleje-silnikowe","9":"first","10":"instock","11":"shipping-taxable","12":"purchasable","13":"product-type-simple"},"acf":[],"_links":{"self":[{"href":"https:\/\/syntaco.pl\/sklep\/wp-json\/wp\/v2\/product\/522","targetHints":{"allow":["GET"]}}],"collection":[{"href":"https:\/\/syntaco.pl\/sklep\/wp-json\/wp\/v2\/product"}],"about":[{"href":"https:\/\/syntaco.pl\/sklep\/wp-json\/wp\/v2\/types\/product"}],"wp:featuredmedia":[{"embeddable":true,"href":"https:\/\/syntaco.pl\/sklep\/wp-json\/wp\/v2\/media\/520"}],"wp:attachment":[{"href":"https:\/\/syntaco.pl\/sklep\/wp-json\/wp\/v2\/media?parent=522"}],"wp:term":[{"taxonomy":"product_brand","embeddable":true,"href":"https:\/\/syntaco.pl\/sklep\/wp-json\/wp\/v2\/product_brand?post=522"},{"taxonomy":"product_cat","embeddable":true,"href":"https:\/\/syntaco.pl\/sklep\/wp-json\/wp\/v2\/product_cat?post=522"},{"taxonomy":"product_tag","embeddable":true,"href":"https:\/\/syntaco.pl\/sklep\/wp-json\/wp\/v2\/product_tag?post=522"}],"curies":[{"name":"wp","href":"https:\/\/api.w.org\/{rel}","templated":true}]}}