{"id":514,"date":"2025-12-19T10:12:25","date_gmt":"2025-12-19T09:12:25","guid":{"rendered":"https:\/\/syntaco.artneo.pl\/produkt\/gm-opel-15w-40-5l-oem-93165220\/"},"modified":"2026-04-15T09:40:59","modified_gmt":"2026-04-15T07:40:59","slug":"gm-opel-15w-40-5l-oem-93165220","status":"publish","type":"product","link":"https:\/\/syntaco.pl\/sklep\/produkt\/gm-opel-15w-40-5l-oem-93165220\/","title":{"rendered":"GM\/OPEL 15W-40 5L OEM 93165220"},"content":{"rendered":"<p>Mineralny olej silnikowy General Motors 15W40 o pojemno\u015bci 5L. Dedykowany do silnik\u00f3w benzynowych i diesla. Najcz\u0119\u015bciej wykorzystywany w samochodach marki Chevrolet, Opel i Saab.<\/p>\n","protected":false},"excerpt":{"rendered":"<p>Mineralny olej silnikowy General Motors 15W40 o pojemno\u015bci 5L. Dedykowany do silnik\u00f3w benzynowych i diesla. Najcz\u0119\u015bciej wykorzystywany w samochodach marki Chevrolet, Opel i Saab.<\/p>\n","protected":false},"featured_media":513,"template":"","meta":{"_acf_changed":false},"product_brand":[41],"product_cat":[59],"product_tag":[],"class_list":{"0":"post-514","1":"product","2":"type-product","3":"status-publish","4":"has-post-thumbnail","6":"product_brand-gm","7":"product_cat-oleje-silnikowe","9":"first","10":"instock","11":"shipping-taxable","12":"purchasable","13":"product-type-simple"},"acf":[],"_links":{"self":[{"href":"https:\/\/syntaco.pl\/sklep\/wp-json\/wp\/v2\/product\/514","targetHints":{"allow":["GET"]}}],"collection":[{"href":"https:\/\/syntaco.pl\/sklep\/wp-json\/wp\/v2\/product"}],"about":[{"href":"https:\/\/syntaco.pl\/sklep\/wp-json\/wp\/v2\/types\/product"}],"wp:featuredmedia":[{"embeddable":true,"href":"https:\/\/syntaco.pl\/sklep\/wp-json\/wp\/v2\/media\/513"}],"wp:attachment":[{"href":"https:\/\/syntaco.pl\/sklep\/wp-json\/wp\/v2\/media?parent=514"}],"wp:term":[{"taxonomy":"product_brand","embeddable":true,"href":"https:\/\/syntaco.pl\/sklep\/wp-json\/wp\/v2\/product_brand?post=514"},{"taxonomy":"product_cat","embeddable":true,"href":"https:\/\/syntaco.pl\/sklep\/wp-json\/wp\/v2\/product_cat?post=514"},{"taxonomy":"product_tag","embeddable":true,"href":"https:\/\/syntaco.pl\/sklep\/wp-json\/wp\/v2\/product_tag?post=514"}],"curies":[{"name":"wp","href":"https:\/\/api.w.org\/{rel}","templated":true}]}}