{"id":506,"date":"2025-12-19T10:12:21","date_gmt":"2025-12-19T09:12:21","guid":{"rendered":"https:\/\/syntaco.artneo.pl\/produkt\/mercedes-mb-5w-30-229-52-5l-oem-a0009899502-13amee\/"},"modified":"2026-04-15T09:40:56","modified_gmt":"2026-04-15T07:40:56","slug":"mercedes-mb-5w-30-229-52-5l-oem-a0009899502-13amee","status":"publish","type":"product","link":"https:\/\/syntaco.pl\/sklep\/produkt\/mercedes-mb-5w-30-229-52-5l-oem-a0009899502-13amee\/","title":{"rendered":"MERCEDES MB 5W-30 229.52 5L OEM A0009899502 13AMEE"},"content":{"rendered":"<p>Oryginalny Olej Silnikowy Mercedes-Benz 5W30 sk\u0142ada si\u0119 z wydajnych komponent\u00f3w i dodatk\u00f3w, wykraczaj\u0105c nawet ponad standardowe wymagania jako\u015bciowe. Olej ten gwarantuje sprawn\u0105 prac\u0119 silnika samochodu dostawczego niezale\u017cnie od pory roku i warunk\u00f3w atmosferycznych, a tak\u017ce korzy\u015bci dla Pa\u0144stwa optymalne osi\u0105gi, niezawodno\u015b\u0107 i trwa\u0142o\u015b\u0107. Specyfikacja: MB 229.52<\/p>\n","protected":false},"excerpt":{"rendered":"<p>Oryginalny Olej Silnikowy Mercedes-Benz 5W30 sk\u0142ada si\u0119 z wydajnych komponent\u00f3w i dodatk\u00f3w, wykraczaj\u0105c nawet ponad standardowe wymagania jako\u015bciowe. Olej ten gwarantuje sprawn\u0105 prac\u0119 silnika samochodu dostawczego niezale\u017cnie od pory roku i warunk\u00f3w atmosferycznych, a tak\u017ce korzy\u015bci dla Pa\u0144stwa optymalne osi\u0105gi, niezawodno\u015b\u0107 i trwa\u0142o\u015b\u0107. Specyfikacja: MB 229.52<\/p>\n","protected":false},"featured_media":503,"template":"","meta":{"_acf_changed":false},"product_brand":[43],"product_cat":[59],"product_tag":[],"class_list":{"0":"post-506","1":"product","2":"type-product","3":"status-publish","4":"has-post-thumbnail","6":"product_brand-mercedes","7":"product_cat-oleje-silnikowe","9":"first","10":"instock","11":"shipping-taxable","12":"purchasable","13":"product-type-simple"},"acf":[],"_links":{"self":[{"href":"https:\/\/syntaco.pl\/sklep\/wp-json\/wp\/v2\/product\/506","targetHints":{"allow":["GET"]}}],"collection":[{"href":"https:\/\/syntaco.pl\/sklep\/wp-json\/wp\/v2\/product"}],"about":[{"href":"https:\/\/syntaco.pl\/sklep\/wp-json\/wp\/v2\/types\/product"}],"wp:featuredmedia":[{"embeddable":true,"href":"https:\/\/syntaco.pl\/sklep\/wp-json\/wp\/v2\/media\/503"}],"wp:attachment":[{"href":"https:\/\/syntaco.pl\/sklep\/wp-json\/wp\/v2\/media?parent=506"}],"wp:term":[{"taxonomy":"product_brand","embeddable":true,"href":"https:\/\/syntaco.pl\/sklep\/wp-json\/wp\/v2\/product_brand?post=506"},{"taxonomy":"product_cat","embeddable":true,"href":"https:\/\/syntaco.pl\/sklep\/wp-json\/wp\/v2\/product_cat?post=506"},{"taxonomy":"product_tag","embeddable":true,"href":"https:\/\/syntaco.pl\/sklep\/wp-json\/wp\/v2\/product_tag?post=506"}],"curies":[{"name":"wp","href":"https:\/\/api.w.org\/{rel}","templated":true}]}}