{"id":499,"date":"2025-12-19T10:12:14","date_gmt":"2025-12-19T09:12:14","guid":{"rendered":"https:\/\/syntaco.artneo.pl\/produkt\/mercedes-mb-5w-40-229-5-1l-oem-a0009899202-11aife\/"},"modified":"2026-04-15T09:40:55","modified_gmt":"2026-04-15T07:40:55","slug":"mercedes-mb-5w-40-229-5-1l-oem-a0009899202-11aife","status":"publish","type":"product","link":"https:\/\/syntaco.pl\/sklep\/produkt\/mercedes-mb-5w-40-229-5-1l-oem-a0009899202-11aife\/","title":{"rendered":"MERCEDES MB 5W-40 229.5 1L OEM A0009899202 11AIFE"},"content":{"rendered":"<p>Oryginalny olej silnikowy Mercedes-Benz 5W-40 spe\u0142niaj\u0105cy norn\u0119 MB 229.5<\/p>\n","protected":false},"excerpt":{"rendered":"<p>Oryginalny olej silnikowy Mercedes-Benz 5W-40 spe\u0142niaj\u0105cy norn\u0119 MB 229.5<\/p>\n","protected":false},"featured_media":498,"template":"","meta":{"_acf_changed":false},"product_brand":[43],"product_cat":[59],"product_tag":[],"class_list":{"0":"post-499","1":"product","2":"type-product","3":"status-publish","4":"has-post-thumbnail","6":"product_brand-mercedes","7":"product_cat-oleje-silnikowe","9":"first","10":"instock","11":"shipping-taxable","12":"purchasable","13":"product-type-simple"},"acf":[],"_links":{"self":[{"href":"https:\/\/syntaco.pl\/sklep\/wp-json\/wp\/v2\/product\/499","targetHints":{"allow":["GET"]}}],"collection":[{"href":"https:\/\/syntaco.pl\/sklep\/wp-json\/wp\/v2\/product"}],"about":[{"href":"https:\/\/syntaco.pl\/sklep\/wp-json\/wp\/v2\/types\/product"}],"wp:featuredmedia":[{"embeddable":true,"href":"https:\/\/syntaco.pl\/sklep\/wp-json\/wp\/v2\/media\/498"}],"wp:attachment":[{"href":"https:\/\/syntaco.pl\/sklep\/wp-json\/wp\/v2\/media?parent=499"}],"wp:term":[{"taxonomy":"product_brand","embeddable":true,"href":"https:\/\/syntaco.pl\/sklep\/wp-json\/wp\/v2\/product_brand?post=499"},{"taxonomy":"product_cat","embeddable":true,"href":"https:\/\/syntaco.pl\/sklep\/wp-json\/wp\/v2\/product_cat?post=499"},{"taxonomy":"product_tag","embeddable":true,"href":"https:\/\/syntaco.pl\/sklep\/wp-json\/wp\/v2\/product_tag?post=499"}],"curies":[{"name":"wp","href":"https:\/\/api.w.org\/{rel}","templated":true}]}}