{"id":493,"date":"2025-12-19T10:12:10","date_gmt":"2025-12-19T09:12:10","guid":{"rendered":"https:\/\/syntaco.artneo.pl\/produkt\/mazda-original-oil-supra-0w-20-1l-oem-2216247-183598\/"},"modified":"2026-03-27T08:29:39","modified_gmt":"2026-03-27T07:29:39","slug":"mazda-original-oil-supra-0w-20-1l-oem-2216247-183598","status":"publish","type":"product","link":"https:\/\/syntaco.pl\/sklep\/produkt\/mazda-original-oil-supra-0w-20-1l-oem-2216247-183598\/","title":{"rendered":"Mazda Original Oil Supra 0W-20 1L OEM 2216247\/183598"},"content":{"rendered":"<p>Opracowany specjalnie dla silnik\u00f3w benzynowych zbudowanych w technologii SKYACTIV. Syntetyczny olej silnikowy, kt\u00f3ry zapewnia wyj\u0105tkowe osi\u0105gi i zmniejsza zu\u017cycie paliwa. Opracowany specjalnie dla silnik\u00f3w benzynowych zbudowanych w technologii SKYACTIV. Mo\u017ce by\u0107 stosowany we wszystkich typach silnik\u00f3w benzynowych, z wy\u0142\u0105czeniem jednostki turbodo\u0142adowanej 2.3T. Specyfikacje i normy MAZDA Original Oil Supra-X 0W20 5L: API: SN, ILSAC: GF-5<br \/>\nCechy towaru<\/p>\n","protected":false},"excerpt":{"rendered":"<p>Opracowany specjalnie dla silnik\u00f3w benzynowych zbudowanych w technologii SKYACTIV. Syntetyczny olej silnikowy, kt\u00f3ry zapewnia wyj\u0105tkowe osi\u0105gi i zmniejsza zu\u017cycie paliwa. Opracowany specjalnie dla silnik\u00f3w benzynowych zbudowanych w technologii SKYACTIV. Mo\u017ce by\u0107 stosowany we wszystkich typach silnik\u00f3w benzynowych, z wy\u0142\u0105czeniem jednostki turbodo\u0142adowanej 2.3T. Specyfikacje i normy MAZDA Original Oil Supra-X 0W20 5L: API: SN, ILSAC: GF-5 [&hellip;]<\/p>\n","protected":false},"featured_media":492,"template":"","meta":{"_acf_changed":false},"product_brand":[42],"product_cat":[59],"product_tag":[],"class_list":{"0":"post-493","1":"product","2":"type-product","3":"status-publish","4":"has-post-thumbnail","6":"product_brand-mazda","7":"product_cat-oleje-silnikowe","9":"first","10":"instock","11":"shipping-taxable","12":"purchasable","13":"product-type-simple"},"acf":[],"_links":{"self":[{"href":"https:\/\/syntaco.pl\/sklep\/wp-json\/wp\/v2\/product\/493","targetHints":{"allow":["GET"]}}],"collection":[{"href":"https:\/\/syntaco.pl\/sklep\/wp-json\/wp\/v2\/product"}],"about":[{"href":"https:\/\/syntaco.pl\/sklep\/wp-json\/wp\/v2\/types\/product"}],"wp:featuredmedia":[{"embeddable":true,"href":"https:\/\/syntaco.pl\/sklep\/wp-json\/wp\/v2\/media\/492"}],"wp:attachment":[{"href":"https:\/\/syntaco.pl\/sklep\/wp-json\/wp\/v2\/media?parent=493"}],"wp:term":[{"taxonomy":"product_brand","embeddable":true,"href":"https:\/\/syntaco.pl\/sklep\/wp-json\/wp\/v2\/product_brand?post=493"},{"taxonomy":"product_cat","embeddable":true,"href":"https:\/\/syntaco.pl\/sklep\/wp-json\/wp\/v2\/product_cat?post=493"},{"taxonomy":"product_tag","embeddable":true,"href":"https:\/\/syntaco.pl\/sklep\/wp-json\/wp\/v2\/product_tag?post=493"}],"curies":[{"name":"wp","href":"https:\/\/api.w.org\/{rel}","templated":true}]}}