{"id":483,"date":"2025-12-19T10:12:00","date_gmt":"2025-12-19T09:12:00","guid":{"rendered":"https:\/\/syntaco.artneo.pl\/produkt\/mazda-original-oil-ultra-5w-30-1l-oem-2214204-183665-dex106\/"},"modified":"2026-03-27T08:29:37","modified_gmt":"2026-03-27T07:29:37","slug":"mazda-original-oil-ultra-5w-30-1l-oem-2214204-183665-dex106","status":"publish","type":"product","link":"https:\/\/syntaco.pl\/sklep\/produkt\/mazda-original-oil-ultra-5w-30-1l-oem-2214204-183665-dex106\/","title":{"rendered":"Mazda Original Oil Ultra 5W-30 1L OEM 2214204\/183665\/DEX106"},"content":{"rendered":"<p>Najnowszej generacji, bardzo wysokiej jako\u015bci olej przeznaczony do stosowania w samochodach Mazda. Szczeg\u00f3lnie polecany do wszystkich silnik\u00f3w benzynowych oraz Diesel bez filtra cz\u0105stek sta\u0142ych DPF. Jedyny olej rekomendowany przez Mazd\u0119 do samochod\u00f3w RX-8 z silnikiem Wankla. Doskonale sprawdza si\u0119 w ka\u017cdych warunkach. SPECYFIKACJA: ACEA A5\/B5, API SL\/CF<\/p>\n","protected":false},"excerpt":{"rendered":"<p>Najnowszej generacji, bardzo wysokiej jako\u015bci olej przeznaczony do stosowania w samochodach Mazda. Szczeg\u00f3lnie polecany do wszystkich silnik\u00f3w benzynowych oraz Diesel bez filtra cz\u0105stek sta\u0142ych DPF. Jedyny olej rekomendowany przez Mazd\u0119 do samochod\u00f3w RX-8 z silnikiem Wankla. Doskonale sprawdza si\u0119 w ka\u017cdych warunkach. SPECYFIKACJA: ACEA A5\/B5, API SL\/CF<\/p>\n","protected":false},"featured_media":479,"template":"","meta":{"_acf_changed":false},"product_brand":[42],"product_cat":[59],"product_tag":[],"class_list":{"0":"post-483","1":"product","2":"type-product","3":"status-publish","4":"has-post-thumbnail","6":"product_brand-mazda","7":"product_cat-oleje-silnikowe","9":"first","10":"instock","11":"shipping-taxable","12":"purchasable","13":"product-type-simple"},"acf":[],"_links":{"self":[{"href":"https:\/\/syntaco.pl\/sklep\/wp-json\/wp\/v2\/product\/483","targetHints":{"allow":["GET"]}}],"collection":[{"href":"https:\/\/syntaco.pl\/sklep\/wp-json\/wp\/v2\/product"}],"about":[{"href":"https:\/\/syntaco.pl\/sklep\/wp-json\/wp\/v2\/types\/product"}],"wp:featuredmedia":[{"embeddable":true,"href":"https:\/\/syntaco.pl\/sklep\/wp-json\/wp\/v2\/media\/479"}],"wp:attachment":[{"href":"https:\/\/syntaco.pl\/sklep\/wp-json\/wp\/v2\/media?parent=483"}],"wp:term":[{"taxonomy":"product_brand","embeddable":true,"href":"https:\/\/syntaco.pl\/sklep\/wp-json\/wp\/v2\/product_brand?post=483"},{"taxonomy":"product_cat","embeddable":true,"href":"https:\/\/syntaco.pl\/sklep\/wp-json\/wp\/v2\/product_cat?post=483"},{"taxonomy":"product_tag","embeddable":true,"href":"https:\/\/syntaco.pl\/sklep\/wp-json\/wp\/v2\/product_tag?post=483"}],"curies":[{"name":"wp","href":"https:\/\/api.w.org\/{rel}","templated":true}]}}