{"id":475,"date":"2025-12-19T10:11:54","date_gmt":"2025-12-19T09:11:54","guid":{"rendered":"https:\/\/syntaco.artneo.pl\/produkt\/mazda-original-oil-ultra-dpf-5w-30-1l-oem-2214200-183419\/"},"modified":"2026-03-27T08:29:36","modified_gmt":"2026-03-27T07:29:36","slug":"mazda-original-oil-ultra-dpf-5w-30-1l-oem-2214200-183419","status":"publish","type":"product","link":"https:\/\/syntaco.pl\/sklep\/produkt\/mazda-original-oil-ultra-dpf-5w-30-1l-oem-2214200-183419\/","title":{"rendered":"Mazda Original Oil Ultra DPF 5W-30 1L OEM 2214200\/183419"},"content":{"rendered":"<p>Produkt przeznaczony do stosowania w samochodach Mazda wyposa\u017conych w silniki Diesel z filtrem cz\u0105stek sta\u0142ych DPF. Najnowszej generacji, bardzo wysokiej jako\u015bci olej silnikowy typu Low SAP (niska zawarto\u015b\u0107 Siarki, Popio\u0142u, Fosforu) przeznaczony do stosowania w silnikach Diesel wyposa\u017conych w filtr cz\u0105stek sta\u0142ych DPF. SPECYFIKACJA OLEJU: ACEA C1, JASO DL-1<\/p>\n","protected":false},"excerpt":{"rendered":"<p>Produkt przeznaczony do stosowania w samochodach Mazda wyposa\u017conych w silniki Diesel z filtrem cz\u0105stek sta\u0142ych DPF. Najnowszej generacji, bardzo wysokiej jako\u015bci olej silnikowy typu Low SAP (niska zawarto\u015b\u0107 Siarki, Popio\u0142u, Fosforu) przeznaczony do stosowania w silnikach Diesel wyposa\u017conych w filtr cz\u0105stek sta\u0142ych DPF. SPECYFIKACJA OLEJU: ACEA C1, JASO DL-1<\/p>\n","protected":false},"featured_media":473,"template":"","meta":{"_acf_changed":false},"product_brand":[42],"product_cat":[59],"product_tag":[],"class_list":{"0":"post-475","1":"product","2":"type-product","3":"status-publish","4":"has-post-thumbnail","6":"product_brand-mazda","7":"product_cat-oleje-silnikowe","9":"first","10":"instock","11":"shipping-taxable","12":"purchasable","13":"product-type-simple"},"acf":[],"_links":{"self":[{"href":"https:\/\/syntaco.pl\/sklep\/wp-json\/wp\/v2\/product\/475","targetHints":{"allow":["GET"]}}],"collection":[{"href":"https:\/\/syntaco.pl\/sklep\/wp-json\/wp\/v2\/product"}],"about":[{"href":"https:\/\/syntaco.pl\/sklep\/wp-json\/wp\/v2\/types\/product"}],"wp:featuredmedia":[{"embeddable":true,"href":"https:\/\/syntaco.pl\/sklep\/wp-json\/wp\/v2\/media\/473"}],"wp:attachment":[{"href":"https:\/\/syntaco.pl\/sklep\/wp-json\/wp\/v2\/media?parent=475"}],"wp:term":[{"taxonomy":"product_brand","embeddable":true,"href":"https:\/\/syntaco.pl\/sklep\/wp-json\/wp\/v2\/product_brand?post=475"},{"taxonomy":"product_cat","embeddable":true,"href":"https:\/\/syntaco.pl\/sklep\/wp-json\/wp\/v2\/product_cat?post=475"},{"taxonomy":"product_tag","embeddable":true,"href":"https:\/\/syntaco.pl\/sklep\/wp-json\/wp\/v2\/product_tag?post=475"}],"curies":[{"name":"wp","href":"https:\/\/api.w.org\/{rel}","templated":true}]}}