{"id":470,"date":"2025-12-19T10:11:50","date_gmt":"2025-12-19T09:11:50","guid":{"rendered":"https:\/\/syntaco.artneo.pl\/produkt\/gm-opel-dexos-d-0w-20-5l-oem-95528694\/"},"modified":"2026-04-15T09:40:45","modified_gmt":"2026-04-15T07:40:45","slug":"gm-opel-dexos-d-0w-20-5l-oem-95528694","status":"publish","type":"product","link":"https:\/\/syntaco.pl\/sklep\/produkt\/gm-opel-dexos-d-0w-20-5l-oem-95528694\/","title":{"rendered":"GM\/OPEL DEXOS D 0W-20 5L OEM 95528694"},"content":{"rendered":"<p>Olej Opel GM 0W20 dedykowany do silnik\u00f3w benzynowych. Specyfikacja: ACEA C5, API SN+, Lepko\u015b\u0107: 0W20<\/p>\n","protected":false},"excerpt":{"rendered":"<p>Olej Opel GM 0W20 dedykowany do silnik\u00f3w benzynowych. Specyfikacja: ACEA C5, API SN+, Lepko\u015b\u0107: 0W20<\/p>\n","protected":false},"featured_media":469,"template":"","meta":{"_acf_changed":false},"product_brand":[41],"product_cat":[59],"product_tag":[],"class_list":{"0":"post-470","1":"product","2":"type-product","3":"status-publish","4":"has-post-thumbnail","6":"product_brand-gm","7":"product_cat-oleje-silnikowe","9":"first","10":"instock","11":"shipping-taxable","12":"purchasable","13":"product-type-simple"},"acf":[],"_links":{"self":[{"href":"https:\/\/syntaco.pl\/sklep\/wp-json\/wp\/v2\/product\/470","targetHints":{"allow":["GET"]}}],"collection":[{"href":"https:\/\/syntaco.pl\/sklep\/wp-json\/wp\/v2\/product"}],"about":[{"href":"https:\/\/syntaco.pl\/sklep\/wp-json\/wp\/v2\/types\/product"}],"wp:featuredmedia":[{"embeddable":true,"href":"https:\/\/syntaco.pl\/sklep\/wp-json\/wp\/v2\/media\/469"}],"wp:attachment":[{"href":"https:\/\/syntaco.pl\/sklep\/wp-json\/wp\/v2\/media?parent=470"}],"wp:term":[{"taxonomy":"product_brand","embeddable":true,"href":"https:\/\/syntaco.pl\/sklep\/wp-json\/wp\/v2\/product_brand?post=470"},{"taxonomy":"product_cat","embeddable":true,"href":"https:\/\/syntaco.pl\/sklep\/wp-json\/wp\/v2\/product_cat?post=470"},{"taxonomy":"product_tag","embeddable":true,"href":"https:\/\/syntaco.pl\/sklep\/wp-json\/wp\/v2\/product_tag?post=470"}],"curies":[{"name":"wp","href":"https:\/\/api.w.org\/{rel}","templated":true}]}}