{"id":457,"date":"2025-12-19T10:11:36","date_gmt":"2025-12-19T09:11:36","guid":{"rendered":"https:\/\/syntaco.artneo.pl\/produkt\/john-deere-hy-gard-20l-oem-vc81824-020\/"},"modified":"2026-03-25T14:32:07","modified_gmt":"2026-03-25T13:32:07","slug":"john-deere-hy-gard-20l-oem-vc81824-020","status":"publish","type":"product","link":"https:\/\/syntaco.pl\/sklep\/produkt\/john-deere-hy-gard-20l-oem-vc81824-020\/","title":{"rendered":"JOHN DEERE HY GARD 20L OEM VC81824-020"},"content":{"rendered":"<p>Hy-Gard Hy-Gard to najlepszy olej do uk\u0142ad\u00f3w hydraulicznych i przek\u0142adni. Z nawi\u0105zk\u0105 spe\u0142nia wymogi norm firmy John Deere. Olej Hy-Gard to nowoczesny, uniwersalny olej przek\u0142adniowy do ci\u0105gnik\u00f3w (UTTO \u2014 Universal Tractor Transmission Oil). Dane techniczne: JDM J20C (standard) \/JDM J20D (o obni\u017conej lepko\u015bci) \u2014 minimalne specyfikacje, RES 10060 \u2014 normy fabryczne John Deere i standardy rynku wt\u00f3rnego, Spe\u0142nia normy: API: GL-4, J20C \/ RES 10060, AFNOR: NF E 48 602 TYP HV.<\/p>\n","protected":false},"excerpt":{"rendered":"<p>Hy-Gard Hy-Gard to najlepszy olej do uk\u0142ad\u00f3w hydraulicznych i przek\u0142adni. Z nawi\u0105zk\u0105 spe\u0142nia wymogi norm firmy John Deere. Olej Hy-Gard to nowoczesny, uniwersalny olej przek\u0142adniowy do ci\u0105gnik\u00f3w (UTTO \u2014 Universal Tractor Transmission Oil). Dane techniczne: JDM J20C (standard) \/JDM J20D (o obni\u017conej lepko\u015bci) \u2014 minimalne specyfikacje, RES 10060 \u2014 normy fabryczne John Deere i standardy [&hellip;]<\/p>\n","protected":false},"featured_media":456,"template":"","meta":{"_acf_changed":false},"product_brand":[40],"product_cat":[39,30],"product_tag":[],"class_list":{"0":"post-457","1":"product","2":"type-product","3":"status-publish","4":"has-post-thumbnail","6":"product_brand-john-deere","7":"product_cat-oleje-rolnicze","8":"product_cat-produkty","10":"first","11":"instock","12":"shipping-taxable","13":"purchasable","14":"product-type-simple"},"acf":[],"_links":{"self":[{"href":"https:\/\/syntaco.pl\/sklep\/wp-json\/wp\/v2\/product\/457","targetHints":{"allow":["GET"]}}],"collection":[{"href":"https:\/\/syntaco.pl\/sklep\/wp-json\/wp\/v2\/product"}],"about":[{"href":"https:\/\/syntaco.pl\/sklep\/wp-json\/wp\/v2\/types\/product"}],"wp:featuredmedia":[{"embeddable":true,"href":"https:\/\/syntaco.pl\/sklep\/wp-json\/wp\/v2\/media\/456"}],"wp:attachment":[{"href":"https:\/\/syntaco.pl\/sklep\/wp-json\/wp\/v2\/media?parent=457"}],"wp:term":[{"taxonomy":"product_brand","embeddable":true,"href":"https:\/\/syntaco.pl\/sklep\/wp-json\/wp\/v2\/product_brand?post=457"},{"taxonomy":"product_cat","embeddable":true,"href":"https:\/\/syntaco.pl\/sklep\/wp-json\/wp\/v2\/product_cat?post=457"},{"taxonomy":"product_tag","embeddable":true,"href":"https:\/\/syntaco.pl\/sklep\/wp-json\/wp\/v2\/product_tag?post=457"}],"curies":[{"name":"wp","href":"https:\/\/api.w.org\/{rel}","templated":true}]}}