{"id":449,"date":"2025-12-19T10:11:30","date_gmt":"2025-12-19T09:11:30","guid":{"rendered":"https:\/\/syntaco.artneo.pl\/produkt\/kajo-langzeitfett-top-2050-18-kg\/"},"modified":"2026-04-15T09:40:40","modified_gmt":"2026-04-15T07:40:40","slug":"kajo-langzeitfett-top-2050-18-kg","status":"publish","type":"product","link":"https:\/\/syntaco.pl\/sklep\/produkt\/kajo-langzeitfett-top-2050-18-kg\/","title":{"rendered":"KAJO\u00ae-Langzeitfett Top 2050 18 kg"},"content":{"rendered":"<p>\u017b\u00f3\u0142to-zielony specjalny smar fluorescencyjny na bazie myde\u0142 wapiennych i oleju syntetycznego o doskona\u0142ych w\u0142a\u015bciwo\u015bciach adhezyjnych. Odporny na naciski, zapobiega zu\u017cyciu \u0142o\u017cysk. Odporny na dzia\u0142anie wody oraz szczeg\u00f3lnie odporny na wymywanie z \u0142o\u017cysk i punkt\u00f3w \u015blizgowych.<br \/>\nKlasa NLGI: 2<br \/>\nZakres temperatur stosowania:<br \/>\n-30 oC do +120 oC<br \/>\nKr\u00f3tkotrwale do +130 oC<br \/>\nKP 2 K-30<\/p>\n","protected":false},"excerpt":{"rendered":"<p>\u017b\u00f3\u0142to-zielony specjalny smar fluorescencyjny na bazie myde\u0142 wapiennych i oleju syntetycznego o doskona\u0142ych w\u0142a\u015bciwo\u015bciach adhezyjnych. Odporny na naciski, zapobiega zu\u017cyciu \u0142o\u017cysk. Odporny na dzia\u0142anie wody oraz szczeg\u00f3lnie odporny na wymywanie z \u0142o\u017cysk i punkt\u00f3w \u015blizgowych. Klasa NLGI: 2 Zakres temperatur stosowania: -30 oC do +120 oC Kr\u00f3tkotrwale do +130 oC KP 2 K-30<\/p>\n","protected":false},"featured_media":448,"template":"","meta":{"_acf_changed":false},"product_brand":[38],"product_cat":[30,31],"product_tag":[],"class_list":{"0":"post-449","1":"product","2":"type-product","3":"status-publish","4":"has-post-thumbnail","6":"product_brand-kajo","7":"product_cat-produkty","8":"product_cat-smary","10":"first","11":"instock","12":"shipping-taxable","13":"purchasable","14":"product-type-simple"},"acf":[],"_links":{"self":[{"href":"https:\/\/syntaco.pl\/sklep\/wp-json\/wp\/v2\/product\/449","targetHints":{"allow":["GET"]}}],"collection":[{"href":"https:\/\/syntaco.pl\/sklep\/wp-json\/wp\/v2\/product"}],"about":[{"href":"https:\/\/syntaco.pl\/sklep\/wp-json\/wp\/v2\/types\/product"}],"wp:featuredmedia":[{"embeddable":true,"href":"https:\/\/syntaco.pl\/sklep\/wp-json\/wp\/v2\/media\/448"}],"wp:attachment":[{"href":"https:\/\/syntaco.pl\/sklep\/wp-json\/wp\/v2\/media?parent=449"}],"wp:term":[{"taxonomy":"product_brand","embeddable":true,"href":"https:\/\/syntaco.pl\/sklep\/wp-json\/wp\/v2\/product_brand?post=449"},{"taxonomy":"product_cat","embeddable":true,"href":"https:\/\/syntaco.pl\/sklep\/wp-json\/wp\/v2\/product_cat?post=449"},{"taxonomy":"product_tag","embeddable":true,"href":"https:\/\/syntaco.pl\/sklep\/wp-json\/wp\/v2\/product_tag?post=449"}],"curies":[{"name":"wp","href":"https:\/\/api.w.org\/{rel}","templated":true}]}}