{"id":441,"date":"2025-12-19T10:11:23","date_gmt":"2025-12-19T09:11:23","guid":{"rendered":"https:\/\/syntaco.artneo.pl\/produkt\/kajo-grease-cu-kontaktfett-200g\/"},"modified":"2026-04-15T09:40:38","modified_gmt":"2026-04-15T07:40:38","slug":"kajo-grease-cu-kontaktfett-200g","status":"publish","type":"product","link":"https:\/\/syntaco.pl\/sklep\/produkt\/kajo-grease-cu-kontaktfett-200g\/","title":{"rendered":"KAJO\u00ae-Grease CU (Kontaktfett) 200G"},"content":{"rendered":"<p>Miedziany smar kontaktowy produkowany na bazie zag\u0119szczacza litowego z dodatkiem sproszkowanej miedzi jako sta\u0142ego dodatku smarne-go. Zapobiega tarciu i zu\u017cyciu oraz zapewnia ochron\u0119 przed korozj\u0105, rdz\u0105 powstaj\u0105c\u0105 przy korozji ciernej i zatarciem. Produkt poprawia przewodno\u015b\u0107 elektryczn\u0105.<br \/>\nZastosowanie m.in.: hamulce tarczowe (klocki hamulcowe), uk\u0142ady wydechowe, do ko\u0142nierzy i armatury gor\u0105cej pary, turbin, kot\u0142\u00f3w.<br \/>\nZakres temperatur stosowania:<br \/>\n-20 oC do +1100 oC<\/p>\n","protected":false},"excerpt":{"rendered":"<p>Miedziany smar kontaktowy produkowany na bazie zag\u0119szczacza litowego z dodatkiem sproszkowanej miedzi jako sta\u0142ego dodatku smarne-go. Zapobiega tarciu i zu\u017cyciu oraz zapewnia ochron\u0119 przed korozj\u0105, rdz\u0105 powstaj\u0105c\u0105 przy korozji ciernej i zatarciem. Produkt poprawia przewodno\u015b\u0107 elektryczn\u0105. Zastosowanie m.in.: hamulce tarczowe (klocki hamulcowe), uk\u0142ady wydechowe, do ko\u0142nierzy i armatury gor\u0105cej pary, turbin, kot\u0142\u00f3w. Zakres temperatur stosowania: [&hellip;]<\/p>\n","protected":false},"featured_media":440,"template":"","meta":{"_acf_changed":false},"product_brand":[38],"product_cat":[30,31],"product_tag":[],"class_list":{"0":"post-441","1":"product","2":"type-product","3":"status-publish","4":"has-post-thumbnail","6":"product_brand-kajo","7":"product_cat-produkty","8":"product_cat-smary","10":"first","11":"instock","12":"shipping-taxable","13":"purchasable","14":"product-type-simple"},"acf":[],"_links":{"self":[{"href":"https:\/\/syntaco.pl\/sklep\/wp-json\/wp\/v2\/product\/441","targetHints":{"allow":["GET"]}}],"collection":[{"href":"https:\/\/syntaco.pl\/sklep\/wp-json\/wp\/v2\/product"}],"about":[{"href":"https:\/\/syntaco.pl\/sklep\/wp-json\/wp\/v2\/types\/product"}],"wp:featuredmedia":[{"embeddable":true,"href":"https:\/\/syntaco.pl\/sklep\/wp-json\/wp\/v2\/media\/440"}],"wp:attachment":[{"href":"https:\/\/syntaco.pl\/sklep\/wp-json\/wp\/v2\/media?parent=441"}],"wp:term":[{"taxonomy":"product_brand","embeddable":true,"href":"https:\/\/syntaco.pl\/sklep\/wp-json\/wp\/v2\/product_brand?post=441"},{"taxonomy":"product_cat","embeddable":true,"href":"https:\/\/syntaco.pl\/sklep\/wp-json\/wp\/v2\/product_cat?post=441"},{"taxonomy":"product_tag","embeddable":true,"href":"https:\/\/syntaco.pl\/sklep\/wp-json\/wp\/v2\/product_tag?post=441"}],"curies":[{"name":"wp","href":"https:\/\/api.w.org\/{rel}","templated":true}]}}