{"id":439,"date":"2025-12-19T10:11:20","date_gmt":"2025-12-19T09:11:20","guid":{"rendered":"https:\/\/syntaco.artneo.pl\/produkt\/gm-opel-dexos-2-5w-30-5l-oem-93165557\/"},"modified":"2026-04-15T09:40:37","modified_gmt":"2026-04-15T07:40:37","slug":"gm-opel-dexos-2-5w-30-5l-oem-93165557","status":"publish","type":"product","link":"https:\/\/syntaco.pl\/sklep\/produkt\/gm-opel-dexos-2-5w-30-5l-oem-93165557\/","title":{"rendered":"GM\/OPEL DEXOS 2 5W-30 5L OEM 93165557"},"content":{"rendered":"<p>Oryginalny olej General Motors. Opracowany z my\u015bl\u0105 o zapewnieniu wyj\u0105tkowej sprawno\u015b\u0107 i ochronie silnika przy jednoczesnym zmniejszeniu zu\u017cycia paliwa. Posiada nisk\u0105 zawarto\u015b\u0107 popio\u0142\u00f3w, siarki i fosforu (Low SAP\u2019s). Spe\u0142nia najnowsz\u0105 norm\u0119 C3 oraz normy Long-life, kt\u00f3re dopuszczaj\u0105 wyd\u0142u\u017cenie okres\u00f3w mi\u0119dzyprzegl\u0105dowych nawet do 50 tys. km (w przypadku aut z silnikiem diesla). Przeznaczony do stosowania we wszystkich samochodach pasa\u017cerskich Opel, modelach typu SUV oraz lekkich pojazdach u\u017cytkowych dla kt\u00f3rych olej GM 5W-30 dexos2 jest zalecany. Lepko\u015b\u0107 wg SAE: 5W30. Spe\u0142nia wymagania specyfikacji producent\u00f3w: \u00b7 GM-LL-A025; \u00b7 GM-LL-B-025; \u00b7 BMW LONGLIFE 04; \u00b7 VW 502.00\/505.00\/505.01; \u00b7 MB 229.51 oraz wymagania jako\u015bciowe: \u00b7 API SN\/CF; \u00b7 ACEA A3, B3\/B4; \u00b7 ACEA C3.<\/p>\n","protected":false},"excerpt":{"rendered":"<p>Oryginalny olej General Motors. Opracowany z my\u015bl\u0105 o zapewnieniu wyj\u0105tkowej sprawno\u015b\u0107 i ochronie silnika przy jednoczesnym zmniejszeniu zu\u017cycia paliwa. Posiada nisk\u0105 zawarto\u015b\u0107 popio\u0142\u00f3w, siarki i fosforu (Low SAP\u2019s). Spe\u0142nia najnowsz\u0105 norm\u0119 C3 oraz normy Long-life, kt\u00f3re dopuszczaj\u0105 wyd\u0142u\u017cenie okres\u00f3w mi\u0119dzyprzegl\u0105dowych nawet do 50 tys. km (w przypadku aut z silnikiem diesla). Przeznaczony do stosowania we [&hellip;]<\/p>\n","protected":false},"featured_media":437,"template":"","meta":{"_acf_changed":false},"product_brand":[41],"product_cat":[59],"product_tag":[],"class_list":{"0":"post-439","1":"product","2":"type-product","3":"status-publish","4":"has-post-thumbnail","6":"product_brand-gm","7":"product_cat-oleje-silnikowe","9":"first","10":"instock","11":"shipping-taxable","12":"purchasable","13":"product-type-simple"},"acf":[],"_links":{"self":[{"href":"https:\/\/syntaco.pl\/sklep\/wp-json\/wp\/v2\/product\/439","targetHints":{"allow":["GET"]}}],"collection":[{"href":"https:\/\/syntaco.pl\/sklep\/wp-json\/wp\/v2\/product"}],"about":[{"href":"https:\/\/syntaco.pl\/sklep\/wp-json\/wp\/v2\/types\/product"}],"wp:featuredmedia":[{"embeddable":true,"href":"https:\/\/syntaco.pl\/sklep\/wp-json\/wp\/v2\/media\/437"}],"wp:attachment":[{"href":"https:\/\/syntaco.pl\/sklep\/wp-json\/wp\/v2\/media?parent=439"}],"wp:term":[{"taxonomy":"product_brand","embeddable":true,"href":"https:\/\/syntaco.pl\/sklep\/wp-json\/wp\/v2\/product_brand?post=439"},{"taxonomy":"product_cat","embeddable":true,"href":"https:\/\/syntaco.pl\/sklep\/wp-json\/wp\/v2\/product_cat?post=439"},{"taxonomy":"product_tag","embeddable":true,"href":"https:\/\/syntaco.pl\/sklep\/wp-json\/wp\/v2\/product_tag?post=439"}],"curies":[{"name":"wp","href":"https:\/\/api.w.org\/{rel}","templated":true}]}}