{"id":422,"date":"2025-12-19T10:11:03","date_gmt":"2025-12-19T09:11:03","guid":{"rendered":"https:\/\/syntaco.artneo.pl\/produkt\/kajo-grease-mhp-meisselhammerpaste-kt-500-g\/"},"modified":"2026-04-15T09:40:30","modified_gmt":"2026-04-15T07:40:30","slug":"kajo-grease-mhp-meisselhammerpaste-kt-500-g","status":"publish","type":"product","link":"https:\/\/syntaco.pl\/sklep\/produkt\/kajo-grease-mhp-meisselhammerpaste-kt-500-g\/","title":{"rendered":"KAJO\u00ae-Grease MHP (Meisselhammerpaste) Kt. 500 g"},"content":{"rendered":"<p>Pasta na bazie myde\u0142 litowo-kompleksowych z dodatkiem miedzi\/grafitu i dwusiarczku molibdenu (MoS2) do smarowania grot\u00f3w i tulei prowadz\u0105cych m\u0142ot\u00f3w hydraulicznych i pneumatycznych. Odporna na naciski, dzia\u0142anie wody i utlenianie. Chroni\u0105cy przed korozj\u0105<br \/>\nZakres temperatur stosowania:<br \/>\n-20 oC do +1100 oC<\/p>\n","protected":false},"excerpt":{"rendered":"<p>Pasta na bazie myde\u0142 litowo-kompleksowych z dodatkiem miedzi\/grafitu i dwusiarczku molibdenu (MoS2) do smarowania grot\u00f3w i tulei prowadz\u0105cych m\u0142ot\u00f3w hydraulicznych i pneumatycznych. Odporna na naciski, dzia\u0142anie wody i utlenianie. Chroni\u0105cy przed korozj\u0105 Zakres temperatur stosowania: -20 oC do +1100 oC<\/p>\n","protected":false},"featured_media":421,"template":"","meta":{"_acf_changed":false},"product_brand":[38],"product_cat":[30,31],"product_tag":[],"class_list":{"0":"post-422","1":"product","2":"type-product","3":"status-publish","4":"has-post-thumbnail","6":"product_brand-kajo","7":"product_cat-produkty","8":"product_cat-smary","10":"first","11":"instock","12":"shipping-taxable","13":"purchasable","14":"product-type-simple"},"acf":[],"_links":{"self":[{"href":"https:\/\/syntaco.pl\/sklep\/wp-json\/wp\/v2\/product\/422","targetHints":{"allow":["GET"]}}],"collection":[{"href":"https:\/\/syntaco.pl\/sklep\/wp-json\/wp\/v2\/product"}],"about":[{"href":"https:\/\/syntaco.pl\/sklep\/wp-json\/wp\/v2\/types\/product"}],"wp:featuredmedia":[{"embeddable":true,"href":"https:\/\/syntaco.pl\/sklep\/wp-json\/wp\/v2\/media\/421"}],"wp:attachment":[{"href":"https:\/\/syntaco.pl\/sklep\/wp-json\/wp\/v2\/media?parent=422"}],"wp:term":[{"taxonomy":"product_brand","embeddable":true,"href":"https:\/\/syntaco.pl\/sklep\/wp-json\/wp\/v2\/product_brand?post=422"},{"taxonomy":"product_cat","embeddable":true,"href":"https:\/\/syntaco.pl\/sklep\/wp-json\/wp\/v2\/product_cat?post=422"},{"taxonomy":"product_tag","embeddable":true,"href":"https:\/\/syntaco.pl\/sklep\/wp-json\/wp\/v2\/product_tag?post=422"}],"curies":[{"name":"wp","href":"https:\/\/api.w.org\/{rel}","templated":true}]}}