{"id":395,"date":"2025-12-19T10:10:38","date_gmt":"2025-12-19T09:10:38","guid":{"rendered":"https:\/\/syntaco.artneo.pl\/produkt\/kajo-grease-lzr-2-langzeitfett-lzr-2-kt-400-g\/"},"modified":"2026-04-15T09:40:18","modified_gmt":"2026-04-15T07:40:18","slug":"kajo-grease-lzr-2-langzeitfett-lzr-2-kt-400-g","status":"publish","type":"product","link":"https:\/\/syntaco.pl\/sklep\/produkt\/kajo-grease-lzr-2-langzeitfett-lzr-2-kt-400-g\/","title":{"rendered":"KAJO\u00ae-Grease LZR 2 (Langzeitfett LZR 2) Kt. 400 g"},"content":{"rendered":"<p>Smar EP na bazie myde\u0142 litowych do smarowania \u0142o\u017cysk tocznych i \u015blizgowych pracuj\u0105cych w trudnych warunkach<br \/>\n\u2022 odporny na dzia\u0142anie wody<br \/>\n\u2022 stabilny oksydacyjnie<br \/>\n\u2022 o w\u0142a\u015bciwo\u015bciach adhezyjnych<br \/>\n\u2022 odporny na naciski<br \/>\n\u2022 chroni\u0105cy przez korozj\u0105<br \/>\nKlasa NLGI: 2<br \/>\nZakres temperatur stosowania:<br \/>\n-30 oC do +120 oC<br \/>\nKr\u00f3tkotrwale do +140 oC<br \/>\nKP 2 K-30<\/p>\n","protected":false},"excerpt":{"rendered":"<p>Smar EP na bazie myde\u0142 litowych do smarowania \u0142o\u017cysk tocznych i \u015blizgowych pracuj\u0105cych w trudnych warunkach \u2022 odporny na dzia\u0142anie wody \u2022 stabilny oksydacyjnie \u2022 o w\u0142a\u015bciwo\u015bciach adhezyjnych \u2022 odporny na naciski \u2022 chroni\u0105cy przez korozj\u0105 Klasa NLGI: 2 Zakres temperatur stosowania: -30 oC do +120 oC Kr\u00f3tkotrwale do +140 oC KP 2 K-30<\/p>\n","protected":false},"featured_media":394,"template":"","meta":{"_acf_changed":false},"product_brand":[38],"product_cat":[30,31],"product_tag":[],"class_list":{"0":"post-395","1":"product","2":"type-product","3":"status-publish","4":"has-post-thumbnail","6":"product_brand-kajo","7":"product_cat-produkty","8":"product_cat-smary","10":"first","11":"instock","12":"shipping-taxable","13":"purchasable","14":"product-type-simple"},"acf":[],"_links":{"self":[{"href":"https:\/\/syntaco.pl\/sklep\/wp-json\/wp\/v2\/product\/395","targetHints":{"allow":["GET"]}}],"collection":[{"href":"https:\/\/syntaco.pl\/sklep\/wp-json\/wp\/v2\/product"}],"about":[{"href":"https:\/\/syntaco.pl\/sklep\/wp-json\/wp\/v2\/types\/product"}],"wp:featuredmedia":[{"embeddable":true,"href":"https:\/\/syntaco.pl\/sklep\/wp-json\/wp\/v2\/media\/394"}],"wp:attachment":[{"href":"https:\/\/syntaco.pl\/sklep\/wp-json\/wp\/v2\/media?parent=395"}],"wp:term":[{"taxonomy":"product_brand","embeddable":true,"href":"https:\/\/syntaco.pl\/sklep\/wp-json\/wp\/v2\/product_brand?post=395"},{"taxonomy":"product_cat","embeddable":true,"href":"https:\/\/syntaco.pl\/sklep\/wp-json\/wp\/v2\/product_cat?post=395"},{"taxonomy":"product_tag","embeddable":true,"href":"https:\/\/syntaco.pl\/sklep\/wp-json\/wp\/v2\/product_tag?post=395"}],"curies":[{"name":"wp","href":"https:\/\/api.w.org\/{rel}","templated":true}]}}