{"id":393,"date":"2025-12-19T10:10:37","date_gmt":"2025-12-19T09:10:37","guid":{"rendered":"https:\/\/syntaco.artneo.pl\/produkt\/qarmax-smar-grafitowany-800g-puszka-metal\/"},"modified":"2026-03-04T09:29:05","modified_gmt":"2026-03-04T08:29:05","slug":"qarmax-smar-grafitowany-800g-puszka-metal","status":"publish","type":"product","link":"https:\/\/syntaco.pl\/sklep\/produkt\/qarmax-smar-grafitowany-800g-puszka-metal\/","title":{"rendered":"QARMAX SMAR GRAFITOWANY 800G PUSZKA METAL"},"content":{"rendered":"<p>Smar przeznaczony jest do smarowania podwozi pojazd\u00f3w osobowych i ci\u0119\u017carowych, pi\u00f3r resor\u00f3w, gwint\u00f3w \u015brub, otwartych k\u00f3\u0142 z\u0119batych, siode\u0142 w ci\u0105gnikach siod\u0142owych oraz innych w\u0119z\u0142\u00f3w tarcia o silnie obci\u0105\u017conych powierzchniach tr\u0105cych pracuj\u0105cych w temperaturach od -20\u00b0C + 60\u00b0C.<\/p>\n","protected":false},"excerpt":{"rendered":"<p>Smar przeznaczony jest do smarowania podwozi pojazd\u00f3w osobowych i ci\u0119\u017carowych, pi\u00f3r resor\u00f3w, gwint\u00f3w \u015brub, otwartych k\u00f3\u0142 z\u0119batych, siode\u0142 w ci\u0105gnikach siod\u0142owych oraz innych w\u0119z\u0142\u00f3w tarcia o silnie obci\u0105\u017conych powierzchniach tr\u0105cych pracuj\u0105cych w temperaturach od -20\u00b0C + 60\u00b0C.<\/p>\n","protected":false},"featured_media":392,"template":"","meta":{"_acf_changed":false},"product_brand":[32],"product_cat":[30,31],"product_tag":[],"class_list":{"0":"post-393","1":"product","2":"type-product","3":"status-publish","4":"has-post-thumbnail","6":"product_brand-qarmax","7":"product_cat-produkty","8":"product_cat-smary","10":"first","11":"instock","12":"shipping-taxable","13":"purchasable","14":"product-type-simple"},"acf":[],"_links":{"self":[{"href":"https:\/\/syntaco.pl\/sklep\/wp-json\/wp\/v2\/product\/393","targetHints":{"allow":["GET"]}}],"collection":[{"href":"https:\/\/syntaco.pl\/sklep\/wp-json\/wp\/v2\/product"}],"about":[{"href":"https:\/\/syntaco.pl\/sklep\/wp-json\/wp\/v2\/types\/product"}],"wp:featuredmedia":[{"embeddable":true,"href":"https:\/\/syntaco.pl\/sklep\/wp-json\/wp\/v2\/media\/392"}],"wp:attachment":[{"href":"https:\/\/syntaco.pl\/sklep\/wp-json\/wp\/v2\/media?parent=393"}],"wp:term":[{"taxonomy":"product_brand","embeddable":true,"href":"https:\/\/syntaco.pl\/sklep\/wp-json\/wp\/v2\/product_brand?post=393"},{"taxonomy":"product_cat","embeddable":true,"href":"https:\/\/syntaco.pl\/sklep\/wp-json\/wp\/v2\/product_cat?post=393"},{"taxonomy":"product_tag","embeddable":true,"href":"https:\/\/syntaco.pl\/sklep\/wp-json\/wp\/v2\/product_tag?post=393"}],"curies":[{"name":"wp","href":"https:\/\/api.w.org\/{rel}","templated":true}]}}