{"id":391,"date":"2025-12-19T10:10:32","date_gmt":"2025-12-19T09:10:32","guid":{"rendered":"https:\/\/syntaco.artneo.pl\/produkt\/qarmax-smar-lt-4s-2-45kg\/"},"modified":"2026-04-04T09:31:25","modified_gmt":"2026-04-04T07:31:25","slug":"qarmax-smar-lt-4s-2-45kg","status":"publish","type":"product","link":"https:\/\/syntaco.pl\/sklep\/produkt\/qarmax-smar-lt-4s-2-45kg\/","title":{"rendered":"QARMAX SMAR \u0141T-4S-2 4,5kg"},"content":{"rendered":"<p>Do smarowania \u0142o\u017cysk tocznych w pojazdach samochodowych oraz innych urz\u0105dzeniach pracuj\u0105cych w warunkach wymagaj\u0105cych wysokiej stabilno\u015bci mechanicznej smaru. Odporny na proces starzenia i dzia\u0142anie wody.<br \/>\n-30\u00b0C + 130\u00b0C<\/p>\n","protected":false},"excerpt":{"rendered":"<p>Do smarowania \u0142o\u017cysk tocznych w pojazdach samochodowych oraz innych urz\u0105dzeniach pracuj\u0105cych w warunkach wymagaj\u0105cych wysokiej stabilno\u015bci mechanicznej smaru. Odporny na proces starzenia i dzia\u0142anie wody. -30\u00b0C + 130\u00b0C<\/p>\n","protected":false},"featured_media":388,"template":"","meta":{"_acf_changed":false},"product_brand":[32],"product_cat":[30,31],"product_tag":[],"class_list":{"0":"post-391","1":"product","2":"type-product","3":"status-publish","4":"has-post-thumbnail","6":"product_brand-qarmax","7":"product_cat-produkty","8":"product_cat-smary","10":"first","11":"instock","12":"shipping-taxable","13":"purchasable","14":"product-type-simple"},"acf":[],"_links":{"self":[{"href":"https:\/\/syntaco.pl\/sklep\/wp-json\/wp\/v2\/product\/391","targetHints":{"allow":["GET"]}}],"collection":[{"href":"https:\/\/syntaco.pl\/sklep\/wp-json\/wp\/v2\/product"}],"about":[{"href":"https:\/\/syntaco.pl\/sklep\/wp-json\/wp\/v2\/types\/product"}],"wp:featuredmedia":[{"embeddable":true,"href":"https:\/\/syntaco.pl\/sklep\/wp-json\/wp\/v2\/media\/388"}],"wp:attachment":[{"href":"https:\/\/syntaco.pl\/sklep\/wp-json\/wp\/v2\/media?parent=391"}],"wp:term":[{"taxonomy":"product_brand","embeddable":true,"href":"https:\/\/syntaco.pl\/sklep\/wp-json\/wp\/v2\/product_brand?post=391"},{"taxonomy":"product_cat","embeddable":true,"href":"https:\/\/syntaco.pl\/sklep\/wp-json\/wp\/v2\/product_cat?post=391"},{"taxonomy":"product_tag","embeddable":true,"href":"https:\/\/syntaco.pl\/sklep\/wp-json\/wp\/v2\/product_tag?post=391"}],"curies":[{"name":"wp","href":"https:\/\/api.w.org\/{rel}","templated":true}]}}