{"id":369,"date":"2025-12-19T10:10:07","date_gmt":"2025-12-19T09:10:07","guid":{"rendered":"https:\/\/syntaco.artneo.pl\/produkt\/bmw-tpt-ll04-5w-30-1l-oem-83212465849\/"},"modified":"2026-03-27T08:29:32","modified_gmt":"2026-03-27T07:29:32","slug":"bmw-tpt-ll04-5w-30-1l-oem-83212465849","status":"publish","type":"product","link":"https:\/\/syntaco.pl\/sklep\/produkt\/bmw-tpt-ll04-5w-30-1l-oem-83212465849\/","title":{"rendered":"BMW TPT LL04 5W-30 1L OEM 83212465849"},"content":{"rendered":"<p>BMW TPT 5W30 LL04 syntetyczny olej silnikowy przeznaczony do silnik\u00f3w benzynowych i diesla. Wspiera zalety silnik\u00f3w BMW i zapewnia pe\u0142en rozw\u00f3j mocy przy wysokiej wydajno\u015bci. Ich zoptymalizowana lepko\u015b\u0107 umo\u017cliwia lepsze w\u0142a\u015bciwo\u015bci rozruchowe zimnego silnika i zapewnia sta\u0142y dop\u0142yw mocy. Olej ten zawiera ponadto aktywn\u0105 technologi\u0119 czyszczenia oraz zintegrowan\u0105 ochron\u0119 przed korozj\u0105 i \u015bcieraniem. Utrzymuje to silnik w niemal fabrycznej czystos\u0107i i wyd\u0142u\u017ca jego \u017cywotno\u015b\u0107.<\/p>\n","protected":false},"excerpt":{"rendered":"<p>BMW TPT 5W30 LL04 syntetyczny olej silnikowy przeznaczony do silnik\u00f3w benzynowych i diesla. Wspiera zalety silnik\u00f3w BMW i zapewnia pe\u0142en rozw\u00f3j mocy przy wysokiej wydajno\u015bci. Ich zoptymalizowana lepko\u015b\u0107 umo\u017cliwia lepsze w\u0142a\u015bciwo\u015bci rozruchowe zimnego silnika i zapewnia sta\u0142y dop\u0142yw mocy. Olej ten zawiera ponadto aktywn\u0105 technologi\u0119 czyszczenia oraz zintegrowan\u0105 ochron\u0119 przed korozj\u0105 i \u015bcieraniem. Utrzymuje to [&hellip;]<\/p>\n","protected":false},"featured_media":367,"template":"","meta":{"_acf_changed":false},"product_brand":[35],"product_cat":[59],"product_tag":[],"class_list":{"0":"post-369","1":"product","2":"type-product","3":"status-publish","4":"has-post-thumbnail","6":"product_brand-bmw","7":"product_cat-oleje-silnikowe","9":"first","10":"instock","11":"shipping-taxable","12":"purchasable","13":"product-type-simple"},"acf":[],"_links":{"self":[{"href":"https:\/\/syntaco.pl\/sklep\/wp-json\/wp\/v2\/product\/369","targetHints":{"allow":["GET"]}}],"collection":[{"href":"https:\/\/syntaco.pl\/sklep\/wp-json\/wp\/v2\/product"}],"about":[{"href":"https:\/\/syntaco.pl\/sklep\/wp-json\/wp\/v2\/types\/product"}],"wp:featuredmedia":[{"embeddable":true,"href":"https:\/\/syntaco.pl\/sklep\/wp-json\/wp\/v2\/media\/367"}],"wp:attachment":[{"href":"https:\/\/syntaco.pl\/sklep\/wp-json\/wp\/v2\/media?parent=369"}],"wp:term":[{"taxonomy":"product_brand","embeddable":true,"href":"https:\/\/syntaco.pl\/sklep\/wp-json\/wp\/v2\/product_brand?post=369"},{"taxonomy":"product_cat","embeddable":true,"href":"https:\/\/syntaco.pl\/sklep\/wp-json\/wp\/v2\/product_cat?post=369"},{"taxonomy":"product_tag","embeddable":true,"href":"https:\/\/syntaco.pl\/sklep\/wp-json\/wp\/v2\/product_tag?post=369"}],"curies":[{"name":"wp","href":"https:\/\/api.w.org\/{rel}","templated":true}]}}