{"id":364,"date":"2025-12-19T10:10:02","date_gmt":"2025-12-19T09:10:02","guid":{"rendered":"https:\/\/syntaco.artneo.pl\/produkt\/ford-motorcraft-a5-5w-30-208l-formula-f-oem-15cf52\/"},"modified":"2026-01-14T16:31:18","modified_gmt":"2026-01-14T15:31:18","slug":"ford-motorcraft-a5-5w-30-208l-formula-f-oem-15cf52","status":"publish","type":"product","link":"https:\/\/syntaco.pl\/sklep\/produkt\/ford-motorcraft-a5-5w-30-208l-formula-f-oem-15cf52\/","title":{"rendered":"FORD MOTORCRAFT A5 5W-30 208L (FORMULA F ) OEM 15CF52"},"content":{"rendered":"<p>FORD MOTORCRAFT A5 5W-30 spa\u0142nia wymagania najnowszych standard\u00f3w jako\u015bci i zapewnia doskona\u0142e osi\u0105gi silnika. Olej Ford-Motocraft jest rekomendowany do uzycia w samochodach osobowych i lekkich autach dostawczych.<br \/>\nZalety:<br \/>\nWysoki poziom ochrony nowoczesnych silnik\u00f3w benzynowych i wysokopr\u0119\u017cnych,<br \/>\nbardzo dobre w\u0142a\u015bciwo\u015bci podczas zimnego startu silnika w niskich temperaturach, skuteczne smarowanie komponent\u00f3w silnika, co zapobiega zu\u017cyciu podczas rozruchu,<br \/>\nspe\u0142nia du\u017c\u0105 cz\u0119\u015b\u0107 specyfikacji Forda,<br \/>\nACEA A1\/B1, A5\/B5<br \/>\nAPI SM\/CF<br \/>\nILSAC GF-4<br \/>\nMeets Ford WSS-M2C913-A; WSS-M2C913-B; WSS-M2C913-C; WSS-M2C913-D,<br \/>\n&#8212;&#8212;&#8212;&#8212;&#8212;&#8212;&#8212;&#8212;&#8212;&#8212;&#8212;&#8212;&#8212;&#8212;&#8212;&#8212;&#8212;&#8212;&#8212;&#8212;&#8212;&#8212;&#8212;&#8212;&#8212;&#8212;&#8212;&#8212;&#8212;&#8212;&#8212;&#8212;<br \/>\n80723406<\/p>\n","protected":false},"excerpt":{"rendered":"<p>FORD MOTORCRAFT A5 5W-30 spa\u0142nia wymagania najnowszych standard\u00f3w jako\u015bci i zapewnia doskona\u0142e osi\u0105gi silnika. Olej Ford-Motocraft jest rekomendowany do uzycia w samochodach osobowych i lekkich autach dostawczych. Zalety: Wysoki poziom ochrony nowoczesnych silnik\u00f3w benzynowych i wysokopr\u0119\u017cnych, bardzo dobre w\u0142a\u015bciwo\u015bci podczas zimnego startu silnika w niskich temperaturach, skuteczne smarowanie komponent\u00f3w silnika, co zapobiega zu\u017cyciu podczas rozruchu, [&hellip;]<\/p>\n","protected":false},"featured_media":363,"template":"","meta":{"_acf_changed":false},"product_brand":[34],"product_cat":[59],"product_tag":[],"class_list":{"0":"post-364","1":"product","2":"type-product","3":"status-publish","4":"has-post-thumbnail","6":"product_brand-ford","7":"product_cat-oleje-silnikowe","9":"first","10":"instock","11":"shipping-taxable","12":"purchasable","13":"product-type-simple"},"acf":[],"_links":{"self":[{"href":"https:\/\/syntaco.pl\/sklep\/wp-json\/wp\/v2\/product\/364","targetHints":{"allow":["GET"]}}],"collection":[{"href":"https:\/\/syntaco.pl\/sklep\/wp-json\/wp\/v2\/product"}],"about":[{"href":"https:\/\/syntaco.pl\/sklep\/wp-json\/wp\/v2\/types\/product"}],"wp:featuredmedia":[{"embeddable":true,"href":"https:\/\/syntaco.pl\/sklep\/wp-json\/wp\/v2\/media\/363"}],"wp:attachment":[{"href":"https:\/\/syntaco.pl\/sklep\/wp-json\/wp\/v2\/media?parent=364"}],"wp:term":[{"taxonomy":"product_brand","embeddable":true,"href":"https:\/\/syntaco.pl\/sklep\/wp-json\/wp\/v2\/product_brand?post=364"},{"taxonomy":"product_cat","embeddable":true,"href":"https:\/\/syntaco.pl\/sklep\/wp-json\/wp\/v2\/product_cat?post=364"},{"taxonomy":"product_tag","embeddable":true,"href":"https:\/\/syntaco.pl\/sklep\/wp-json\/wp\/v2\/product_tag?post=364"}],"curies":[{"name":"wp","href":"https:\/\/api.w.org\/{rel}","templated":true}]}}