{"id":354,"date":"2025-12-19T10:09:53","date_gmt":"2025-12-19T09:09:53","guid":{"rendered":"https:\/\/syntaco.artneo.pl\/produkt\/qarmax-smar-ep-1-180kg\/"},"modified":"2026-04-04T09:31:18","modified_gmt":"2026-04-04T07:31:18","slug":"qarmax-smar-ep-1-180kg","status":"publish","type":"product","link":"https:\/\/syntaco.pl\/sklep\/produkt\/qarmax-smar-ep-1-180kg\/","title":{"rendered":"QARMAX SMAR EP-1 180kg"},"content":{"rendered":"<p>Smar EP 1 przeznaczony jest do stosowania w przemy\u015ble samochodowym, budowlanym, morskim i innych bran\u017cach wymagaj\u0105cych stosowania smaru o bardzo dobrej odporno\u015bci na wymywanie wod\u0105 oraz<br \/>\ndobrej zdolno\u015bci do przenoszenia du\u017cych obci\u0105\u017ce\u0144 dzi\u0119ki specjalnym dodatkom EP. Zalecany jest to \u0142o\u017cysk tocznych k\u00f3\u0142 samochod\u00f3w ci\u0119\u017carowych, maszyn rolniczych, element\u00f3w podwozia i innych \u0142o\u017cysk nara\u017conych na wstrz\u0105sy i wibracje pracuj\u0105cych przy wysokich pr\u0119dko\u015bciach<br \/>\nDo smarowania zamkni\u0119tych przek\u0142adni z\u0119batych, walcowych i sto\u017ckowych przy \u015brednim uszczelnieniu i \u015brednim zakresie temperatur pracy przek\u0142adni.<br \/>\nDo smarowania \u0142o\u017cysk tocznych pracuj\u0105cych przy wysokich obci\u0105\u017ceniach promieniowych, udarowych i osiowych.<\/p>\n","protected":false},"excerpt":{"rendered":"<p>Smar EP 1 przeznaczony jest do stosowania w przemy\u015ble samochodowym, budowlanym, morskim i innych bran\u017cach wymagaj\u0105cych stosowania smaru o bardzo dobrej odporno\u015bci na wymywanie wod\u0105 oraz dobrej zdolno\u015bci do przenoszenia du\u017cych obci\u0105\u017ce\u0144 dzi\u0119ki specjalnym dodatkom EP. Zalecany jest to \u0142o\u017cysk tocznych k\u00f3\u0142 samochod\u00f3w ci\u0119\u017carowych, maszyn rolniczych, element\u00f3w podwozia i innych \u0142o\u017cysk nara\u017conych na wstrz\u0105sy i [&hellip;]<\/p>\n","protected":false},"featured_media":353,"template":"","meta":{"_acf_changed":false},"product_brand":[32],"product_cat":[30,31],"product_tag":[],"class_list":{"0":"post-354","1":"product","2":"type-product","3":"status-publish","4":"has-post-thumbnail","6":"product_brand-qarmax","7":"product_cat-produkty","8":"product_cat-smary","10":"first","11":"instock","12":"shipping-taxable","13":"purchasable","14":"product-type-simple"},"acf":[],"_links":{"self":[{"href":"https:\/\/syntaco.pl\/sklep\/wp-json\/wp\/v2\/product\/354","targetHints":{"allow":["GET"]}}],"collection":[{"href":"https:\/\/syntaco.pl\/sklep\/wp-json\/wp\/v2\/product"}],"about":[{"href":"https:\/\/syntaco.pl\/sklep\/wp-json\/wp\/v2\/types\/product"}],"wp:featuredmedia":[{"embeddable":true,"href":"https:\/\/syntaco.pl\/sklep\/wp-json\/wp\/v2\/media\/353"}],"wp:attachment":[{"href":"https:\/\/syntaco.pl\/sklep\/wp-json\/wp\/v2\/media?parent=354"}],"wp:term":[{"taxonomy":"product_brand","embeddable":true,"href":"https:\/\/syntaco.pl\/sklep\/wp-json\/wp\/v2\/product_brand?post=354"},{"taxonomy":"product_cat","embeddable":true,"href":"https:\/\/syntaco.pl\/sklep\/wp-json\/wp\/v2\/product_cat?post=354"},{"taxonomy":"product_tag","embeddable":true,"href":"https:\/\/syntaco.pl\/sklep\/wp-json\/wp\/v2\/product_tag?post=354"}],"curies":[{"name":"wp","href":"https:\/\/api.w.org\/{rel}","templated":true}]}}