{"id":330,"date":"2025-12-19T10:09:28","date_gmt":"2025-12-19T09:09:28","guid":{"rendered":"https:\/\/syntaco.artneo.pl\/produkt\/qarmax-smar-complex-blue-ep-2-9kg\/"},"modified":"2026-04-04T09:31:10","modified_gmt":"2026-04-04T07:31:10","slug":"qarmax-smar-complex-blue-ep-2-9kg","status":"publish","type":"product","link":"https:\/\/syntaco.pl\/sklep\/produkt\/qarmax-smar-complex-blue-ep-2-9kg\/","title":{"rendered":"QARMAX SMAR COMPLEX BLUE EP-2 9kg"},"content":{"rendered":"<p>Smary Complex Blue EP 1, 2, 3 przeznaczone s\u0105 do stosowania w przemy\u015ble samochodowym, budowlanym, morskim i innych bran\u017cach wymagaj\u0105cych stosowania smaru o bardzo dobrej odporno\u015bci na wymywanie wod\u0105 oraz dobrej zdolno\u015bci do przenoszenia du\u017cych obci\u0105\u017ce\u0144 dzi\u0119ki specjalnym dodatkom EP. Zalecany jest to \u0142o\u017cysk tocznych k\u00f3\u0142 samochod\u00f3w ci\u0119\u017carowych, maszyn rolniczych, element\u00f3w podwozia i innych \u0142o\u017cysk nara\u017conych na wstrz\u0105sy i wibracje pracuj\u0105cych przy wysokich pr\u0119dko\u015bciach.<br \/>\n-30\u00b0C + 200\u00b0C; kr\u00f3tkotrwale do +220\u00b0C<\/p>\n","protected":false},"excerpt":{"rendered":"<p>Smary Complex Blue EP 1, 2, 3 przeznaczone s\u0105 do stosowania w przemy\u015ble samochodowym, budowlanym, morskim i innych bran\u017cach wymagaj\u0105cych stosowania smaru o bardzo dobrej odporno\u015bci na wymywanie wod\u0105 oraz dobrej zdolno\u015bci do przenoszenia du\u017cych obci\u0105\u017ce\u0144 dzi\u0119ki specjalnym dodatkom EP. Zalecany jest to \u0142o\u017cysk tocznych k\u00f3\u0142 samochod\u00f3w ci\u0119\u017carowych, maszyn rolniczych, element\u00f3w podwozia i innych \u0142o\u017cysk [&hellip;]<\/p>\n","protected":false},"featured_media":328,"template":"","meta":{"_acf_changed":false},"product_brand":[32],"product_cat":[30,31],"product_tag":[],"class_list":{"0":"post-330","1":"product","2":"type-product","3":"status-publish","4":"has-post-thumbnail","6":"product_brand-qarmax","7":"product_cat-produkty","8":"product_cat-smary","10":"first","11":"instock","12":"shipping-taxable","13":"purchasable","14":"product-type-simple"},"acf":[],"_links":{"self":[{"href":"https:\/\/syntaco.pl\/sklep\/wp-json\/wp\/v2\/product\/330","targetHints":{"allow":["GET"]}}],"collection":[{"href":"https:\/\/syntaco.pl\/sklep\/wp-json\/wp\/v2\/product"}],"about":[{"href":"https:\/\/syntaco.pl\/sklep\/wp-json\/wp\/v2\/types\/product"}],"wp:featuredmedia":[{"embeddable":true,"href":"https:\/\/syntaco.pl\/sklep\/wp-json\/wp\/v2\/media\/328"}],"wp:attachment":[{"href":"https:\/\/syntaco.pl\/sklep\/wp-json\/wp\/v2\/media?parent=330"}],"wp:term":[{"taxonomy":"product_brand","embeddable":true,"href":"https:\/\/syntaco.pl\/sklep\/wp-json\/wp\/v2\/product_brand?post=330"},{"taxonomy":"product_cat","embeddable":true,"href":"https:\/\/syntaco.pl\/sklep\/wp-json\/wp\/v2\/product_cat?post=330"},{"taxonomy":"product_tag","embeddable":true,"href":"https:\/\/syntaco.pl\/sklep\/wp-json\/wp\/v2\/product_tag?post=330"}],"curies":[{"name":"wp","href":"https:\/\/api.w.org\/{rel}","templated":true}]}}