{"id":306,"date":"2025-12-19T10:09:07","date_gmt":"2025-12-19T09:09:07","guid":{"rendered":"https:\/\/syntaco.artneo.pl\/produkt\/qarmax-smar-epx-00-000-45kg\/"},"modified":"2026-04-04T09:31:05","modified_gmt":"2026-04-04T07:31:05","slug":"qarmax-smar-epx-00-000-45kg","status":"publish","type":"product","link":"https:\/\/syntaco.pl\/sklep\/produkt\/qarmax-smar-epx-00-000-45kg\/","title":{"rendered":"QARMAX SMAR EPX-00\/000 4,5kg"},"content":{"rendered":"<p>Do smarowania zamkni\u0119tych przek\u0142adni z\u0119batych, walcowych i sto\u017ckowych przy \u015brednim uszczelnieniu i \u015brednim zakresie temperatur pracy przek\u0142adni.<\/p>\n","protected":false},"excerpt":{"rendered":"<p>Do smarowania zamkni\u0119tych przek\u0142adni z\u0119batych, walcowych i sto\u017ckowych przy \u015brednim uszczelnieniu i \u015brednim zakresie temperatur pracy przek\u0142adni.<\/p>\n","protected":false},"featured_media":304,"template":"","meta":{"_acf_changed":false},"product_brand":[32],"product_cat":[30,31],"product_tag":[],"class_list":{"0":"post-306","1":"product","2":"type-product","3":"status-publish","4":"has-post-thumbnail","6":"product_brand-qarmax","7":"product_cat-produkty","8":"product_cat-smary","10":"first","11":"instock","12":"shipping-taxable","13":"purchasable","14":"product-type-simple"},"acf":[],"_links":{"self":[{"href":"https:\/\/syntaco.pl\/sklep\/wp-json\/wp\/v2\/product\/306","targetHints":{"allow":["GET"]}}],"collection":[{"href":"https:\/\/syntaco.pl\/sklep\/wp-json\/wp\/v2\/product"}],"about":[{"href":"https:\/\/syntaco.pl\/sklep\/wp-json\/wp\/v2\/types\/product"}],"wp:featuredmedia":[{"embeddable":true,"href":"https:\/\/syntaco.pl\/sklep\/wp-json\/wp\/v2\/media\/304"}],"wp:attachment":[{"href":"https:\/\/syntaco.pl\/sklep\/wp-json\/wp\/v2\/media?parent=306"}],"wp:term":[{"taxonomy":"product_brand","embeddable":true,"href":"https:\/\/syntaco.pl\/sklep\/wp-json\/wp\/v2\/product_brand?post=306"},{"taxonomy":"product_cat","embeddable":true,"href":"https:\/\/syntaco.pl\/sklep\/wp-json\/wp\/v2\/product_cat?post=306"},{"taxonomy":"product_tag","embeddable":true,"href":"https:\/\/syntaco.pl\/sklep\/wp-json\/wp\/v2\/product_tag?post=306"}],"curies":[{"name":"wp","href":"https:\/\/api.w.org\/{rel}","templated":true}]}}