{"id":275,"date":"2025-12-19T10:08:40","date_gmt":"2025-12-19T09:08:40","guid":{"rendered":"https:\/\/syntaco.artneo.pl\/produkt\/qarmax-smar-stp-45kg\/"},"modified":"2026-04-04T09:30:57","modified_gmt":"2026-04-04T07:30:57","slug":"qarmax-smar-stp-45kg","status":"publish","type":"product","link":"https:\/\/syntaco.pl\/sklep\/produkt\/qarmax-smar-stp-45kg\/","title":{"rendered":"QARMAX SMAR STP 4,5kg"},"content":{"rendered":"<p>Do smarowania podwozi pojazd\u00f3w mechanicznych ( sworzni, przegub\u00f3w itp. ). Smar odporny na dzia\u0142anie zimnej wody. Nie nadaje si\u0119 do smarowania \u0142o\u017cysk tocznych. Zakres temp. pracy od -10oC do 60oC.<\/p>\n","protected":false},"excerpt":{"rendered":"<p>Do smarowania podwozi pojazd\u00f3w mechanicznych ( sworzni, przegub\u00f3w itp. ). Smar odporny na dzia\u0142anie zimnej wody. Nie nadaje si\u0119 do smarowania \u0142o\u017cysk tocznych. Zakres temp. pracy od -10oC do 60oC.<\/p>\n","protected":false},"featured_media":272,"template":"","meta":{"_acf_changed":false},"product_brand":[32],"product_cat":[30,31],"product_tag":[],"class_list":{"0":"post-275","1":"product","2":"type-product","3":"status-publish","4":"has-post-thumbnail","6":"product_brand-qarmax","7":"product_cat-produkty","8":"product_cat-smary","10":"first","11":"instock","12":"shipping-taxable","13":"purchasable","14":"product-type-simple"},"acf":[],"_links":{"self":[{"href":"https:\/\/syntaco.pl\/sklep\/wp-json\/wp\/v2\/product\/275","targetHints":{"allow":["GET"]}}],"collection":[{"href":"https:\/\/syntaco.pl\/sklep\/wp-json\/wp\/v2\/product"}],"about":[{"href":"https:\/\/syntaco.pl\/sklep\/wp-json\/wp\/v2\/types\/product"}],"wp:featuredmedia":[{"embeddable":true,"href":"https:\/\/syntaco.pl\/sklep\/wp-json\/wp\/v2\/media\/272"}],"wp:attachment":[{"href":"https:\/\/syntaco.pl\/sklep\/wp-json\/wp\/v2\/media?parent=275"}],"wp:term":[{"taxonomy":"product_brand","embeddable":true,"href":"https:\/\/syntaco.pl\/sklep\/wp-json\/wp\/v2\/product_brand?post=275"},{"taxonomy":"product_cat","embeddable":true,"href":"https:\/\/syntaco.pl\/sklep\/wp-json\/wp\/v2\/product_cat?post=275"},{"taxonomy":"product_tag","embeddable":true,"href":"https:\/\/syntaco.pl\/sklep\/wp-json\/wp\/v2\/product_tag?post=275"}],"curies":[{"name":"wp","href":"https:\/\/api.w.org\/{rel}","templated":true}]}}