{"id":259,"date":"2025-12-19T10:08:22","date_gmt":"2025-12-19T09:08:22","guid":{"rendered":"https:\/\/syntaco.artneo.pl\/produkt\/qarmax-smar-lt-43-9kg\/"},"modified":"2026-04-04T09:30:54","modified_gmt":"2026-04-04T07:30:54","slug":"qarmax-smar-lt-43-9kg","status":"publish","type":"product","link":"https:\/\/syntaco.pl\/sklep\/produkt\/qarmax-smar-lt-43-9kg\/","title":{"rendered":"QARMAX SMAR \u0141T-43 9kg"},"content":{"rendered":"<p>Zastosowanie: do smarowania \u0142o\u017cysk tocznych, \u015blizgowych i innych element\u00f3w tr\u0105cych maszyn rolniczych, urz\u0105dze\u0144 przemys\u0142owych pracuj\u0105cych w warunkach, kt\u00f3re wymagaj\u0105 wysokiej stabilno\u015bci mechanicznej smaru, odporno\u015b\u0107 na starzenie i dobrych w\u0142asno\u015bci antykorozyjnych. Zakres temperatury pracy od \u201330\u00b0C do 140\u00b0C. Odporny na dzia\u0142anie zimnej wody.<\/p>\n","protected":false},"excerpt":{"rendered":"<p>Zastosowanie: do smarowania \u0142o\u017cysk tocznych, \u015blizgowych i innych element\u00f3w tr\u0105cych maszyn rolniczych, urz\u0105dze\u0144 przemys\u0142owych pracuj\u0105cych w warunkach, kt\u00f3re wymagaj\u0105 wysokiej stabilno\u015bci mechanicznej smaru, odporno\u015b\u0107 na starzenie i dobrych w\u0142asno\u015bci antykorozyjnych. Zakres temperatury pracy od \u201330\u00b0C do 140\u00b0C. Odporny na dzia\u0142anie zimnej wody.<\/p>\n","protected":false},"featured_media":256,"template":"","meta":{"_acf_changed":false},"product_brand":[32],"product_cat":[30,31],"product_tag":[],"class_list":{"0":"post-259","1":"product","2":"type-product","3":"status-publish","4":"has-post-thumbnail","6":"product_brand-qarmax","7":"product_cat-produkty","8":"product_cat-smary","10":"first","11":"instock","12":"shipping-taxable","13":"purchasable","14":"product-type-simple"},"acf":[],"_links":{"self":[{"href":"https:\/\/syntaco.pl\/sklep\/wp-json\/wp\/v2\/product\/259","targetHints":{"allow":["GET"]}}],"collection":[{"href":"https:\/\/syntaco.pl\/sklep\/wp-json\/wp\/v2\/product"}],"about":[{"href":"https:\/\/syntaco.pl\/sklep\/wp-json\/wp\/v2\/types\/product"}],"wp:featuredmedia":[{"embeddable":true,"href":"https:\/\/syntaco.pl\/sklep\/wp-json\/wp\/v2\/media\/256"}],"wp:attachment":[{"href":"https:\/\/syntaco.pl\/sklep\/wp-json\/wp\/v2\/media?parent=259"}],"wp:term":[{"taxonomy":"product_brand","embeddable":true,"href":"https:\/\/syntaco.pl\/sklep\/wp-json\/wp\/v2\/product_brand?post=259"},{"taxonomy":"product_cat","embeddable":true,"href":"https:\/\/syntaco.pl\/sklep\/wp-json\/wp\/v2\/product_cat?post=259"},{"taxonomy":"product_tag","embeddable":true,"href":"https:\/\/syntaco.pl\/sklep\/wp-json\/wp\/v2\/product_tag?post=259"}],"curies":[{"name":"wp","href":"https:\/\/api.w.org\/{rel}","templated":true}]}}